{"id":15490,"date":"2024-07-22T13:11:17","date_gmt":"2024-07-22T13:11:17","guid":{"rendered":"https:\/\/airplantshop.nl\/?post_type=product&#038;p=15490"},"modified":"2026-03-09T08:32:14","modified_gmt":"2026-03-09T07:32:14","slug":"3x-ionantha-luchtplantjes","status":"publish","type":"product","link":"https:\/\/airplantshop.nl\/de\/product\/3x-ionantha-luchtplantjes\/","title":{"rendered":"3x Ionantha Luftpflantzen"},"content":{"rendered":"<p>The ionantha is a popular tillandsia, or air plant. The ionantha is often used in shells or sea urchins. This air plant fits perfectly with decorations. The tillandsia ionantha is an air plant that is easy to maintain.<\/p>\n<p class=\"p1\"><b>Ma\u00dfe: <\/b>+\/- 3 centimeter<b> (Hinweis: das ist klein!)<\/b><\/p>\n<p class=\"p1\"><b>Pflege: <\/b>Bespr\u00fchen Sie die Luftpflanze ein- bis zweimal pro Woche mit Regenwasser oder unserem N\u00e4hrstoffspray. Stellen Sie sicher, dass die Luftpflanze gen\u00fcgend indirektes Sonnenlicht und frische Luft bekommt.<\/p>\n<p class=\"p1\"><b>Achtung:<\/b> Jede Luftpflanze ist einzigartig, daher kann die bestellte Pflanze leicht von der Luftpflanze auf dem Foto abweichen.<\/p>","protected":false},"excerpt":{"rendered":"<p>Deze mix van luchtplantjes bestaat uit Tillandsia ionantha ionantha (rechte\/dunne bladeren die grijs\/groen van kleur zijn) en Tillandsia ionantha rubra (bladeren zijn ronder en groener van kleur zijn). Daarnaast krijg je of een ionantha scaposa of een ionantha fuego.<\/p>","protected":false},"featured_media":15725,"comment_status":"open","ping_status":"closed","template":"","meta":{"_acf_changed":false,"rs_blank_template":"","rs_page_bg_color":"","slide_template_v7":""},"product_brand":[],"product_cat":[154],"product_tag":[],"class_list":{"0":"post-15490","1":"product","2":"type-product","3":"status-publish","4":"has-post-thumbnail","6":"product_cat-airplants","8":"first","9":"instock","10":"taxable","11":"shipping-taxable","12":"purchasable","13":"product-type-simple","14":"add-to-wishlist-after_add_to_cart"},"acf":[],"_links":{"self":[{"href":"https:\/\/airplantshop.nl\/de\/wp-json\/wp\/v2\/product\/15490","targetHints":{"allow":["GET"]}}],"collection":[{"href":"https:\/\/airplantshop.nl\/de\/wp-json\/wp\/v2\/product"}],"about":[{"href":"https:\/\/airplantshop.nl\/de\/wp-json\/wp\/v2\/types\/product"}],"replies":[{"embeddable":true,"href":"https:\/\/airplantshop.nl\/de\/wp-json\/wp\/v2\/comments?post=15490"}],"wp:featuredmedia":[{"embeddable":true,"href":"https:\/\/airplantshop.nl\/de\/wp-json\/wp\/v2\/media\/15725"}],"wp:attachment":[{"href":"https:\/\/airplantshop.nl\/de\/wp-json\/wp\/v2\/media?parent=15490"}],"wp:term":[{"taxonomy":"product_brand","embeddable":true,"href":"https:\/\/airplantshop.nl\/de\/wp-json\/wp\/v2\/product_brand?post=15490"},{"taxonomy":"product_cat","embeddable":true,"href":"https:\/\/airplantshop.nl\/de\/wp-json\/wp\/v2\/product_cat?post=15490"},{"taxonomy":"product_tag","embeddable":true,"href":"https:\/\/airplantshop.nl\/de\/wp-json\/wp\/v2\/product_tag?post=15490"}],"curies":[{"name":"wp","href":"https:\/\/api.w.org\/{rel}","templated":true}]}}