{"id":15493,"date":"2024-07-22T15:11:17","date_gmt":"2024-07-22T13:11:17","guid":{"rendered":"https:\/\/airplantshop.nl\/?post_type=product&#038;p=15493"},"modified":"2026-04-04T12:50:38","modified_gmt":"2026-04-04T10:50:38","slug":"tillandsia-capitata-orange-xl","status":"publish","type":"product","link":"https:\/\/airplantshop.nl\/de\/product\/tillandsia-capitata-orange-xl\/","title":{"rendered":"Tillandsia Capitata Orange XL"},"content":{"rendered":"<p>De Tillandsia Capitata Orange XL zal van bladkleur veranderen zodra de plant in bloei komt. Dit is een prachtig gezicht.<br \/>\nDe bloem komt eerst als een stengel uit de kern groeien en zal vervolgens oranje van kleur worden. Daar heeft hij zijn naam aan de danken; &#8216;orange&#8217;.<\/p>\n<p class=\"p1\"><b>Ma\u00dfe: <\/b>+\/- 25 Zentimeter lang<\/p>\n<p class=\"p1\"><b>Pflege: <\/b>Bespr\u00fchen Sie die Luftpflanze ein- bis zweimal pro Woche mit Regenwasser oder unserem N\u00e4hrstoffspray. Sorgen Sie daf\u00fcr, dass die Tillandsia gen\u00fcgend indirektes Sonnenlicht und frische Luft bekommt.<\/p>\n<p class=\"p1\"><b>Herkunft: <\/b>Die Capitata-Orange stammt urspr\u00fcnglich aus Mexiko, aber diese spezielle Pflanze wurde in einer Baumschule in Indonesien gez\u00fcchtet.<\/p>\n<p class=\"p1\"><b>Achtung:<\/b> ieder luchtplantje is uniek, waardoor het bestelde plantje iets kan afwijken van het luchtplantje op de foto. Je krijgt deze plant niet standaard met een bloemstengel.<\/p>","protected":false},"excerpt":{"rendered":"<p>Die Tillandsia Capitata orange ist eine Art, die Sie anderswo nicht so schnell antreffen werden. Es handelt sich um eine Art mit sch\u00f6nen breiten Bl\u00e4ttern, die eine dunkelgr\u00fcne bis rote Farbe haben.<\/p>\n<p class=\"p1\">","protected":false},"featured_media":37555,"comment_status":"open","ping_status":"closed","template":"","meta":{"_acf_changed":false,"rs_blank_template":"","rs_page_bg_color":"","slide_template_v7":""},"product_brand":[],"product_cat":[154,188,157],"product_tag":[],"class_list":{"0":"post-15493","1":"product","2":"type-product","3":"status-publish","4":"has-post-thumbnail","6":"product_cat-airplants","7":"product_cat-favorieten","8":"product_cat-hybrids-unieke-soorten","10":"first","11":"instock","12":"taxable","13":"shipping-taxable","14":"purchasable","15":"product-type-simple","16":"add-to-wishlist-after_add_to_cart"},"acf":[],"_links":{"self":[{"href":"https:\/\/airplantshop.nl\/de\/wp-json\/wp\/v2\/product\/15493","targetHints":{"allow":["GET"]}}],"collection":[{"href":"https:\/\/airplantshop.nl\/de\/wp-json\/wp\/v2\/product"}],"about":[{"href":"https:\/\/airplantshop.nl\/de\/wp-json\/wp\/v2\/types\/product"}],"replies":[{"embeddable":true,"href":"https:\/\/airplantshop.nl\/de\/wp-json\/wp\/v2\/comments?post=15493"}],"wp:featuredmedia":[{"embeddable":true,"href":"https:\/\/airplantshop.nl\/de\/wp-json\/wp\/v2\/media\/37555"}],"wp:attachment":[{"href":"https:\/\/airplantshop.nl\/de\/wp-json\/wp\/v2\/media?parent=15493"}],"wp:term":[{"taxonomy":"product_brand","embeddable":true,"href":"https:\/\/airplantshop.nl\/de\/wp-json\/wp\/v2\/product_brand?post=15493"},{"taxonomy":"product_cat","embeddable":true,"href":"https:\/\/airplantshop.nl\/de\/wp-json\/wp\/v2\/product_cat?post=15493"},{"taxonomy":"product_tag","embeddable":true,"href":"https:\/\/airplantshop.nl\/de\/wp-json\/wp\/v2\/product_tag?post=15493"}],"curies":[{"name":"wp","href":"https:\/\/api.w.org\/{rel}","templated":true}]}}