{"id":15495,"date":"2024-07-22T15:11:17","date_gmt":"2024-07-22T13:11:17","guid":{"rendered":"https:\/\/airplantshop.nl\/?post_type=product&#038;p=15495"},"modified":"2026-04-12T10:53:04","modified_gmt":"2026-04-12T08:53:04","slug":"tillandsia-andreana-xl","status":"publish","type":"product","link":"https:\/\/airplantshop.nl\/de\/product\/tillandsia-andreana-xl\/","title":{"rendered":"Tillandsia Andreana XL"},"content":{"rendered":"<p>Die Tillandsia andreana XL ist eine besondere Luftpflanze. Mit seinen sch\u00f6nen d\u00fcnnen Bl\u00e4ttern und der runden Form ist er ein echter Hingucker. Diese Tillandsia sieht man nicht oft und schon gar nicht in dieser Gr\u00f6\u00dfe.<\/p>\n<p class=\"p1\"><b>Ma\u00dfe: <\/b>8 bis 10 Zentimeter<\/p>\n<p class=\"p1\"><b>Pflege: <\/b>Bespr\u00fchen Sie die Luftpflanze ein- bis zweimal pro Woche mit Regenwasser oder unserem N\u00e4hrstoffspray. Stellen Sie sicher, dass die Luftpflanze gen\u00fcgend indirektes Sonnenlicht und frische Luft bekommt. Merken Sie, dass die Blattspitzen trocken werden? Dann k\u00f6nnen Sie diese Tillandsia \u00f6fter bespr\u00fchen.<\/p>\n<p class=\"p1\"><b>Herkunft: <\/b>Colombia<\/p>\n<p class=\"p1\"><b>Achtung:<\/b> Jede Luftpflanze ist einzigartig, daher kann die bestellte Pflanze leicht von der Luftpflanze auf dem Foto abweichen.<\/p>\n<p class=\"p1\">","protected":false},"excerpt":{"rendered":"<p>Die Tillandsia andreana XL ist eine besondere Luftpflanze. Mit seinen sch\u00f6nen d\u00fcnnen Bl\u00e4ttern und der runden Form ist er ein echter Hingucker. Diese Tillandsia sieht man nicht oft und schon gar nicht in dieser Gr\u00f6\u00dfe.<\/p>","protected":false},"featured_media":15496,"comment_status":"open","ping_status":"closed","template":"","meta":{"_acf_changed":false,"rs_blank_template":"","rs_page_bg_color":"","slide_template_v7":""},"product_brand":[],"product_cat":[154,168],"product_tag":[],"class_list":{"0":"post-15495","1":"product","2":"type-product","3":"status-publish","4":"has-post-thumbnail","6":"product_cat-airplants","7":"product_cat-sale","9":"first","10":"instock","11":"sale","12":"taxable","13":"shipping-taxable","14":"purchasable","15":"product-type-simple","16":"add-to-wishlist-after_add_to_cart"},"acf":[],"_links":{"self":[{"href":"https:\/\/airplantshop.nl\/de\/wp-json\/wp\/v2\/product\/15495","targetHints":{"allow":["GET"]}}],"collection":[{"href":"https:\/\/airplantshop.nl\/de\/wp-json\/wp\/v2\/product"}],"about":[{"href":"https:\/\/airplantshop.nl\/de\/wp-json\/wp\/v2\/types\/product"}],"replies":[{"embeddable":true,"href":"https:\/\/airplantshop.nl\/de\/wp-json\/wp\/v2\/comments?post=15495"}],"wp:featuredmedia":[{"embeddable":true,"href":"https:\/\/airplantshop.nl\/de\/wp-json\/wp\/v2\/media\/15496"}],"wp:attachment":[{"href":"https:\/\/airplantshop.nl\/de\/wp-json\/wp\/v2\/media?parent=15495"}],"wp:term":[{"taxonomy":"product_brand","embeddable":true,"href":"https:\/\/airplantshop.nl\/de\/wp-json\/wp\/v2\/product_brand?post=15495"},{"taxonomy":"product_cat","embeddable":true,"href":"https:\/\/airplantshop.nl\/de\/wp-json\/wp\/v2\/product_cat?post=15495"},{"taxonomy":"product_tag","embeddable":true,"href":"https:\/\/airplantshop.nl\/de\/wp-json\/wp\/v2\/product_tag?post=15495"}],"curies":[{"name":"wp","href":"https:\/\/api.w.org\/{rel}","templated":true}]}}