{"id":15497,"date":"2024-07-22T13:11:17","date_gmt":"2024-07-22T13:11:17","guid":{"rendered":"https:\/\/airplantshop.nl\/?post_type=product&#038;p=15497"},"modified":"2026-04-11T10:11:23","modified_gmt":"2026-04-11T08:11:23","slug":"tillandsia-ionantha-rubra","status":"publish","type":"product","link":"https:\/\/airplantshop.nl\/de\/product\/tillandsia-ionantha-rubra\/","title":{"rendered":"Tillandsia Ionantha Rubra"},"content":{"rendered":"<p>Diese Ionantha ist die Sorte \u201eRubra\u201c. Eine wundersch\u00f6ne Luftpflanze mit robusten Bl\u00e4ttern. Diese Tillandsia hat eine gr\u00fcne Farbe und kann w\u00e4hrend der Bl\u00fcte leuchtend rot werden.<\/p>\n<p class=\"p1\"><b>Ma\u00dfe: <\/b>Small, Medium, Large &amp; XL<\/p>\n<p class=\"p1\"><b>Pflege: <\/b>Bespr\u00fchen Sie die Luftpflanze ein- bis zweimal pro Woche mit Regenwasser oder unserem N\u00e4hrstoffspray. Stellen Sie sicher, dass die Luftpflanze gen\u00fcgend indirektes Sonnenlicht und frische Luft bekommt.<\/p>\n<p class=\"p1\"><b>Achtung:<\/b> Jede Luftpflanze ist einzigartig, daher kann die bestellte Pflanze leicht von der Luftpflanze auf dem Foto abweichen.<\/p>\n<p class=\"p1\">","protected":false},"excerpt":{"rendered":"<p>Diese Ionantha ist die Sorte \u201eRubra\u201c. Eine wundersch\u00f6ne Luftpflanze mit robusten Bl\u00e4ttern. Diese Tillandsia hat eine gr\u00fcne Farbe und kann w\u00e4hrend der Bl\u00fcte leuchtend rot werden.<\/p>","protected":false},"featured_media":15507,"comment_status":"open","ping_status":"closed","template":"","meta":{"_acf_changed":false,"rs_blank_template":"","rs_page_bg_color":"","slide_template_v7":""},"product_brand":[],"product_cat":[154],"product_tag":[],"class_list":{"0":"post-15497","1":"product","2":"type-product","3":"status-publish","4":"has-post-thumbnail","6":"product_cat-airplants","8":"first","9":"instock","10":"taxable","11":"shipping-taxable","12":"purchasable","13":"product-type-variable","14":"add-to-wishlist-after_add_to_cart"},"acf":[],"_links":{"self":[{"href":"https:\/\/airplantshop.nl\/de\/wp-json\/wp\/v2\/product\/15497","targetHints":{"allow":["GET"]}}],"collection":[{"href":"https:\/\/airplantshop.nl\/de\/wp-json\/wp\/v2\/product"}],"about":[{"href":"https:\/\/airplantshop.nl\/de\/wp-json\/wp\/v2\/types\/product"}],"replies":[{"embeddable":true,"href":"https:\/\/airplantshop.nl\/de\/wp-json\/wp\/v2\/comments?post=15497"}],"wp:featuredmedia":[{"embeddable":true,"href":"https:\/\/airplantshop.nl\/de\/wp-json\/wp\/v2\/media\/15507"}],"wp:attachment":[{"href":"https:\/\/airplantshop.nl\/de\/wp-json\/wp\/v2\/media?parent=15497"}],"wp:term":[{"taxonomy":"product_brand","embeddable":true,"href":"https:\/\/airplantshop.nl\/de\/wp-json\/wp\/v2\/product_brand?post=15497"},{"taxonomy":"product_cat","embeddable":true,"href":"https:\/\/airplantshop.nl\/de\/wp-json\/wp\/v2\/product_cat?post=15497"},{"taxonomy":"product_tag","embeddable":true,"href":"https:\/\/airplantshop.nl\/de\/wp-json\/wp\/v2\/product_tag?post=15497"}],"curies":[{"name":"wp","href":"https:\/\/api.w.org\/{rel}","templated":true}]}}