{"id":15510,"date":"2024-07-22T15:11:17","date_gmt":"2024-07-22T13:11:17","guid":{"rendered":"https:\/\/airplantshop.nl\/?post_type=product&#038;p=15510"},"modified":"2026-04-01T12:28:52","modified_gmt":"2026-04-01T10:28:52","slug":"mix-2x-tillandsia-ionantha-scaposa-xl-2x-ionantha-scaposa-small","status":"publish","type":"product","link":"https:\/\/airplantshop.nl\/de\/product\/mix-2x-tillandsia-ionantha-scaposa-xl-2x-ionantha-scaposa-small\/","title":{"rendered":"MIX: 2x Tillandsia Ionantha Scaposa XL &amp; 2x Ionantha Scaposa small"},"content":{"rendered":"<p>Diese spitze Luftpflanze hei\u00dft: Tillandsia ionantha scaposa. Es ist eine pflegeleichte Luftpflanze. Diese Tillandsie ist klein und hat sch\u00f6ne hellgr\u00fcne Bl\u00e4tter.<\/p>\n<p class=\"p1\"><b>Ma\u00dfe: <\/b>Scaposa small (+\/- 3 Zentimeter) &amp; Scaposa XL (+\/- 7 Zentimeter)<\/p>\n<p class=\"p1\"><b>Pflege: <\/b>Bespr\u00fchen Sie die Luftpflanze ein- bis zweimal pro Woche mit Regenwasser oder unserem N\u00e4hrstoffspray. Stellen Sie sicher, dass die Luftpflanze gen\u00fcgend indirektes Sonnenlicht und frische Luft bekommt.<\/p>\n<p class=\"p1\"><b>Achtung:<\/b> Jede Luftpflanze ist einzigartig, daher kann die bestellte Pflanze leicht von der Luftpflanze auf dem Foto abweichen.<\/p>","protected":false},"excerpt":{"rendered":"<p>Diese spitze Luftpflanze hei\u00dft: Tillandsia ionantha scaposa. Es ist eine pflegeleichte Luftpflanze. Diese Tillandsie ist klein und hat sch\u00f6ne hellgr\u00fcne Bl\u00e4tter.<\/p>","protected":false},"featured_media":15511,"comment_status":"open","ping_status":"closed","template":"","meta":{"_acf_changed":false,"rs_blank_template":"","rs_page_bg_color":"","slide_template_v7":""},"product_brand":[],"product_cat":[154,188,161],"product_tag":[],"class_list":{"0":"post-15510","1":"product","2":"type-product","3":"status-publish","4":"has-post-thumbnail","6":"product_cat-airplants","7":"product_cat-favorieten","8":"product_cat-mix","10":"first","11":"instock","12":"taxable","13":"shipping-taxable","14":"purchasable","15":"product-type-simple","16":"add-to-wishlist-after_add_to_cart"},"acf":[],"_links":{"self":[{"href":"https:\/\/airplantshop.nl\/de\/wp-json\/wp\/v2\/product\/15510","targetHints":{"allow":["GET"]}}],"collection":[{"href":"https:\/\/airplantshop.nl\/de\/wp-json\/wp\/v2\/product"}],"about":[{"href":"https:\/\/airplantshop.nl\/de\/wp-json\/wp\/v2\/types\/product"}],"replies":[{"embeddable":true,"href":"https:\/\/airplantshop.nl\/de\/wp-json\/wp\/v2\/comments?post=15510"}],"wp:featuredmedia":[{"embeddable":true,"href":"https:\/\/airplantshop.nl\/de\/wp-json\/wp\/v2\/media\/15511"}],"wp:attachment":[{"href":"https:\/\/airplantshop.nl\/de\/wp-json\/wp\/v2\/media?parent=15510"}],"wp:term":[{"taxonomy":"product_brand","embeddable":true,"href":"https:\/\/airplantshop.nl\/de\/wp-json\/wp\/v2\/product_brand?post=15510"},{"taxonomy":"product_cat","embeddable":true,"href":"https:\/\/airplantshop.nl\/de\/wp-json\/wp\/v2\/product_cat?post=15510"},{"taxonomy":"product_tag","embeddable":true,"href":"https:\/\/airplantshop.nl\/de\/wp-json\/wp\/v2\/product_tag?post=15510"}],"curies":[{"name":"wp","href":"https:\/\/api.w.org\/{rel}","templated":true}]}}