{"id":15516,"date":"2024-07-22T13:11:17","date_gmt":"2024-07-22T13:11:17","guid":{"rendered":"https:\/\/airplantshop.nl\/?post_type=product&#038;p=15516"},"modified":"2026-04-12T12:31:14","modified_gmt":"2026-04-12T10:31:14","slug":"tillandsia-caput-medusae","status":"publish","type":"product","link":"https:\/\/airplantshop.nl\/de\/product\/tillandsia-caput-medusae\/","title":{"rendered":"Tillandsia Caput Medusae"},"content":{"rendered":"<p>Das Caput medusae ist ein ganz besonderes Luftbild. Diese Tillandsia hat tentakelartige Bl\u00e4tter und diese Tentakeln sind mit Trichomen versehen. Trichome sind kleine graue H\u00e4rchen, die auch Blattschuppen genannt werden. Die Tillandsia nimmt Feuchtigkeit \u00fcber die Blattschuppen auf und die Trichome sch\u00fctzen die Pflanze vor Verbrennungen durch direkte Sonneneinstrahlung. Die Bl\u00e4tter kr\u00e4useln sich, wenn sie trocken sind, sodass Sie immer wissen, ob Ihre Luftpflanze Wasser braucht!<\/p>\n<p class=\"p1\"><b>Ma\u00dfe: <\/b>Medium, large &amp; XL<\/p>\n<p class=\"p1\"><b>Pflege: <\/b>Bespr\u00fchen Sie die Luftpflanze ein- bis zweimal pro Woche mit Regenwasser oder unserem N\u00e4hrstoffspray. Stellen Sie sicher, dass die Luftpflanze gen\u00fcgend indirektes Sonnenlicht und frische Luft bekommt.<\/p>\n<p class=\"p1\"><b>Achtung:<\/b> Jede Luftpflanze ist einzigartig, daher kann die bestellte Pflanze leicht von der Luftpflanze auf dem Foto abweichen.<\/p>","protected":false},"excerpt":{"rendered":"<p>Das Caput medusae ist ein ganz besonderes Luftbild. Diese Tillandsie hat Tentakeln als Bl\u00e4tter. Die Bl\u00e4tter rollen sich beim Trocknen ein, sodass Sie immer wissen, wann diese Tillandsie Wasser braucht.<\/p>","protected":false},"featured_media":15520,"comment_status":"open","ping_status":"closed","template":"","meta":{"_acf_changed":false,"rs_blank_template":"","rs_page_bg_color":"","slide_template_v7":""},"product_brand":[],"product_cat":[154,168],"product_tag":[],"class_list":{"0":"post-15516","1":"product","2":"type-product","3":"status-publish","4":"has-post-thumbnail","6":"product_cat-airplants","7":"product_cat-sale","9":"first","10":"instock","11":"sale","12":"taxable","13":"shipping-taxable","14":"purchasable","15":"product-type-variable","16":"has-default-attributes","17":"add-to-wishlist-after_add_to_cart"},"acf":[],"_links":{"self":[{"href":"https:\/\/airplantshop.nl\/de\/wp-json\/wp\/v2\/product\/15516","targetHints":{"allow":["GET"]}}],"collection":[{"href":"https:\/\/airplantshop.nl\/de\/wp-json\/wp\/v2\/product"}],"about":[{"href":"https:\/\/airplantshop.nl\/de\/wp-json\/wp\/v2\/types\/product"}],"replies":[{"embeddable":true,"href":"https:\/\/airplantshop.nl\/de\/wp-json\/wp\/v2\/comments?post=15516"}],"wp:featuredmedia":[{"embeddable":true,"href":"https:\/\/airplantshop.nl\/de\/wp-json\/wp\/v2\/media\/15520"}],"wp:attachment":[{"href":"https:\/\/airplantshop.nl\/de\/wp-json\/wp\/v2\/media?parent=15516"}],"wp:term":[{"taxonomy":"product_brand","embeddable":true,"href":"https:\/\/airplantshop.nl\/de\/wp-json\/wp\/v2\/product_brand?post=15516"},{"taxonomy":"product_cat","embeddable":true,"href":"https:\/\/airplantshop.nl\/de\/wp-json\/wp\/v2\/product_cat?post=15516"},{"taxonomy":"product_tag","embeddable":true,"href":"https:\/\/airplantshop.nl\/de\/wp-json\/wp\/v2\/product_tag?post=15516"}],"curies":[{"name":"wp","href":"https:\/\/api.w.org\/{rel}","templated":true}]}}