{"id":15530,"date":"2024-07-23T07:29:10","date_gmt":"2024-07-23T07:29:10","guid":{"rendered":"https:\/\/airplantshop.nl\/?post_type=product&#038;p=15530"},"modified":"2026-04-10T21:00:52","modified_gmt":"2026-04-10T19:00:52","slug":"tillandsia-butzii","status":"publish","type":"product","link":"https:\/\/airplantshop.nl\/de\/product\/tillandsia-butzii\/","title":{"rendered":"Tillandsia Butzii"},"content":{"rendered":"<p>Diese s\u00fc\u00dfe Luftpflanze hat lustige Tentakeln als Bl\u00e4tter. Die Tillandsia Butzii ist eine Luftpflanze, die oft kopf\u00fcber h\u00e4ngend, beispielsweise in einem Seeigel, verwendet wird. Diese Luftpflanzen haben tiger\u00e4hnliche Streifen, die sie wirklich einzigartig machen.<\/p>\n<p class=\"p1\"><b>Ma\u00dfe: <\/b>medium, large &amp; XL<\/p>\n<p class=\"p1\"><b>Pflege: <\/b>Bespr\u00fchen Sie die Luftpflanze ein- bis zweimal pro Woche mit Regenwasser oder unserem N\u00e4hrstoffspray. Stellen Sie sicher, dass die Luftpflanze gen\u00fcgend indirektes Sonnenlicht und frische Luft bekommt.<\/p>\n<p class=\"p1\"><b>Herkunft: <\/b>Guatemala, Mexico (Art: Mesische \/ Regenwaldart)<\/p>\n<p class=\"p1\"><b>Achtung:<\/b> Jede Luftpflanze ist einzigartig, daher kann die bestellte Pflanze leicht von der Luftpflanze auf dem Foto abweichen.<\/p>","protected":false},"excerpt":{"rendered":"<p>Unieke airplant met tijgerachtige strepen en tentakels als bladeren. Ideaal om ondersteboven te hangen in bijvoorbeeld een zee-egel.<\/p>","protected":false},"featured_media":15723,"comment_status":"open","ping_status":"closed","template":"","meta":{"_acf_changed":false,"rs_blank_template":"","rs_page_bg_color":"","slide_template_v7":""},"product_brand":[],"product_cat":[154,168],"product_tag":[],"class_list":{"0":"post-15530","1":"product","2":"type-product","3":"status-publish","4":"has-post-thumbnail","6":"product_cat-airplants","7":"product_cat-sale","9":"first","10":"instock","11":"sale","12":"taxable","13":"shipping-taxable","14":"purchasable","15":"product-type-variable","16":"has-default-attributes","17":"add-to-wishlist-after_add_to_cart"},"acf":[],"_links":{"self":[{"href":"https:\/\/airplantshop.nl\/de\/wp-json\/wp\/v2\/product\/15530","targetHints":{"allow":["GET"]}}],"collection":[{"href":"https:\/\/airplantshop.nl\/de\/wp-json\/wp\/v2\/product"}],"about":[{"href":"https:\/\/airplantshop.nl\/de\/wp-json\/wp\/v2\/types\/product"}],"replies":[{"embeddable":true,"href":"https:\/\/airplantshop.nl\/de\/wp-json\/wp\/v2\/comments?post=15530"}],"wp:featuredmedia":[{"embeddable":true,"href":"https:\/\/airplantshop.nl\/de\/wp-json\/wp\/v2\/media\/15723"}],"wp:attachment":[{"href":"https:\/\/airplantshop.nl\/de\/wp-json\/wp\/v2\/media?parent=15530"}],"wp:term":[{"taxonomy":"product_brand","embeddable":true,"href":"https:\/\/airplantshop.nl\/de\/wp-json\/wp\/v2\/product_brand?post=15530"},{"taxonomy":"product_cat","embeddable":true,"href":"https:\/\/airplantshop.nl\/de\/wp-json\/wp\/v2\/product_cat?post=15530"},{"taxonomy":"product_tag","embeddable":true,"href":"https:\/\/airplantshop.nl\/de\/wp-json\/wp\/v2\/product_tag?post=15530"}],"curies":[{"name":"wp","href":"https:\/\/api.w.org\/{rel}","templated":true}]}}