{"id":15642,"date":"2024-07-23T09:35:42","date_gmt":"2024-07-23T07:35:42","guid":{"rendered":"https:\/\/airplantshop.nl\/?post_type=product&#038;p=15642"},"modified":"2026-04-11T18:37:14","modified_gmt":"2026-04-11T16:37:14","slug":"tillandsia-ionantha-rood","status":"publish","type":"product","link":"https:\/\/airplantshop.nl\/de\/product\/tillandsia-ionantha-rood\/","title":{"rendered":"Tillandsia Ionantha Rood"},"content":{"rendered":"<p>Diese Luftpflanze ist einer unserer Favoriten. Diese Tillandsia Ionantha hat eine sch\u00f6ne rote Farbe und wirkt daher fr\u00f6hlich.<\/p>\n<p>Diese Luftpflanze mag einen hellen Standort, jedoch nicht in der direkten Sonne.<br \/>\nDie rote Farbe kann etwas verblassen, da diese Tillandsia urspr\u00fcnglich eine gr\u00fcne Farbe hat und die Pflanze mit der Zeit weniger rot wird.<\/p>\n<p>Diese Tillandsia wird vom Lieferanten behandelt, was ihr diese sch\u00f6ne rote Farbe verleiht. Leider kann es auch passieren, dass diese Pflanze nicht lange \u00fcberlebt. Im Durchschnitt kann die Pflanze nach 6 bis 8 Wochen auch ihre Lebensfreude verlieren oder ihre Farbe verlieren und mit der Bildung von Ablegern beginnen.<\/p>\n<p class=\"p1\"><b>Ma\u00dfe: <\/b>5 \u2013 7 Zentimeter lang<\/p>\n<p class=\"p1\"><b>Pflege: <\/b>Bespr\u00fchen Sie die Luftpflanze ein- bis zweimal pro Woche mit Regenwasser oder unserem N\u00e4hrstoffspray. Stellen Sie sicher, dass die Luftpflanze gen\u00fcgend indirektes Sonnenlicht und frische Luft bekommt.<\/p>\n<p class=\"p1\"><b>Achtung:<\/b> Jede Luftpflanze ist einzigartig, daher kann die bestellte Pflanze leicht von der Luftpflanze auf dem Foto abweichen.<\/p>","protected":false},"excerpt":{"rendered":"<p>Diese Luftpflanze ist einer unserer Favoriten. Diese Tillandsia Ionantha hat eine sch\u00f6ne rote Farbe und wirkt daher fr\u00f6hlich.<\/p>","protected":false},"featured_media":15643,"comment_status":"open","ping_status":"closed","template":"","meta":{"_acf_changed":false,"rs_blank_template":"","rs_page_bg_color":"","slide_template_v7":""},"product_brand":[],"product_cat":[154],"product_tag":[],"class_list":{"0":"post-15642","1":"product","2":"type-product","3":"status-publish","4":"has-post-thumbnail","6":"product_cat-airplants","8":"first","9":"instock","10":"taxable","11":"shipping-taxable","12":"purchasable","13":"product-type-simple","14":"add-to-wishlist-after_add_to_cart"},"acf":[],"_links":{"self":[{"href":"https:\/\/airplantshop.nl\/de\/wp-json\/wp\/v2\/product\/15642","targetHints":{"allow":["GET"]}}],"collection":[{"href":"https:\/\/airplantshop.nl\/de\/wp-json\/wp\/v2\/product"}],"about":[{"href":"https:\/\/airplantshop.nl\/de\/wp-json\/wp\/v2\/types\/product"}],"replies":[{"embeddable":true,"href":"https:\/\/airplantshop.nl\/de\/wp-json\/wp\/v2\/comments?post=15642"}],"wp:featuredmedia":[{"embeddable":true,"href":"https:\/\/airplantshop.nl\/de\/wp-json\/wp\/v2\/media\/15643"}],"wp:attachment":[{"href":"https:\/\/airplantshop.nl\/de\/wp-json\/wp\/v2\/media?parent=15642"}],"wp:term":[{"taxonomy":"product_brand","embeddable":true,"href":"https:\/\/airplantshop.nl\/de\/wp-json\/wp\/v2\/product_brand?post=15642"},{"taxonomy":"product_cat","embeddable":true,"href":"https:\/\/airplantshop.nl\/de\/wp-json\/wp\/v2\/product_cat?post=15642"},{"taxonomy":"product_tag","embeddable":true,"href":"https:\/\/airplantshop.nl\/de\/wp-json\/wp\/v2\/product_tag?post=15642"}],"curies":[{"name":"wp","href":"https:\/\/api.w.org\/{rel}","templated":true}]}}