{"id":15650,"date":"2024-07-23T08:49:07","date_gmt":"2024-07-23T08:49:07","guid":{"rendered":"https:\/\/airplantshop.nl\/?post_type=product&#038;p=15650"},"modified":"2026-03-09T07:46:09","modified_gmt":"2026-03-09T06:46:09","slug":"tillandsia-brachycaulos-var-multiflora","status":"publish","type":"product","link":"https:\/\/airplantshop.nl\/de\/product\/tillandsia-brachycaulos-var-multiflora\/","title":{"rendered":"Tillandsia Brachycaulos var. Multiflora"},"content":{"rendered":"<p>Diese Tillandsia ist eine wundersch\u00f6ne Pflanze. Es verl\u00e4uft sch\u00f6n von einem Punkt nach oben. Die Bl\u00e4tter sind sch\u00f6n weit ge\u00f6ffnet und wenn die Luftpflanze Wasser braucht, werden Sie feststellen, dass sich die Bl\u00e4tter nach innen kr\u00e4useln und n\u00e4her zusammenr\u00fccken.<\/p>\n<p class=\"p1\"><b>Ma\u00dfe: <\/b>Small, Medium, Large &amp; XL<\/p>\n<p class=\"p1\"><b>Pflege: <\/b>Bespr\u00fchen Sie die Luftpflanze ein- bis zweimal pro Woche mit Regenwasser oder unserem N\u00e4hrstoffspray. Stellen Sie sicher, dass die Luftpflanze gen\u00fcgend indirektes Sonnenlicht und frische Luft bekommt.<\/p>\n<p class=\"p1\"><b>Achtung:<\/b> Jede Luftpflanze ist einzigartig, daher kann die bestellte Pflanze leicht von der Luftpflanze auf dem Foto abweichen.<\/p>","protected":false},"excerpt":{"rendered":"<p>Diese Tillandsia ist eine wundersch\u00f6ne Pflanze. Es verl\u00e4uft sch\u00f6n von einem Punkt nach oben. Die Bl\u00e4tter sind sch\u00f6n weit ge\u00f6ffnet.<\/p>","protected":false},"featured_media":15655,"comment_status":"open","ping_status":"closed","template":"","meta":{"_acf_changed":false,"rs_blank_template":"","rs_page_bg_color":"","slide_template_v7":""},"product_brand":[],"product_cat":[154],"product_tag":[],"class_list":{"0":"post-15650","1":"product","2":"type-product","3":"status-publish","4":"has-post-thumbnail","6":"product_cat-airplants","8":"first","9":"outofstock","10":"taxable","11":"shipping-taxable","12":"purchasable","13":"product-type-variable","14":"add-to-wishlist-after_add_to_cart"},"acf":[],"_links":{"self":[{"href":"https:\/\/airplantshop.nl\/de\/wp-json\/wp\/v2\/product\/15650","targetHints":{"allow":["GET"]}}],"collection":[{"href":"https:\/\/airplantshop.nl\/de\/wp-json\/wp\/v2\/product"}],"about":[{"href":"https:\/\/airplantshop.nl\/de\/wp-json\/wp\/v2\/types\/product"}],"replies":[{"embeddable":true,"href":"https:\/\/airplantshop.nl\/de\/wp-json\/wp\/v2\/comments?post=15650"}],"wp:featuredmedia":[{"embeddable":true,"href":"https:\/\/airplantshop.nl\/de\/wp-json\/wp\/v2\/media\/15655"}],"wp:attachment":[{"href":"https:\/\/airplantshop.nl\/de\/wp-json\/wp\/v2\/media?parent=15650"}],"wp:term":[{"taxonomy":"product_brand","embeddable":true,"href":"https:\/\/airplantshop.nl\/de\/wp-json\/wp\/v2\/product_brand?post=15650"},{"taxonomy":"product_cat","embeddable":true,"href":"https:\/\/airplantshop.nl\/de\/wp-json\/wp\/v2\/product_cat?post=15650"},{"taxonomy":"product_tag","embeddable":true,"href":"https:\/\/airplantshop.nl\/de\/wp-json\/wp\/v2\/product_tag?post=15650"}],"curies":[{"name":"wp","href":"https:\/\/api.w.org\/{rel}","templated":true}]}}