{"id":15656,"date":"2024-07-23T10:56:32","date_gmt":"2024-07-23T08:56:32","guid":{"rendered":"https:\/\/airplantshop.nl\/?post_type=product&#038;p=15656"},"modified":"2026-04-12T22:37:15","modified_gmt":"2026-04-12T20:37:15","slug":"tillandsia-pruinosa","status":"publish","type":"product","link":"https:\/\/airplantshop.nl\/de\/product\/tillandsia-pruinosa\/","title":{"rendered":"Tillandsia Pruinosa"},"content":{"rendered":"<p>Diese h\u00fcbsche Tentakelpflanze ist die Tillandsia Pruinosa. Es hat deutlich sichtbare Blattschuppen\/Trichome und gekr\u00e4uselte Bl\u00e4tter.<\/p>\n<p class=\"p1\"><b>Ma\u00dfe: <\/b>+\/- 6 centimeter<\/p>\n<p class=\"p1\"><b>Pflege: <\/b>Bespr\u00fchen Sie die Luftpflanze ein- bis zweimal pro Woche mit Regenwasser oder unserem N\u00e4hrstoffspray. Stellen Sie sicher, dass die Luftpflanze gen\u00fcgend indirektes Sonnenlicht und frische Luft bekommt.<\/p>\n<p class=\"p1\"><b>Achtung:<\/b> Jede Luftpflanze ist einzigartig, daher kann die bestellte Pflanze leicht von der Luftpflanze auf dem Foto abweichen.<\/p>","protected":false},"excerpt":{"rendered":"<p>Diese h\u00fcbsche Tentakelpflanze ist die Tillandsia Pruinosa. Es hat deutlich sichtbare Blattschuppen\/Trichome und gekr\u00e4uselte Bl\u00e4tter.<\/p>","protected":false},"featured_media":15657,"comment_status":"open","ping_status":"closed","template":"","meta":{"_acf_changed":false,"rs_blank_template":"","rs_page_bg_color":"","slide_template_v7":""},"product_brand":[],"product_cat":[154,168],"product_tag":[],"class_list":{"0":"post-15656","1":"product","2":"type-product","3":"status-publish","4":"has-post-thumbnail","6":"product_cat-airplants","7":"product_cat-sale","9":"first","10":"instock","11":"sale","12":"taxable","13":"shipping-taxable","14":"purchasable","15":"product-type-simple","16":"add-to-wishlist-after_add_to_cart"},"acf":[],"_links":{"self":[{"href":"https:\/\/airplantshop.nl\/de\/wp-json\/wp\/v2\/product\/15656","targetHints":{"allow":["GET"]}}],"collection":[{"href":"https:\/\/airplantshop.nl\/de\/wp-json\/wp\/v2\/product"}],"about":[{"href":"https:\/\/airplantshop.nl\/de\/wp-json\/wp\/v2\/types\/product"}],"replies":[{"embeddable":true,"href":"https:\/\/airplantshop.nl\/de\/wp-json\/wp\/v2\/comments?post=15656"}],"wp:featuredmedia":[{"embeddable":true,"href":"https:\/\/airplantshop.nl\/de\/wp-json\/wp\/v2\/media\/15657"}],"wp:attachment":[{"href":"https:\/\/airplantshop.nl\/de\/wp-json\/wp\/v2\/media?parent=15656"}],"wp:term":[{"taxonomy":"product_brand","embeddable":true,"href":"https:\/\/airplantshop.nl\/de\/wp-json\/wp\/v2\/product_brand?post=15656"},{"taxonomy":"product_cat","embeddable":true,"href":"https:\/\/airplantshop.nl\/de\/wp-json\/wp\/v2\/product_cat?post=15656"},{"taxonomy":"product_tag","embeddable":true,"href":"https:\/\/airplantshop.nl\/de\/wp-json\/wp\/v2\/product_tag?post=15656"}],"curies":[{"name":"wp","href":"https:\/\/api.w.org\/{rel}","templated":true}]}}