{"id":15658,"date":"2024-07-23T11:06:44","date_gmt":"2024-07-23T09:06:44","guid":{"rendered":"https:\/\/airplantshop.nl\/?post_type=product&#038;p=15658"},"modified":"2026-03-15T10:56:59","modified_gmt":"2026-03-15T09:56:59","slug":"tentakel-trio","status":"publish","type":"product","link":"https:\/\/airplantshop.nl\/de\/product\/tentakel-trio\/","title":{"rendered":"Tentakeln Trio"},"content":{"rendered":"<p>Diese Luftpflanzen haben alle Tentakeln als Bl\u00e4tter. Diese Pflanzen werden oft als Seeigel eingesetzt, denn wenn man sie kopf\u00fcber aufh\u00e4ngt, sehen sie aus wie Quallen.<\/p>\n<p>Im Bild von links nach rechts: Tillandsia Baileyi | Tillandsia Butzii | Tillandsia Bulbosa<\/p>\n<p>Bei Einzelbestellung betr\u00e4gt der Gesamtbetrag 7,25 \u20ac, f\u00fcr dieses Trio zahlen Sie nur 6,50 \u20ac<\/p>\n<p class=\"p1\"><b>Pflege: <\/b>Bespr\u00fchen Sie die Luftpflanze ein- bis zweimal pro Woche mit Regenwasser oder unserem N\u00e4hrstoffspray. Stellen Sie sicher, dass die Luftpflanze gen\u00fcgend indirektes Sonnenlicht und frische Luft bekommt.<\/p>\n<p class=\"p1\"><b>Achtung:<\/b> Jede Luftpflanze ist einzigartig, daher kann die bestellte Pflanze leicht von der Luftpflanze auf dem Foto abweichen.<\/p>","protected":false},"excerpt":{"rendered":"<p>Diese Luftpflanzen haben alle Tentakeln als Bl\u00e4tter. In diesem Trio finden Sie die Tillandsia Baileyi, Tillandsia Butzii und Tillandsia Bulbosa<\/p>","protected":false},"featured_media":15660,"comment_status":"open","ping_status":"closed","template":"","meta":{"_acf_changed":false,"rs_blank_template":"","rs_page_bg_color":"","slide_template_v7":""},"product_brand":[],"product_cat":[154,161],"product_tag":[],"class_list":{"0":"post-15658","1":"product","2":"type-product","3":"status-publish","4":"has-post-thumbnail","6":"product_cat-airplants","7":"product_cat-mix","9":"first","10":"outofstock","11":"sale","12":"taxable","13":"shipping-taxable","14":"purchasable","15":"product-type-simple","16":"add-to-wishlist-after_add_to_cart"},"acf":[],"_links":{"self":[{"href":"https:\/\/airplantshop.nl\/de\/wp-json\/wp\/v2\/product\/15658","targetHints":{"allow":["GET"]}}],"collection":[{"href":"https:\/\/airplantshop.nl\/de\/wp-json\/wp\/v2\/product"}],"about":[{"href":"https:\/\/airplantshop.nl\/de\/wp-json\/wp\/v2\/types\/product"}],"replies":[{"embeddable":true,"href":"https:\/\/airplantshop.nl\/de\/wp-json\/wp\/v2\/comments?post=15658"}],"wp:featuredmedia":[{"embeddable":true,"href":"https:\/\/airplantshop.nl\/de\/wp-json\/wp\/v2\/media\/15660"}],"wp:attachment":[{"href":"https:\/\/airplantshop.nl\/de\/wp-json\/wp\/v2\/media?parent=15658"}],"wp:term":[{"taxonomy":"product_brand","embeddable":true,"href":"https:\/\/airplantshop.nl\/de\/wp-json\/wp\/v2\/product_brand?post=15658"},{"taxonomy":"product_cat","embeddable":true,"href":"https:\/\/airplantshop.nl\/de\/wp-json\/wp\/v2\/product_cat?post=15658"},{"taxonomy":"product_tag","embeddable":true,"href":"https:\/\/airplantshop.nl\/de\/wp-json\/wp\/v2\/product_tag?post=15658"}],"curies":[{"name":"wp","href":"https:\/\/api.w.org\/{rel}","templated":true}]}}