{"id":15661,"date":"2024-07-23T09:14:45","date_gmt":"2024-07-23T09:14:45","guid":{"rendered":"https:\/\/airplantshop.nl\/?post_type=product&#038;p=15661"},"modified":"2026-04-08T14:34:19","modified_gmt":"2026-04-08T12:34:19","slug":"tillandsia-streptophylla","status":"publish","type":"product","link":"https:\/\/airplantshop.nl\/de\/product\/tillandsia-streptophylla\/","title":{"rendered":"Tillandsia Streptophylla"},"content":{"rendered":"<p>This is one of the most unique air plants in our range. The air plant is called Streptophylla and can be recognized by its beautiful curled leaves.<\/p>\n<p>Wenn die Pflanze \u201etrockener\u201c wird, kr\u00e4useln sich die Bl\u00e4tter immer st\u00e4rker. Wenn Sie ihn f\u00fcr eine Stunde in ein Bad mit Regenwasser legen, werden Sie sehen, dass er alle Bl\u00e4tter wieder ausstreckt. (Achtung, es darf kein Wasser zwischen den Bl\u00e4ttern stehen bleiben)<\/p>\n<p class=\"p1\"><b>Ma\u00dfe: <\/b>Medium &amp; Large<\/p>\n<p class=\"p1\"><b>Pflege: <\/b>Bespr\u00fchen Sie die Luftpflanze ein- bis zweimal pro Woche mit Regenwasser oder unserem N\u00e4hrstoffspray. Stellen Sie sicher, dass die Luftpflanze gen\u00fcgend indirektes Sonnenlicht und frische Luft bekommt.<\/p>\n<p class=\"p1\"><b>Achtung:<\/b> Jede Luftpflanze ist einzigartig, daher kann die bestellte Pflanze leicht von der Luftpflanze auf dem Foto abweichen.<\/p>","protected":false},"excerpt":{"rendered":"<p>This is one of the most unique air plants in our range. The air plant is called Streptophylla and can be recognized by its beautiful curled leaves.<\/p>","protected":false},"featured_media":15664,"comment_status":"open","ping_status":"closed","template":"","meta":{"_acf_changed":false,"rs_blank_template":"","rs_page_bg_color":"","slide_template_v7":""},"product_brand":[],"product_cat":[154],"product_tag":[],"class_list":{"0":"post-15661","1":"product","2":"type-product","3":"status-publish","4":"has-post-thumbnail","6":"product_cat-airplants","8":"first","9":"instock","10":"taxable","11":"shipping-taxable","12":"purchasable","13":"product-type-variable","14":"add-to-wishlist-after_add_to_cart"},"acf":[],"_links":{"self":[{"href":"https:\/\/airplantshop.nl\/de\/wp-json\/wp\/v2\/product\/15661","targetHints":{"allow":["GET"]}}],"collection":[{"href":"https:\/\/airplantshop.nl\/de\/wp-json\/wp\/v2\/product"}],"about":[{"href":"https:\/\/airplantshop.nl\/de\/wp-json\/wp\/v2\/types\/product"}],"replies":[{"embeddable":true,"href":"https:\/\/airplantshop.nl\/de\/wp-json\/wp\/v2\/comments?post=15661"}],"wp:featuredmedia":[{"embeddable":true,"href":"https:\/\/airplantshop.nl\/de\/wp-json\/wp\/v2\/media\/15664"}],"wp:attachment":[{"href":"https:\/\/airplantshop.nl\/de\/wp-json\/wp\/v2\/media?parent=15661"}],"wp:term":[{"taxonomy":"product_brand","embeddable":true,"href":"https:\/\/airplantshop.nl\/de\/wp-json\/wp\/v2\/product_brand?post=15661"},{"taxonomy":"product_cat","embeddable":true,"href":"https:\/\/airplantshop.nl\/de\/wp-json\/wp\/v2\/product_cat?post=15661"},{"taxonomy":"product_tag","embeddable":true,"href":"https:\/\/airplantshop.nl\/de\/wp-json\/wp\/v2\/product_tag?post=15661"}],"curies":[{"name":"wp","href":"https:\/\/api.w.org\/{rel}","templated":true}]}}