{"id":15665,"date":"2024-07-23T09:37:26","date_gmt":"2024-07-23T09:37:26","guid":{"rendered":"https:\/\/airplantshop.nl\/?post_type=product&#038;p=15665"},"modified":"2026-03-09T07:46:10","modified_gmt":"2026-03-09T06:46:10","slug":"tillandsia-ionantha-fuego","status":"publish","type":"product","link":"https:\/\/airplantshop.nl\/de\/product\/tillandsia-ionantha-fuego\/","title":{"rendered":"Tillandsia Ionantha Fuego"},"content":{"rendered":"<p>Die Ionantha Fuego kann w\u00e4hrend der Bl\u00fcte leuchtend rot werden, daher ihr Name. Die Bl\u00fcte ist violett und h\u00e4lt w\u00e4hrend der Bl\u00fctezeit einige Tage. Nach der Bl\u00fcte k\u00f6nnen an der Seite der Pflanze Ableger wachsen, die Sie, wenn sie gro\u00df genug sind, vorsichtig von der gro\u00dfen Luftpflanze abdrehen k\u00f6nnen.<\/p>\n<p class=\"p1\"><b>Ma\u00dfe: <\/b>Small, Medium, Large &amp; XL<\/p>\n<p class=\"p1\"><b>Pflege: <\/b>Bespr\u00fchen Sie die Luftpflanze ein- bis zweimal pro Woche mit Regenwasser oder unserem N\u00e4hrstoffspray. Stellen Sie sicher, dass die Luftpflanze gen\u00fcgend indirektes Sonnenlicht und frische Luft bekommt.<\/p>\n<p class=\"p1\"><b>Achtung:<\/b> Jede Luftpflanze ist einzigartig, daher kann die bestellte Pflanze leicht von der Luftpflanze auf dem Foto abweichen.<\/p>","protected":false},"excerpt":{"rendered":"<p>Die Ionantha Fuego kann w\u00e4hrend der Bl\u00fcte leuchtend rot werden, daher ihr Name. Die Bl\u00fcte ist violett und h\u00e4lt w\u00e4hrend der Bl\u00fctezeit einige Tage.<\/p>","protected":false},"featured_media":15670,"comment_status":"open","ping_status":"closed","template":"","meta":{"_acf_changed":false,"rs_blank_template":"","rs_page_bg_color":"","slide_template_v7":""},"product_brand":[],"product_cat":[154,188],"product_tag":[],"class_list":{"0":"post-15665","1":"product","2":"type-product","3":"status-publish","4":"has-post-thumbnail","6":"product_cat-airplants","7":"product_cat-favorieten","9":"first","10":"instock","11":"taxable","12":"shipping-taxable","13":"purchasable","14":"product-type-variable","15":"add-to-wishlist-after_add_to_cart"},"acf":[],"_links":{"self":[{"href":"https:\/\/airplantshop.nl\/de\/wp-json\/wp\/v2\/product\/15665","targetHints":{"allow":["GET"]}}],"collection":[{"href":"https:\/\/airplantshop.nl\/de\/wp-json\/wp\/v2\/product"}],"about":[{"href":"https:\/\/airplantshop.nl\/de\/wp-json\/wp\/v2\/types\/product"}],"replies":[{"embeddable":true,"href":"https:\/\/airplantshop.nl\/de\/wp-json\/wp\/v2\/comments?post=15665"}],"wp:featuredmedia":[{"embeddable":true,"href":"https:\/\/airplantshop.nl\/de\/wp-json\/wp\/v2\/media\/15670"}],"wp:attachment":[{"href":"https:\/\/airplantshop.nl\/de\/wp-json\/wp\/v2\/media?parent=15665"}],"wp:term":[{"taxonomy":"product_brand","embeddable":true,"href":"https:\/\/airplantshop.nl\/de\/wp-json\/wp\/v2\/product_brand?post=15665"},{"taxonomy":"product_cat","embeddable":true,"href":"https:\/\/airplantshop.nl\/de\/wp-json\/wp\/v2\/product_cat?post=15665"},{"taxonomy":"product_tag","embeddable":true,"href":"https:\/\/airplantshop.nl\/de\/wp-json\/wp\/v2\/product_tag?post=15665"}],"curies":[{"name":"wp","href":"https:\/\/api.w.org\/{rel}","templated":true}]}}