{"id":15706,"date":"2024-07-29T09:37:20","date_gmt":"2024-07-29T07:37:20","guid":{"rendered":"https:\/\/airplantshop.nl\/?post_type=product&#038;p=15706"},"modified":"2026-03-29T22:29:19","modified_gmt":"2026-03-29T20:29:19","slug":"10x-tillandsia-ionantha-rubra","status":"publish","type":"product","link":"https:\/\/airplantshop.nl\/de\/product\/10x-tillandsia-ionantha-rubra\/","title":{"rendered":"10x Tillandsia Ionantha Rubra"},"content":{"rendered":"<p>Diese Ionantha ist die Sorte \u201eRubra\u201c. Eine wundersch\u00f6ne Luftpflanze mit robusten Bl\u00e4ttern. Diese Tillandsia hat eine gr\u00fcne Farbe und kann w\u00e4hrend der Bl\u00fcte leuchtend rot werden. W\u00e4hrend der Bl\u00fcte kann aus dem Kern auch eine violette Bl\u00fcte wachsen.<\/p>\n<p class=\"p1\"><b>Ma\u00dfe:\u00a0<\/b>Erh\u00e4ltlich in den Gr\u00f6\u00dfen Medium und Large<\/p>\n<p class=\"p1\"><b>Pflege:\u00a0<\/b>Bespr\u00fchen Sie die Luftpflanze ein- bis zweimal pro Woche mit Regenwasser oder unserem N\u00e4hrstoffspray. Stellen Sie sicher, dass die Luftpflanze gen\u00fcgend indirektes Sonnenlicht und frische Luft bekommt.<\/p>\n<p class=\"p1\"><b>Achtung:<\/b>\u00a0Jede Luftpflanze ist einzigartig, daher kann die bestellte Pflanze leicht von der Luftpflanze auf dem Foto abweichen.<\/p>","protected":false},"excerpt":{"rendered":"<p>Diese Ionantha ist die Sorte \u201eRubra\u201c. Eine wundersch\u00f6ne Luftpflanze mit robusten Bl\u00e4ttern. Diese Tillandsia hat eine gr\u00fcne Farbe und kann w\u00e4hrend der Bl\u00fcte leuchtend rot werden.<\/p>","protected":false},"featured_media":15724,"comment_status":"open","ping_status":"closed","template":"","meta":{"_acf_changed":false,"rs_blank_template":"","rs_page_bg_color":"","slide_template_v7":""},"product_brand":[],"product_cat":[154,188],"product_tag":[],"class_list":{"0":"post-15706","1":"product","2":"type-product","3":"status-publish","4":"has-post-thumbnail","6":"product_cat-airplants","7":"product_cat-favorieten","9":"first","10":"instock","11":"taxable","12":"shipping-taxable","13":"purchasable","14":"product-type-variable","15":"add-to-wishlist-after_add_to_cart"},"acf":[],"_links":{"self":[{"href":"https:\/\/airplantshop.nl\/de\/wp-json\/wp\/v2\/product\/15706","targetHints":{"allow":["GET"]}}],"collection":[{"href":"https:\/\/airplantshop.nl\/de\/wp-json\/wp\/v2\/product"}],"about":[{"href":"https:\/\/airplantshop.nl\/de\/wp-json\/wp\/v2\/types\/product"}],"replies":[{"embeddable":true,"href":"https:\/\/airplantshop.nl\/de\/wp-json\/wp\/v2\/comments?post=15706"}],"wp:featuredmedia":[{"embeddable":true,"href":"https:\/\/airplantshop.nl\/de\/wp-json\/wp\/v2\/media\/15724"}],"wp:attachment":[{"href":"https:\/\/airplantshop.nl\/de\/wp-json\/wp\/v2\/media?parent=15706"}],"wp:term":[{"taxonomy":"product_brand","embeddable":true,"href":"https:\/\/airplantshop.nl\/de\/wp-json\/wp\/v2\/product_brand?post=15706"},{"taxonomy":"product_cat","embeddable":true,"href":"https:\/\/airplantshop.nl\/de\/wp-json\/wp\/v2\/product_cat?post=15706"},{"taxonomy":"product_tag","embeddable":true,"href":"https:\/\/airplantshop.nl\/de\/wp-json\/wp\/v2\/product_tag?post=15706"}],"curies":[{"name":"wp","href":"https:\/\/api.w.org\/{rel}","templated":true}]}}