{"id":15710,"date":"2024-07-29T09:49:04","date_gmt":"2024-07-29T07:49:04","guid":{"rendered":"https:\/\/airplantshop.nl\/?post_type=product&#038;p=15710"},"modified":"2026-03-09T07:46:09","modified_gmt":"2026-03-09T06:46:09","slug":"mix-brach-var-multiflora-ionantha-rood-2x-ionantha-rubra-large","status":"publish","type":"product","link":"https:\/\/airplantshop.nl\/de\/product\/mix-brach-var-multiflora-ionantha-rood-2x-ionantha-rubra-large\/","title":{"rendered":"MIX: Brach Var. Multiflora, Ionantha Rood, 2x Ionantha Rubra Large"},"content":{"rendered":"<p>Drei verschiedene Arten von Luftpflanzen in dieser Mischung. Der Brachycaulos Var. Multiflora mittel, Ionantha Red und Ionantha Rubra gro\u00df (2 St\u00fcck). Der Originalpreis dieser Luftpflanzen zusammen betr\u00e4gt \u20ac14,88, aber der Mix kostet nur \u20ac12,95<\/p>\n<p class=\"p1\"><b>Ma\u00dfe: <\/b>Brach Var. Multiflora \u2013 8 zentimeter<\/p>\n<p>Ionantha rot \u2013 5 bis 7 Zentimeter.<\/p>\n<p>Ionantha Rubra large: 7 zentimeter<\/p>\n<p class=\"p1\"><b>Pflege: <\/b>Bespr\u00fchen Sie die Luftpflanze ein- bis zweimal pro Woche mit Regenwasser oder unserem N\u00e4hrstoffspray. Stellen Sie sicher, dass die Luftpflanze gen\u00fcgend indirektes Sonnenlicht und frische Luft bekommt.<\/p>\n<p class=\"p1\"><b>Achtung:<\/b> Jede Luftpflanze ist einzigartig, daher kann die bestellte Pflanze leicht von der Luftpflanze auf dem Foto abweichen.<\/p>","protected":false},"excerpt":{"rendered":"<p>Drei verschiedene Arten von Luftpflanzen in dieser Mischung. Der Brachycaulos Var. Multiflora mittel, Ionantha Red und Ionantha Rubra gro\u00df (2 St\u00fcck).<\/p>","protected":false},"featured_media":15711,"comment_status":"open","ping_status":"closed","template":"","meta":{"_acf_changed":false,"rs_blank_template":"","rs_page_bg_color":"","slide_template_v7":""},"product_brand":[],"product_cat":[154,161],"product_tag":[],"class_list":{"0":"post-15710","1":"product","2":"type-product","3":"status-publish","4":"has-post-thumbnail","6":"product_cat-airplants","7":"product_cat-mix","9":"first","10":"outofstock","11":"sale","12":"taxable","13":"shipping-taxable","14":"purchasable","15":"product-type-simple","16":"add-to-wishlist-after_add_to_cart"},"acf":[],"_links":{"self":[{"href":"https:\/\/airplantshop.nl\/de\/wp-json\/wp\/v2\/product\/15710","targetHints":{"allow":["GET"]}}],"collection":[{"href":"https:\/\/airplantshop.nl\/de\/wp-json\/wp\/v2\/product"}],"about":[{"href":"https:\/\/airplantshop.nl\/de\/wp-json\/wp\/v2\/types\/product"}],"replies":[{"embeddable":true,"href":"https:\/\/airplantshop.nl\/de\/wp-json\/wp\/v2\/comments?post=15710"}],"wp:featuredmedia":[{"embeddable":true,"href":"https:\/\/airplantshop.nl\/de\/wp-json\/wp\/v2\/media\/15711"}],"wp:attachment":[{"href":"https:\/\/airplantshop.nl\/de\/wp-json\/wp\/v2\/media?parent=15710"}],"wp:term":[{"taxonomy":"product_brand","embeddable":true,"href":"https:\/\/airplantshop.nl\/de\/wp-json\/wp\/v2\/product_brand?post=15710"},{"taxonomy":"product_cat","embeddable":true,"href":"https:\/\/airplantshop.nl\/de\/wp-json\/wp\/v2\/product_cat?post=15710"},{"taxonomy":"product_tag","embeddable":true,"href":"https:\/\/airplantshop.nl\/de\/wp-json\/wp\/v2\/product_tag?post=15710"}],"curies":[{"name":"wp","href":"https:\/\/api.w.org\/{rel}","templated":true}]}}