{"id":15716,"date":"2024-07-30T09:25:41","date_gmt":"2024-07-30T07:25:41","guid":{"rendered":"https:\/\/airplantshop.nl\/?post_type=product&#038;p=15716"},"modified":"2026-03-14T11:35:54","modified_gmt":"2026-03-14T10:35:54","slug":"giftbox-veel-liefs","status":"publish","type":"product","link":"https:\/\/airplantshop.nl\/de\/product\/giftbox-veel-liefs\/","title":{"rendered":"Geschenkbox (Viel Liebe)"},"content":{"rendered":"<p>Diese Geschenkbox ist mit s\u00fc\u00dfen kleinen Luftpflanzen gef\u00fcllt! Wir verzieren die Box immer mit etwas Papierwolle und Dekorationen.<\/p>\n<p>Die Pflanzen auf dem Foto im Geschenkkarton:<br \/>\n&#8211; Tillandsia Butzii Medium<br \/>\n&#8211; Tillandsia Caput Medusae Medium<br \/>\n\u2013 Tillandsia Ionantha (6 kleine)<br \/>\n&#8211; Tillandsia Multiflora Medium<\/p>\n<p class=\"p1\"><b>Pflege: <\/b>Bespr\u00fchen Sie die Luftpflanze ein- bis zweimal pro Woche mit Regenwasser oder unserem N\u00e4hrstoffspray. Stellen Sie sicher, dass die Luftpflanze gen\u00fcgend indirektes Sonnenlicht und frische Luft bekommt.<\/p>\n<p class=\"p1 translation-block\"><b>Bitte beachten Sie:<\/b> Jede Luftpflanze ist ein Unikat, daher kann die bestellte Pflanze leicht von der Luftpflanze auf dem Foto abweichen. Wir versuchen immer die gleichen Pflanzen in die Kiste zu legen wie auf dem Foto.<\/p>\n<p>&nbsp;<\/p>","protected":false},"excerpt":{"rendered":"<p>Diese Geschenkbox ist mit s\u00fc\u00dfen kleinen Luftpflanzen gef\u00fcllt! Wir verzieren die Box immer mit etwas Papierwolle und Dekorationen. Ein gro\u00dfer Spa\u00df zum Verschenken.<\/p>\n<p>&nbsp;<\/p>","protected":false},"featured_media":37737,"comment_status":"open","ping_status":"closed","template":"","meta":{"_acf_changed":false,"rs_blank_template":"","rs_page_bg_color":"","slide_template_v7":""},"product_brand":[],"product_cat":[154,162,161,186],"product_tag":[],"class_list":{"0":"post-15716","1":"product","2":"type-product","3":"status-publish","4":"has-post-thumbnail","6":"product_cat-airplants","7":"product_cat-cadeaus","8":"product_cat-mix","9":"product_cat-uitgelicht","11":"first","12":"instock","13":"taxable","14":"shipping-taxable","15":"purchasable","16":"product-type-simple","17":"add-to-wishlist-after_add_to_cart"},"acf":[],"_links":{"self":[{"href":"https:\/\/airplantshop.nl\/de\/wp-json\/wp\/v2\/product\/15716","targetHints":{"allow":["GET"]}}],"collection":[{"href":"https:\/\/airplantshop.nl\/de\/wp-json\/wp\/v2\/product"}],"about":[{"href":"https:\/\/airplantshop.nl\/de\/wp-json\/wp\/v2\/types\/product"}],"replies":[{"embeddable":true,"href":"https:\/\/airplantshop.nl\/de\/wp-json\/wp\/v2\/comments?post=15716"}],"wp:featuredmedia":[{"embeddable":true,"href":"https:\/\/airplantshop.nl\/de\/wp-json\/wp\/v2\/media\/37737"}],"wp:attachment":[{"href":"https:\/\/airplantshop.nl\/de\/wp-json\/wp\/v2\/media?parent=15716"}],"wp:term":[{"taxonomy":"product_brand","embeddable":true,"href":"https:\/\/airplantshop.nl\/de\/wp-json\/wp\/v2\/product_brand?post=15716"},{"taxonomy":"product_cat","embeddable":true,"href":"https:\/\/airplantshop.nl\/de\/wp-json\/wp\/v2\/product_cat?post=15716"},{"taxonomy":"product_tag","embeddable":true,"href":"https:\/\/airplantshop.nl\/de\/wp-json\/wp\/v2\/product_tag?post=15716"}],"curies":[{"name":"wp","href":"https:\/\/api.w.org\/{rel}","templated":true}]}}