{"id":15718,"date":"2024-07-30T09:33:22","date_gmt":"2024-07-30T07:33:22","guid":{"rendered":"https:\/\/airplantshop.nl\/?post_type=product&#038;p=15718"},"modified":"2026-03-09T07:47:43","modified_gmt":"2026-03-09T06:47:43","slug":"lijm-zuurvrij-watervast","status":"publish","type":"product","link":"https:\/\/airplantshop.nl\/de\/product\/lijm-zuurvrij-watervast\/","title":{"rendered":"Kleber (s\u00e4urefrei\/wasserfest)"},"content":{"rendered":"<p>Der Kleber ist s\u00e4urefrei und wasserfest. Das ist sehr wichtig! Da der Kleber s\u00e4urefrei ist, wird Ihre Luftpflanze bei Kontakt mit dem Kleber nicht besch\u00e4digt. Und da der Kleber wasserfest ist, l\u00f6st sich Ihre Luftpflanze beim Aufspr\u00fchen nicht.<\/p>","protected":false},"excerpt":{"rendered":"<p>Der Kleber ist s\u00e4urefrei und wasserfest, sodass deine Pflanze keinen Schaden nimmt und du sie einfach mit Wasser abspr\u00fchen kannst.<\/p>","protected":false},"featured_media":15719,"comment_status":"open","ping_status":"closed","template":"","meta":{"_acf_changed":false,"rs_blank_template":"","rs_page_bg_color":"","slide_template_v7":""},"product_brand":[],"product_cat":[153,162,190],"product_tag":[],"class_list":{"0":"post-15718","1":"product","2":"type-product","3":"status-publish","4":"has-post-thumbnail","6":"product_cat-accessoires-2","7":"product_cat-cadeaus","8":"product_cat-extras","10":"first","11":"instock","12":"taxable","13":"shipping-taxable","14":"purchasable","15":"product-type-simple","16":"add-to-wishlist-after_add_to_cart"},"acf":[],"_links":{"self":[{"href":"https:\/\/airplantshop.nl\/de\/wp-json\/wp\/v2\/product\/15718","targetHints":{"allow":["GET"]}}],"collection":[{"href":"https:\/\/airplantshop.nl\/de\/wp-json\/wp\/v2\/product"}],"about":[{"href":"https:\/\/airplantshop.nl\/de\/wp-json\/wp\/v2\/types\/product"}],"replies":[{"embeddable":true,"href":"https:\/\/airplantshop.nl\/de\/wp-json\/wp\/v2\/comments?post=15718"}],"wp:featuredmedia":[{"embeddable":true,"href":"https:\/\/airplantshop.nl\/de\/wp-json\/wp\/v2\/media\/15719"}],"wp:attachment":[{"href":"https:\/\/airplantshop.nl\/de\/wp-json\/wp\/v2\/media?parent=15718"}],"wp:term":[{"taxonomy":"product_brand","embeddable":true,"href":"https:\/\/airplantshop.nl\/de\/wp-json\/wp\/v2\/product_brand?post=15718"},{"taxonomy":"product_cat","embeddable":true,"href":"https:\/\/airplantshop.nl\/de\/wp-json\/wp\/v2\/product_cat?post=15718"},{"taxonomy":"product_tag","embeddable":true,"href":"https:\/\/airplantshop.nl\/de\/wp-json\/wp\/v2\/product_tag?post=15718"}],"curies":[{"name":"wp","href":"https:\/\/api.w.org\/{rel}","templated":true}]}}