{"id":15720,"date":"2024-07-30T09:43:22","date_gmt":"2024-07-30T07:43:22","guid":{"rendered":"https:\/\/airplantshop.nl\/?post_type=product&#038;p=15720"},"modified":"2026-03-09T08:04:43","modified_gmt":"2026-03-09T07:04:43","slug":"plantenspuit-120ml","status":"publish","type":"product","link":"https:\/\/airplantshop.nl\/de\/product\/plantenspuit-120ml\/","title":{"rendered":"Pflanzenspr\u00fcher 120ml"},"content":{"rendered":"<p>Luftpflanzen gedeihen bei Feuchtigkeit. Da die meisten H\u00e4user trocken sind, ben\u00f6tigen sie auch Wasser. Mit dieser Pflanzenspritze ist das problemlos m\u00f6glich.<\/p>\n<p>Mit dieser Pflanzenbrause k\u00f6nnen Sie Ihre Tillandsien ganz einfach gie\u00dfen. Ein- bis zweimal pro Woche reicht aus. Wenn Ihre Pflanzen wirklich trocken werden, k\u00f6nnen Sie sie f\u00fcr eine halbe Stunde in ein (Regen-)Wasserbad stellen. Achten Sie darauf, das Wasser anschlie\u00dfend gr\u00fcndlich aus der Pflanze zu sch\u00fctteln.<\/p>","protected":false},"excerpt":{"rendered":"<p>Luftpflanzen gedeihen bei Feuchtigkeit. Da die meisten H\u00e4user trocken sind, ben\u00f6tigen sie auch Wasser. Mit dieser Pflanzenspritze ist das problemlos m\u00f6glich.<\/p>","protected":false},"featured_media":15721,"comment_status":"open","ping_status":"closed","template":"","meta":{"_acf_changed":false,"rs_blank_template":"","rs_page_bg_color":"","slide_template_v7":""},"product_brand":[],"product_cat":[153,162],"product_tag":[],"class_list":{"0":"post-15720","1":"product","2":"type-product","3":"status-publish","4":"has-post-thumbnail","6":"product_cat-accessoires-2","7":"product_cat-cadeaus","9":"first","10":"instock","11":"taxable","12":"shipping-taxable","13":"purchasable","14":"product-type-simple","15":"add-to-wishlist-after_add_to_cart"},"acf":[],"_links":{"self":[{"href":"https:\/\/airplantshop.nl\/de\/wp-json\/wp\/v2\/product\/15720","targetHints":{"allow":["GET"]}}],"collection":[{"href":"https:\/\/airplantshop.nl\/de\/wp-json\/wp\/v2\/product"}],"about":[{"href":"https:\/\/airplantshop.nl\/de\/wp-json\/wp\/v2\/types\/product"}],"replies":[{"embeddable":true,"href":"https:\/\/airplantshop.nl\/de\/wp-json\/wp\/v2\/comments?post=15720"}],"wp:featuredmedia":[{"embeddable":true,"href":"https:\/\/airplantshop.nl\/de\/wp-json\/wp\/v2\/media\/15721"}],"wp:attachment":[{"href":"https:\/\/airplantshop.nl\/de\/wp-json\/wp\/v2\/media?parent=15720"}],"wp:term":[{"taxonomy":"product_brand","embeddable":true,"href":"https:\/\/airplantshop.nl\/de\/wp-json\/wp\/v2\/product_brand?post=15720"},{"taxonomy":"product_cat","embeddable":true,"href":"https:\/\/airplantshop.nl\/de\/wp-json\/wp\/v2\/product_cat?post=15720"},{"taxonomy":"product_tag","embeddable":true,"href":"https:\/\/airplantshop.nl\/de\/wp-json\/wp\/v2\/product_tag?post=15720"}],"curies":[{"name":"wp","href":"https:\/\/api.w.org\/{rel}","templated":true}]}}