{"id":15728,"date":"2024-07-30T10:20:00","date_gmt":"2024-07-30T08:20:00","guid":{"rendered":"https:\/\/airplantshop.nl\/?post_type=product&#038;p=15728"},"modified":"2026-03-09T08:04:26","modified_gmt":"2026-03-09T07:04:26","slug":"tillandsia-voedingsspray-120ml-transparant","status":"publish","type":"product","link":"https:\/\/airplantshop.nl\/de\/product\/tillandsia-voedingsspray-120ml-transparant\/","title":{"rendered":"Tillandsia N\u00e4hrstoffspray 120ml (transparent)"},"content":{"rendered":"<p>Eine Tillandsia lebt in der Natur bei hoher Luftfeuchtigkeit. \u00dcber die kleinen H\u00e4rchen auf ihren Bl\u00e4ttern nehmen sie Feuchtigkeit und N\u00e4hrstoffe aus der Luft auf. Da die meisten H\u00e4user trocken sind, ben\u00f6tigen sie auch Wasser. Mit der Pflanzenbrause k\u00f6nnen Sie die Luftpflanzen gie\u00dfen, indem Sie die Bl\u00e4tter bespr\u00fchen (nicht die Unterseite der Pflanze bespr\u00fchen).<\/p>\n<p><span style=\"font-size: 14px;\">Eine Tillandsia lebt in der Natur bei hoher Luftfeuchtigkeit. \u00dcber die kleinen H\u00e4rchen auf ihren Bl\u00e4ttern nehmen sie Feuchtigkeit und N\u00e4hrstoffe aus der Luft auf. Da die meisten H\u00e4user trocken sind, ben\u00f6tigen sie auch Wasser. Mit der Pflanzenbrause k\u00f6nnen Sie die Luftpflanzen gie\u00dfen, indem Sie die Bl\u00e4tter bespr\u00fchen (nicht die Unterseite der Pflanze bespr\u00fchen).<\/span><\/p>\n<p>Zus\u00e4tzlich zum \u00fcblichen Gie\u00dfen k\u00f6nnen Sie Ihre Tillandsia auch mit diesem Airplant-N\u00e4hrstoffspray verw\u00f6hnen. <strong>This spray is an addition and not a replacement for watering<\/strong>. Spr\u00fchen Sie diesen D\u00fcnger alle 2 Wochen auf die Bl\u00e4tter Ihrer Tillandsia(n), um sie mit zus\u00e4tzlichen N\u00e4hrstoffen zu versorgen.<\/p>","protected":false},"excerpt":{"rendered":"<p>Een Tillandsia leeft in de natuur van hoge luchtvochtigheid. Vocht en voedingsstoffen halen ze uit de lucht via kleine haartjes op hun<\/p>","protected":false},"featured_media":15729,"comment_status":"open","ping_status":"closed","template":"","meta":{"_acf_changed":false,"rs_blank_template":"","rs_page_bg_color":"","slide_template_v7":""},"product_brand":[],"product_cat":[153,162,161],"product_tag":[],"class_list":{"0":"post-15728","1":"product","2":"type-product","3":"status-publish","4":"has-post-thumbnail","6":"product_cat-accessoires-2","7":"product_cat-cadeaus","8":"product_cat-mix","10":"first","11":"instock","12":"taxable","13":"shipping-taxable","14":"purchasable","15":"product-type-simple","16":"add-to-wishlist-after_add_to_cart"},"acf":[],"_links":{"self":[{"href":"https:\/\/airplantshop.nl\/de\/wp-json\/wp\/v2\/product\/15728","targetHints":{"allow":["GET"]}}],"collection":[{"href":"https:\/\/airplantshop.nl\/de\/wp-json\/wp\/v2\/product"}],"about":[{"href":"https:\/\/airplantshop.nl\/de\/wp-json\/wp\/v2\/types\/product"}],"replies":[{"embeddable":true,"href":"https:\/\/airplantshop.nl\/de\/wp-json\/wp\/v2\/comments?post=15728"}],"wp:featuredmedia":[{"embeddable":true,"href":"https:\/\/airplantshop.nl\/de\/wp-json\/wp\/v2\/media\/15729"}],"wp:attachment":[{"href":"https:\/\/airplantshop.nl\/de\/wp-json\/wp\/v2\/media?parent=15728"}],"wp:term":[{"taxonomy":"product_brand","embeddable":true,"href":"https:\/\/airplantshop.nl\/de\/wp-json\/wp\/v2\/product_brand?post=15728"},{"taxonomy":"product_cat","embeddable":true,"href":"https:\/\/airplantshop.nl\/de\/wp-json\/wp\/v2\/product_cat?post=15728"},{"taxonomy":"product_tag","embeddable":true,"href":"https:\/\/airplantshop.nl\/de\/wp-json\/wp\/v2\/product_tag?post=15728"}],"curies":[{"name":"wp","href":"https:\/\/api.w.org\/{rel}","templated":true}]}}