{"id":15740,"date":"2024-07-30T11:07:15","date_gmt":"2024-07-30T09:07:15","guid":{"rendered":"https:\/\/airplantshop.nl\/?post_type=product&#038;p=15740"},"modified":"2026-04-12T10:53:04","modified_gmt":"2026-04-12T08:53:04","slug":"spaans-mos-tillandsia-usneoides","status":"publish","type":"product","link":"https:\/\/airplantshop.nl\/de\/product\/spaans-mos-tillandsia-usneoides\/","title":{"rendered":"Spanisches Moos - Tillandsia Usneoides"},"content":{"rendered":"<p>Bei dieser Luftpflanze handelt es sich um eine Art, die man haupts\u00e4chlich in subtropischen Gebieten findet. Die meisten Leute kennen es unter der Bezeichnung Spanisches Moos, der richtige Name dieser Pflanze lautet jedoch Tillandsia Usneoides. Spanisches Moos wird h\u00e4ufig zum Dekorieren oder F\u00fcllen von Schalen\/Vasen verwendet.<\/p>\n<p class=\"p1\"><b>Ma\u00dfe: <\/b>40-50 Zentimeter lang (60-70 Gramm)<\/p>\n<p class=\"p1\"><b>Pflege: <\/b>Bespr\u00fchen Sie das Moos regelm\u00e4\u00dfig mit Regenwasser oder unserem N\u00e4hrstoffspray. Stellen Sie sicher, dass die Luftpflanze gen\u00fcgend indirektes Sonnenlicht und frische Luft bekommt.<\/p>\n<p class=\"p1\"><b>Achtung:<\/b> Jede Luftpflanze ist einzigartig, daher kann die bestellte Pflanze leicht von der Luftpflanze auf dem Foto abweichen.<\/p>","protected":false},"excerpt":{"rendered":"<p>Bei dieser Luftpflanze handelt es sich um eine Art, die man haupts\u00e4chlich in subtropischen Gebieten findet. Die meisten Leute kennen es unter der Bezeichnung Spanisches Moos, der richtige Name dieser Pflanze lautet jedoch Tillandsia Usneoides.<\/p>","protected":false},"featured_media":15739,"comment_status":"open","ping_status":"closed","template":"","meta":{"_acf_changed":false,"rs_blank_template":"","rs_page_bg_color":"","slide_template_v7":""},"product_brand":[],"product_cat":[154,188],"product_tag":[],"class_list":{"0":"post-15740","1":"product","2":"type-product","3":"status-publish","4":"has-post-thumbnail","6":"product_cat-airplants","7":"product_cat-favorieten","9":"first","10":"outofstock","11":"taxable","12":"shipping-taxable","13":"purchasable","14":"product-type-simple","15":"add-to-wishlist-after_add_to_cart"},"acf":[],"_links":{"self":[{"href":"https:\/\/airplantshop.nl\/de\/wp-json\/wp\/v2\/product\/15740","targetHints":{"allow":["GET"]}}],"collection":[{"href":"https:\/\/airplantshop.nl\/de\/wp-json\/wp\/v2\/product"}],"about":[{"href":"https:\/\/airplantshop.nl\/de\/wp-json\/wp\/v2\/types\/product"}],"replies":[{"embeddable":true,"href":"https:\/\/airplantshop.nl\/de\/wp-json\/wp\/v2\/comments?post=15740"}],"wp:featuredmedia":[{"embeddable":true,"href":"https:\/\/airplantshop.nl\/de\/wp-json\/wp\/v2\/media\/15739"}],"wp:attachment":[{"href":"https:\/\/airplantshop.nl\/de\/wp-json\/wp\/v2\/media?parent=15740"}],"wp:term":[{"taxonomy":"product_brand","embeddable":true,"href":"https:\/\/airplantshop.nl\/de\/wp-json\/wp\/v2\/product_brand?post=15740"},{"taxonomy":"product_cat","embeddable":true,"href":"https:\/\/airplantshop.nl\/de\/wp-json\/wp\/v2\/product_cat?post=15740"},{"taxonomy":"product_tag","embeddable":true,"href":"https:\/\/airplantshop.nl\/de\/wp-json\/wp\/v2\/product_tag?post=15740"}],"curies":[{"name":"wp","href":"https:\/\/api.w.org\/{rel}","templated":true}]}}