{"id":15742,"date":"2024-07-30T11:22:29","date_gmt":"2024-07-30T09:22:29","guid":{"rendered":"https:\/\/airplantshop.nl\/?post_type=product&#038;p=15742"},"modified":"2026-03-09T08:32:14","modified_gmt":"2026-03-09T07:32:14","slug":"cadeaubon","status":"publish","type":"product","link":"https:\/\/airplantshop.nl\/de\/product\/cadeaubon\/","title":{"rendered":"Geschenkgutschein"},"content":{"rendered":"<p>M\u00f6chten Sie jemanden mit einem originellen Geschenk \u00fcberraschen? Mit unserem Geschenkgutschein k\u00f6nnen Sie jemandem sch\u00f6ne Luftpflanzen oder Accessoires f\u00fcr sein Zuhause schenken. Dieser Geschenkgutschein ist nur online einl\u00f6sbar und nur einmal g\u00fcltig.<\/p>\n<p>&nbsp;<\/p>","protected":false},"excerpt":{"rendered":"<p>Wil je iemand verrassen met een origineel cadeau? Met onze cadeaubon kun je iemand zelf mooie airplants of accessoires voor in huis<\/p>","protected":false},"featured_media":37779,"comment_status":"open","ping_status":"closed","template":"","meta":{"_acf_changed":false,"rs_blank_template":"","rs_page_bg_color":"","slide_template_v7":""},"product_brand":[],"product_cat":[187,154,162,186],"product_tag":[],"class_list":{"0":"post-15742","1":"product","2":"type-product","3":"status-publish","4":"has-post-thumbnail","6":"product_cat-airplant-cadeau","7":"product_cat-airplants","8":"product_cat-cadeaus","9":"product_cat-uitgelicht","11":"first","12":"instock","13":"taxable","14":"shipping-taxable","15":"purchasable","16":"product-type-variable","17":"add-to-wishlist-after_add_to_cart"},"acf":[],"_links":{"self":[{"href":"https:\/\/airplantshop.nl\/de\/wp-json\/wp\/v2\/product\/15742","targetHints":{"allow":["GET"]}}],"collection":[{"href":"https:\/\/airplantshop.nl\/de\/wp-json\/wp\/v2\/product"}],"about":[{"href":"https:\/\/airplantshop.nl\/de\/wp-json\/wp\/v2\/types\/product"}],"replies":[{"embeddable":true,"href":"https:\/\/airplantshop.nl\/de\/wp-json\/wp\/v2\/comments?post=15742"}],"wp:featuredmedia":[{"embeddable":true,"href":"https:\/\/airplantshop.nl\/de\/wp-json\/wp\/v2\/media\/37779"}],"wp:attachment":[{"href":"https:\/\/airplantshop.nl\/de\/wp-json\/wp\/v2\/media?parent=15742"}],"wp:term":[{"taxonomy":"product_brand","embeddable":true,"href":"https:\/\/airplantshop.nl\/de\/wp-json\/wp\/v2\/product_brand?post=15742"},{"taxonomy":"product_cat","embeddable":true,"href":"https:\/\/airplantshop.nl\/de\/wp-json\/wp\/v2\/product_cat?post=15742"},{"taxonomy":"product_tag","embeddable":true,"href":"https:\/\/airplantshop.nl\/de\/wp-json\/wp\/v2\/product_tag?post=15742"}],"curies":[{"name":"wp","href":"https:\/\/api.w.org\/{rel}","templated":true}]}}