{"id":15748,"date":"2024-07-30T11:44:36","date_gmt":"2024-07-30T09:44:36","guid":{"rendered":"https:\/\/airplantshop.nl\/?post_type=product&#038;p=15748"},"modified":"2026-04-07T19:17:32","modified_gmt":"2026-04-07T17:17:32","slug":"jellyfish-large","status":"publish","type":"product","link":"https:\/\/airplantshop.nl\/de\/product\/jellyfish-large\/","title":{"rendered":"Jellyfish Large"},"content":{"rendered":"<p>Diese Qualle mit Luftpflanze ist derzeit angesagt und im Trend, ein echter Hingucker in Ihrem Zuhause!<br \/>\nDieses Produkt enth\u00e4lt einen Seeigel und eine passende Luftpflanze. H\u00e4ngen Sie die Qualle mit der Luftpflanze mithilfe der mitgelieferten Angelschnur auf. Da es fast nichts wiegt, k\u00f6nnen Sie es \u00fcberall aufh\u00e4ngen. Denken Sie an die Gardinenstange oder ein Regal oder einen Haken an der Wand.<\/p>\n<p class=\"p1\"><b>Spezies: <\/b>Spaans mos, Caput Medusae, Cotton Candy<\/p>\n<p class=\"p1\"><b>Pflege: <\/b>Bespr\u00fchen Sie die Luftpflanze ein- bis zweimal pro Woche mit Regenwasser oder unserem N\u00e4hrstoffspray. Stellen Sie sicher, dass die Luftpflanze gen\u00fcgend indirektes Sonnenlicht und frische Luft bekommt.<\/p>\n<p class=\"p1\"><b>Achtung:<\/b> Jede Luftpflanze und Muschel ist ein Unikat, daher kann das bestellte Produkt leicht vom Produkt auf dem Foto abweichen. Beispielsweise kann die Schale eine leicht andere Farbe haben. Legen Sie die Schale nicht ins Wasser, da sie sonst zerbrechen kann.<\/p>","protected":false},"excerpt":{"rendered":"<p>Unser Bestseller: die Qualle mit Luftpflanze! Diese Qualle ist mit Spanischem Moos, Caput Medusae oder Zuckerwatte erh\u00e4ltlich.<\/p>\n<p>&nbsp;<\/p>\n<p>&nbsp;<\/p>","protected":false},"featured_media":37103,"comment_status":"open","ping_status":"closed","template":"","meta":{"_acf_changed":false,"rs_blank_template":"","rs_page_bg_color":"","slide_template_v7":""},"product_brand":[],"product_cat":[189,162,163],"product_tag":[182],"class_list":{"0":"post-15748","1":"product","2":"type-product","3":"status-publish","4":"has-post-thumbnail","6":"product_cat-bekend-van-tv","7":"product_cat-cadeaus","8":"product_cat-jellyfish","9":"product_tag-tv","11":"first","12":"instock","13":"taxable","14":"shipping-taxable","15":"purchasable","16":"product-type-variable","17":"add-to-wishlist-after_add_to_cart"},"acf":[],"_links":{"self":[{"href":"https:\/\/airplantshop.nl\/de\/wp-json\/wp\/v2\/product\/15748","targetHints":{"allow":["GET"]}}],"collection":[{"href":"https:\/\/airplantshop.nl\/de\/wp-json\/wp\/v2\/product"}],"about":[{"href":"https:\/\/airplantshop.nl\/de\/wp-json\/wp\/v2\/types\/product"}],"replies":[{"embeddable":true,"href":"https:\/\/airplantshop.nl\/de\/wp-json\/wp\/v2\/comments?post=15748"}],"wp:featuredmedia":[{"embeddable":true,"href":"https:\/\/airplantshop.nl\/de\/wp-json\/wp\/v2\/media\/37103"}],"wp:attachment":[{"href":"https:\/\/airplantshop.nl\/de\/wp-json\/wp\/v2\/media?parent=15748"}],"wp:term":[{"taxonomy":"product_brand","embeddable":true,"href":"https:\/\/airplantshop.nl\/de\/wp-json\/wp\/v2\/product_brand?post=15748"},{"taxonomy":"product_cat","embeddable":true,"href":"https:\/\/airplantshop.nl\/de\/wp-json\/wp\/v2\/product_cat?post=15748"},{"taxonomy":"product_tag","embeddable":true,"href":"https:\/\/airplantshop.nl\/de\/wp-json\/wp\/v2\/product_tag?post=15748"}],"curies":[{"name":"wp","href":"https:\/\/api.w.org\/{rel}","templated":true}]}}