{"id":15757,"date":"2024-07-30T12:00:11","date_gmt":"2024-07-30T10:00:11","guid":{"rendered":"https:\/\/airplantshop.nl\/?post_type=product&#038;p=15757"},"modified":"2026-04-05T12:07:47","modified_gmt":"2026-04-05T10:07:47","slug":"jellyfish-large-trio","status":"publish","type":"product","link":"https:\/\/airplantshop.nl\/de\/product\/jellyfish-large-trio\/","title":{"rendered":"Jellyfish Large Trio"},"content":{"rendered":"<p>Deze Jellyfish Large Trio met airplant is op dit moment hot en trendy, een echte eye-catcher in huis!<br \/>\nH\u00e4ngen Sie die Qualle mit Spanischem Moos und der mitgelieferten Angelschnur auf. Da es fast nichts wiegt, k\u00f6nnen Sie es \u00fcberall aufh\u00e4ngen. Denken Sie an die Gardinenstange oder ein Regal oder einen Haken an der Wand.<\/p>\n<p class=\"p1\"><b>Gr\u00f6\u00dfe: <\/b>Die Schale ist 6 bis 10 Zentimeter breit<\/p>\n<p class=\"p1\"><b>Pflege: <\/b>Bespr\u00fchen Sie die Luftpflanze ein- bis zweimal pro Woche mit Regenwasser oder unserem N\u00e4hrstoffspray. Stellen Sie sicher, dass die Luftpflanze gen\u00fcgend indirektes Sonnenlicht und frische Luft bekommt.<\/p>\n<p class=\"p1\"><b>Achtung:<\/b> Jede Luftpflanze und Muschel ist ein Unikat, daher kann das bestellte Produkt leicht vom Produkt auf dem Foto abweichen. Beispielsweise kann die Schale eine leicht andere Farbe haben. Legen Sie die Schale nicht ins Wasser, da sie sonst zerbrechen kann.<\/p>","protected":false},"excerpt":{"rendered":"<p>Onze bestseller: de Jellyfish Large Trio met Spaans Mos. Gezien op tv \u00e9n een echte eye-catcher voor in huis! Makkelijk op te hangen met onze plafondhaakjes.<\/p>","protected":false},"featured_media":15758,"comment_status":"open","ping_status":"closed","template":"","meta":{"_acf_changed":false,"rs_blank_template":"","rs_page_bg_color":"","slide_template_v7":""},"product_brand":[],"product_cat":[189,162,181,163],"product_tag":[],"class_list":{"0":"post-15757","1":"product","2":"type-product","3":"status-publish","4":"has-post-thumbnail","6":"product_cat-bekend-van-tv","7":"product_cat-cadeaus","8":"product_cat-gezien-op-tv","9":"product_cat-jellyfish","11":"first","12":"instock","13":"taxable","14":"shipping-taxable","15":"purchasable","16":"product-type-simple","17":"add-to-wishlist-after_add_to_cart"},"acf":[],"_links":{"self":[{"href":"https:\/\/airplantshop.nl\/de\/wp-json\/wp\/v2\/product\/15757","targetHints":{"allow":["GET"]}}],"collection":[{"href":"https:\/\/airplantshop.nl\/de\/wp-json\/wp\/v2\/product"}],"about":[{"href":"https:\/\/airplantshop.nl\/de\/wp-json\/wp\/v2\/types\/product"}],"replies":[{"embeddable":true,"href":"https:\/\/airplantshop.nl\/de\/wp-json\/wp\/v2\/comments?post=15757"}],"wp:featuredmedia":[{"embeddable":true,"href":"https:\/\/airplantshop.nl\/de\/wp-json\/wp\/v2\/media\/15758"}],"wp:attachment":[{"href":"https:\/\/airplantshop.nl\/de\/wp-json\/wp\/v2\/media?parent=15757"}],"wp:term":[{"taxonomy":"product_brand","embeddable":true,"href":"https:\/\/airplantshop.nl\/de\/wp-json\/wp\/v2\/product_brand?post=15757"},{"taxonomy":"product_cat","embeddable":true,"href":"https:\/\/airplantshop.nl\/de\/wp-json\/wp\/v2\/product_cat?post=15757"},{"taxonomy":"product_tag","embeddable":true,"href":"https:\/\/airplantshop.nl\/de\/wp-json\/wp\/v2\/product_tag?post=15757"}],"curies":[{"name":"wp","href":"https:\/\/api.w.org\/{rel}","templated":true}]}}