{"id":15778,"date":"2024-08-01T11:43:31","date_gmt":"2024-08-01T09:43:31","guid":{"rendered":"https:\/\/airplantshop.nl\/?post_type=product&#038;p=15778"},"modified":"2026-03-09T08:32:40","modified_gmt":"2026-03-09T07:32:40","slug":"jellyfish-wit-small","status":"publish","type":"product","link":"https:\/\/airplantshop.nl\/de\/product\/jellyfish-wit-small\/","title":{"rendered":"Jellyfish Wei\u00df Klein"},"content":{"rendered":"<p>Diese Qualle mit Luftpflanze ist derzeit angesagt und im Trend, ein echter Hingucker in Ihrem Zuhause!<br \/>\nH\u00e4ngen Sie die Qualle mit der Luftpflanze mithilfe der mitgelieferten Angelschnur auf. Da es fast nichts wiegt, k\u00f6nnen Sie es \u00fcberall aufh\u00e4ngen. Denken Sie an die Gardinenstange oder ein Regal oder einen Haken an der Wand.<\/p>\n<p class=\"p1\"><b>Gr\u00f6\u00dfe: <\/b>De schelp is 4 tot 5 centimeter breed<\/p>\n<p class=\"p1\"><b>Pflege: <\/b>Bespr\u00fchen Sie die Luftpflanze ein- bis zweimal pro Woche mit Regenwasser oder unserem N\u00e4hrstoffspray. Stellen Sie sicher, dass die Luftpflanze gen\u00fcgend indirektes Sonnenlicht und frische Luft bekommt.<\/p>\n<p class=\"p1\"><b>Achtung:<\/b> Jede Luftpflanze und Muschel ist ein Unikat, daher kann das bestellte Produkt leicht vom Produkt auf dem Foto abweichen. Beispielsweise kann die Schale eine leicht andere Farbe haben. Legen Sie die Schale nicht ins Wasser, da sie sonst zerbrechen kann.<\/p>","protected":false},"excerpt":{"rendered":"<p>Unser Bestseller: die Qualle mit Spanischem Moos. Ein echter Hingucker f\u00fcr Ihr Zuhause! Einfaches Aufh\u00e4ngen mit unseren Deckenhaken.<\/p>","protected":false},"featured_media":15779,"comment_status":"open","ping_status":"closed","template":"","meta":{"_acf_changed":false,"rs_blank_template":"","rs_page_bg_color":"","slide_template_v7":""},"product_brand":[],"product_cat":[162,181,163],"product_tag":[],"class_list":{"0":"post-15778","1":"product","2":"type-product","3":"status-publish","4":"has-post-thumbnail","6":"product_cat-cadeaus","7":"product_cat-gezien-op-tv","8":"product_cat-jellyfish","10":"first","11":"instock","12":"taxable","13":"shipping-taxable","14":"purchasable","15":"product-type-variable","16":"add-to-wishlist-after_add_to_cart"},"acf":[],"_links":{"self":[{"href":"https:\/\/airplantshop.nl\/de\/wp-json\/wp\/v2\/product\/15778","targetHints":{"allow":["GET"]}}],"collection":[{"href":"https:\/\/airplantshop.nl\/de\/wp-json\/wp\/v2\/product"}],"about":[{"href":"https:\/\/airplantshop.nl\/de\/wp-json\/wp\/v2\/types\/product"}],"replies":[{"embeddable":true,"href":"https:\/\/airplantshop.nl\/de\/wp-json\/wp\/v2\/comments?post=15778"}],"wp:featuredmedia":[{"embeddable":true,"href":"https:\/\/airplantshop.nl\/de\/wp-json\/wp\/v2\/media\/15779"}],"wp:attachment":[{"href":"https:\/\/airplantshop.nl\/de\/wp-json\/wp\/v2\/media?parent=15778"}],"wp:term":[{"taxonomy":"product_brand","embeddable":true,"href":"https:\/\/airplantshop.nl\/de\/wp-json\/wp\/v2\/product_brand?post=15778"},{"taxonomy":"product_cat","embeddable":true,"href":"https:\/\/airplantshop.nl\/de\/wp-json\/wp\/v2\/product_cat?post=15778"},{"taxonomy":"product_tag","embeddable":true,"href":"https:\/\/airplantshop.nl\/de\/wp-json\/wp\/v2\/product_tag?post=15778"}],"curies":[{"name":"wp","href":"https:\/\/api.w.org\/{rel}","templated":true}]}}