{"id":15791,"date":"2024-08-01T13:19:59","date_gmt":"2024-08-01T11:19:59","guid":{"rendered":"https:\/\/airplantshop.nl\/?post_type=product&#038;p=15791"},"modified":"2026-04-16T13:16:02","modified_gmt":"2026-04-16T11:16:02","slug":"diy-zeepok-met-airplants","status":"publish","type":"product","link":"https:\/\/airplantshop.nl\/de\/product\/diy-zeepok-met-airplants\/","title":{"rendered":"DIY: Seepocke mit Luftpflanzen"},"content":{"rendered":"<p>Diese Seepocke ist ein echter Hingucker f\u00fcr jedes Wohnzimmer oder B\u00fcro! Im Lieferumfang der etwa 15 Zentimeter gro\u00dfen Schale sind 5 Luftpflanzen enthalten, die in die L\u00f6cher in der Schale eingesetzt werden k\u00f6nnen. Au\u00dferdem erhalten Sie eine Tube wasserfesten und s\u00e4urefreien Kleber zum Befestigen der Pflanzen an der Seepocke.<\/p>\n<p><strong>Airplants:<\/strong> Tillandsia Ionantha Large, Tillandsia Ionantha Small, Tillandsia Baileyi, Tillandsia Brachycaulos var. multiflora of Tillandsia Capitata &amp; Tillandsia Argentea<\/p>\n<p><strong>Versenden:<\/strong>Um zu verhindern, dass die Schale w\u00e4hrend des Transports kaputt geht, verpacken wir sie in Luftpolsterfolie. Die Luftpflanzen liefern wir separat.<\/p>\n<p class=\"p1\"><b>Ma\u00dfe: <\/b>Die Schale ist etwa 15 Zentimeter gro\u00df<\/p>\n<p class=\"p1\"><b>Pflege: <\/b>Bespr\u00fchen Sie die Luftpflanze ein- bis zweimal pro Woche mit Regenwasser oder unserem N\u00e4hrstoffspray. Stellen Sie sicher, dass die Luftpflanze gen\u00fcgend indirektes Sonnenlicht und frische Luft bekommt.<\/p>\n<p class=\"p1\"><b>Achtung:<\/b> Ieder luchtplantje is uniek, waardoor het bestelde plantje iets kan afwijken van het luchtplantje op de foto. Dit geldt ook voor de zeepok. Omdat het een natuurproduct is, is iedere schelp uniek.<\/p>","protected":false},"excerpt":{"rendered":"<p>Diese Seepocke ist ein echter Hingucker f\u00fcr Ihr Zuhause oder B\u00fcro. Die Schale wird mit f\u00fcnf Luftpflanzen und Klebstoff geliefert.<\/p>","protected":false},"featured_media":37371,"comment_status":"open","ping_status":"closed","template":"","meta":{"_acf_changed":false,"rs_blank_template":"","rs_page_bg_color":"","slide_template_v7":""},"product_brand":[],"product_cat":[153,162,164,168],"product_tag":[],"class_list":{"0":"post-15791","1":"product","2":"type-product","3":"status-publish","4":"has-post-thumbnail","6":"product_cat-accessoires-2","7":"product_cat-cadeaus","8":"product_cat-diy","9":"product_cat-sale","11":"first","12":"instock","13":"sale","14":"taxable","15":"shipping-taxable","16":"purchasable","17":"product-type-simple","18":"add-to-wishlist-after_add_to_cart"},"acf":[],"_links":{"self":[{"href":"https:\/\/airplantshop.nl\/de\/wp-json\/wp\/v2\/product\/15791","targetHints":{"allow":["GET"]}}],"collection":[{"href":"https:\/\/airplantshop.nl\/de\/wp-json\/wp\/v2\/product"}],"about":[{"href":"https:\/\/airplantshop.nl\/de\/wp-json\/wp\/v2\/types\/product"}],"replies":[{"embeddable":true,"href":"https:\/\/airplantshop.nl\/de\/wp-json\/wp\/v2\/comments?post=15791"}],"wp:featuredmedia":[{"embeddable":true,"href":"https:\/\/airplantshop.nl\/de\/wp-json\/wp\/v2\/media\/37371"}],"wp:attachment":[{"href":"https:\/\/airplantshop.nl\/de\/wp-json\/wp\/v2\/media?parent=15791"}],"wp:term":[{"taxonomy":"product_brand","embeddable":true,"href":"https:\/\/airplantshop.nl\/de\/wp-json\/wp\/v2\/product_brand?post=15791"},{"taxonomy":"product_cat","embeddable":true,"href":"https:\/\/airplantshop.nl\/de\/wp-json\/wp\/v2\/product_cat?post=15791"},{"taxonomy":"product_tag","embeddable":true,"href":"https:\/\/airplantshop.nl\/de\/wp-json\/wp\/v2\/product_tag?post=15791"}],"curies":[{"name":"wp","href":"https:\/\/api.w.org\/{rel}","templated":true}]}}