{"id":15793,"date":"2024-08-01T13:31:22","date_gmt":"2024-08-01T11:31:22","guid":{"rendered":"https:\/\/airplantshop.nl\/?post_type=product&#038;p=15793"},"modified":"2026-03-09T07:32:13","modified_gmt":"2026-03-09T06:32:13","slug":"x-mass-ball-goud-met-airplant","status":"publish","type":"product","link":"https:\/\/airplantshop.nl\/de\/product\/x-mass-ball-goud-met-airplant\/","title":{"rendered":"Weihnachtskugel Gold mit Luftpflanze"},"content":{"rendered":"<p>Sie w\u00fcnschen sich eine wirklich originelle Weihnachtskugel f\u00fcr Ihren Weihnachtsbaum? Oder w\u00fcnschen Sie sich ein einzigartiges (Weihnachts-)Accessoire f\u00fcr Ihr Zuhause? Dann ist diese Weihnachtskugel mit Tillandsien genau das Richtige f\u00fcr Sie! Dieses Produkt ist bei uns in Schwarz und Gold erh\u00e4ltlich. Die Metallkugel wird mit einer Tillandsia Capitata Medium oder einer vergleichbaren Luftpflanze geliefert.<\/p>\n<p class=\"p1\"><b>Ma\u00dfe: <\/b>10 Zentimeter<\/p>\n<p class=\"p1\"><b>Pflege: <\/b>Bespr\u00fchen Sie die Luftpflanze ein- bis zweimal pro Woche mit Regenwasser oder unserem N\u00e4hrstoffspray. Stellen Sie sicher, dass die Luftpflanze gen\u00fcgend indirektes Sonnenlicht und frische Luft bekommt.<\/p>\n<p class=\"p1\"><b>Achtung:<\/b> Jede Luftpflanze ist einzigartig, daher kann die bestellte Pflanze leicht von der Luftpflanze auf dem Foto abweichen.<\/p>","protected":false},"excerpt":{"rendered":"<p>Diese goldfarbene Weihnachtskugel mit Tillandsien ist das perfekte weihnachtliche Accessoire f\u00fcr den Weihnachtsbaum oder im Haus.<\/p>","protected":false},"featured_media":15794,"comment_status":"open","ping_status":"closed","template":"","meta":{"_acf_changed":false,"rs_blank_template":"","rs_page_bg_color":"","slide_template_v7":""},"product_brand":[],"product_cat":[153,162,165],"product_tag":[],"class_list":{"0":"post-15793","1":"product","2":"type-product","3":"status-publish","4":"has-post-thumbnail","6":"product_cat-accessoires-2","7":"product_cat-cadeaus","8":"product_cat-kerst","10":"first","11":"instock","12":"taxable","13":"shipping-taxable","14":"purchasable","15":"product-type-simple","16":"add-to-wishlist-after_add_to_cart"},"acf":[],"_links":{"self":[{"href":"https:\/\/airplantshop.nl\/de\/wp-json\/wp\/v2\/product\/15793","targetHints":{"allow":["GET"]}}],"collection":[{"href":"https:\/\/airplantshop.nl\/de\/wp-json\/wp\/v2\/product"}],"about":[{"href":"https:\/\/airplantshop.nl\/de\/wp-json\/wp\/v2\/types\/product"}],"replies":[{"embeddable":true,"href":"https:\/\/airplantshop.nl\/de\/wp-json\/wp\/v2\/comments?post=15793"}],"wp:featuredmedia":[{"embeddable":true,"href":"https:\/\/airplantshop.nl\/de\/wp-json\/wp\/v2\/media\/15794"}],"wp:attachment":[{"href":"https:\/\/airplantshop.nl\/de\/wp-json\/wp\/v2\/media?parent=15793"}],"wp:term":[{"taxonomy":"product_brand","embeddable":true,"href":"https:\/\/airplantshop.nl\/de\/wp-json\/wp\/v2\/product_brand?post=15793"},{"taxonomy":"product_cat","embeddable":true,"href":"https:\/\/airplantshop.nl\/de\/wp-json\/wp\/v2\/product_cat?post=15793"},{"taxonomy":"product_tag","embeddable":true,"href":"https:\/\/airplantshop.nl\/de\/wp-json\/wp\/v2\/product_tag?post=15793"}],"curies":[{"name":"wp","href":"https:\/\/api.w.org\/{rel}","templated":true}]}}