{"id":15805,"date":"2024-08-01T14:15:23","date_gmt":"2024-08-01T12:15:23","guid":{"rendered":"https:\/\/airplantshop.nl\/?post_type=product&#038;p=15805"},"modified":"2026-03-19T10:53:06","modified_gmt":"2026-03-19T09:53:06","slug":"metal-candle-holder-donker-blauw-met-airplant","status":"publish","type":"product","link":"https:\/\/airplantshop.nl\/de\/product\/metal-candle-holder-donker-blauw-met-airplant\/","title":{"rendered":"Kerzenhalter aus Metall (dunkelblau) mit Luftpflanze"},"content":{"rendered":"<p>Dieser trendige Kerzenhalter aus Messing ist in 4 verschiedenen Farben erh\u00e4ltlich. In der Mitte des Kerzenst\u00e4nders befindet sich eine wundersch\u00f6ne Tillandsia Capitata.<\/p>\n<p class=\"p1\"><b>Ma\u00dfe: <\/b>5 Zentimeter hoch, 10 Zentimeter Durchmesser<\/p>\n<p class=\"p1\"><b>Pflege: <\/b>Bespr\u00fchen Sie die Luftpflanze ein- bis zweimal pro Woche mit Regenwasser oder unserem N\u00e4hrstoffspray. Stellen Sie sicher, dass die Luftpflanze gen\u00fcgend indirektes Sonnenlicht und frische Luft bekommt.<\/p>\n<p class=\"p1\"><b>Achtung:<\/b> Jede Luftpflanze ist einzigartig, daher kann die bestellte Pflanze leicht von der Luftpflanze auf dem Foto abweichen.<\/p>","protected":false},"excerpt":{"rendered":"<p>Dieser trendige Kerzenhalter aus Messing ist in 4 verschiedenen Farben erh\u00e4ltlich. In der Mitte des Kerzenst\u00e4nders befindet sich eine wundersch\u00f6ne Tillandsia Capitata.<\/p>","protected":false},"featured_media":15806,"comment_status":"open","ping_status":"closed","template":"","meta":{"_acf_changed":false,"rs_blank_template":"","rs_page_bg_color":"","slide_template_v7":""},"product_brand":[],"product_cat":[153,162],"product_tag":[],"class_list":{"0":"post-15805","1":"product","2":"type-product","3":"status-publish","4":"has-post-thumbnail","6":"product_cat-accessoires-2","7":"product_cat-cadeaus","9":"first","10":"outofstock","11":"sale","12":"taxable","13":"shipping-taxable","14":"purchasable","15":"product-type-simple","16":"add-to-wishlist-after_add_to_cart"},"acf":[],"_links":{"self":[{"href":"https:\/\/airplantshop.nl\/de\/wp-json\/wp\/v2\/product\/15805","targetHints":{"allow":["GET"]}}],"collection":[{"href":"https:\/\/airplantshop.nl\/de\/wp-json\/wp\/v2\/product"}],"about":[{"href":"https:\/\/airplantshop.nl\/de\/wp-json\/wp\/v2\/types\/product"}],"replies":[{"embeddable":true,"href":"https:\/\/airplantshop.nl\/de\/wp-json\/wp\/v2\/comments?post=15805"}],"wp:featuredmedia":[{"embeddable":true,"href":"https:\/\/airplantshop.nl\/de\/wp-json\/wp\/v2\/media\/15806"}],"wp:attachment":[{"href":"https:\/\/airplantshop.nl\/de\/wp-json\/wp\/v2\/media?parent=15805"}],"wp:term":[{"taxonomy":"product_brand","embeddable":true,"href":"https:\/\/airplantshop.nl\/de\/wp-json\/wp\/v2\/product_brand?post=15805"},{"taxonomy":"product_cat","embeddable":true,"href":"https:\/\/airplantshop.nl\/de\/wp-json\/wp\/v2\/product_cat?post=15805"},{"taxonomy":"product_tag","embeddable":true,"href":"https:\/\/airplantshop.nl\/de\/wp-json\/wp\/v2\/product_tag?post=15805"}],"curies":[{"name":"wp","href":"https:\/\/api.w.org\/{rel}","templated":true}]}}