{"id":15813,"date":"2024-08-06T09:59:12","date_gmt":"2024-08-06T07:59:12","guid":{"rendered":"https:\/\/airplantshop.nl\/?post_type=product&#038;p=15813"},"modified":"2026-03-14T14:26:37","modified_gmt":"2026-03-14T13:26:37","slug":"tube-vase-beige-met-airplant","status":"publish","type":"product","link":"https:\/\/airplantshop.nl\/de\/product\/tube-vase-beige-met-airplant\/","title":{"rendered":"R\u00f6hrenvase beige mit Luftpflanze"},"content":{"rendered":"<p>Die R\u00f6hrenvase ist eines der trendigsten Wohnaccessoires dieses Jahres! Mit dieser sch\u00f6nen Vase erhalten Sie zwei Tillandsia Capitata. Diese Vase ist bei uns in zwei Farben erh\u00e4ltlich: Grau und Beige.<\/p>\n<p class=\"p1\"><b>Ma\u00dfe: <\/b>Die Vase ist ungef\u00e4hr 12 Zentimeter hoch und 12 Zentimeter breit.<\/p>\n<p class=\"p1\"><b>Pflege: <\/b>Bespr\u00fchen Sie die Luftpflanze ein- bis zweimal pro Woche mit Regenwasser oder unserem N\u00e4hrstoffspray. Stellen Sie sicher, dass die Luftpflanze gen\u00fcgend indirektes Sonnenlicht und frische Luft bekommt.<\/p>\n<p class=\"p1\"><b>Achtung:<\/b> Jede Luftpflanze ist einzigartig, daher kann die bestellte Pflanze leicht von der Luftpflanze auf dem Foto abweichen.<\/p>","protected":false},"excerpt":{"rendered":"<p>Die R\u00f6hrenvase ist eines der trendigsten Wohnaccessoires dieses Jahres! Mit dieser sch\u00f6nen Vase erhalten Sie zwei Tillandsia Capitata.<\/p>","protected":false},"featured_media":15814,"comment_status":"open","ping_status":"closed","template":"","meta":{"_acf_changed":false,"rs_blank_template":"","rs_page_bg_color":"","slide_template_v7":""},"product_brand":[],"product_cat":[153,162,190],"product_tag":[],"class_list":{"0":"post-15813","1":"product","2":"type-product","3":"status-publish","4":"has-post-thumbnail","6":"product_cat-accessoires-2","7":"product_cat-cadeaus","8":"product_cat-extras","10":"first","11":"instock","12":"sale","13":"taxable","14":"shipping-taxable","15":"purchasable","16":"product-type-simple","17":"add-to-wishlist-after_add_to_cart"},"acf":[],"_links":{"self":[{"href":"https:\/\/airplantshop.nl\/de\/wp-json\/wp\/v2\/product\/15813","targetHints":{"allow":["GET"]}}],"collection":[{"href":"https:\/\/airplantshop.nl\/de\/wp-json\/wp\/v2\/product"}],"about":[{"href":"https:\/\/airplantshop.nl\/de\/wp-json\/wp\/v2\/types\/product"}],"replies":[{"embeddable":true,"href":"https:\/\/airplantshop.nl\/de\/wp-json\/wp\/v2\/comments?post=15813"}],"wp:featuredmedia":[{"embeddable":true,"href":"https:\/\/airplantshop.nl\/de\/wp-json\/wp\/v2\/media\/15814"}],"wp:attachment":[{"href":"https:\/\/airplantshop.nl\/de\/wp-json\/wp\/v2\/media?parent=15813"}],"wp:term":[{"taxonomy":"product_brand","embeddable":true,"href":"https:\/\/airplantshop.nl\/de\/wp-json\/wp\/v2\/product_brand?post=15813"},{"taxonomy":"product_cat","embeddable":true,"href":"https:\/\/airplantshop.nl\/de\/wp-json\/wp\/v2\/product_cat?post=15813"},{"taxonomy":"product_tag","embeddable":true,"href":"https:\/\/airplantshop.nl\/de\/wp-json\/wp\/v2\/product_tag?post=15813"}],"curies":[{"name":"wp","href":"https:\/\/api.w.org\/{rel}","templated":true}]}}