{"id":15815,"date":"2024-08-06T11:13:42","date_gmt":"2024-08-06T09:13:42","guid":{"rendered":"https:\/\/airplantshop.nl\/?post_type=product&#038;p=15815"},"modified":"2026-03-11T22:05:06","modified_gmt":"2026-03-11T21:05:06","slug":"lazy-airplantman-grijs-met-airplant","status":"publish","type":"product","link":"https:\/\/airplantshop.nl\/de\/product\/lazy-airplantman-grijs-met-airplant\/","title":{"rendered":"Lazy Airplantman Wei\u00df mit Luftpflanze"},"content":{"rendered":"<p>Diese s\u00fc\u00dfe wei\u00dfe Puppe ist mit einer passenden Luftpflanze gef\u00fcllt. Die Statue besteht aus Zement und ist daher sehr stabil. Er ist wei\u00df mit einem goldenen Muster um seinen Kopf. Ideal als Geschenk zum Muttertag, Valentinstag, Geburtstag oder einfach so.<\/p>\n<p>Die Tillandsie auf dem Bild ist das Medium Cotton Candy. Diese oder eine \u00e4hnliche Luftpflanze versenden wir mit dem Luftpflanzenmann.<\/p>\n<p>Diese Figur ist in zwei Farben erh\u00e4ltlich: grau und wei\u00df<\/p>\n<p class=\"p1\"><b>Ma\u00dfe: <\/b>Der Luftpflanzenmann ist 10 Zentimeter breit und 12 Zentimeter hoch<\/p>\n<p class=\"p1\"><b>Pflege: <\/b>Bespr\u00fchen Sie die Luftpflanze ein- bis zweimal pro Woche mit Regenwasser oder unserem N\u00e4hrstoffspray. Stellen Sie sicher, dass die Luftpflanze gen\u00fcgend indirektes Sonnenlicht und frische Luft bekommt.<\/p>\n<p class=\"p1\"><b>Achtung:<\/b> Jede Luftpflanze ist einzigartig, daher kann die bestellte Pflanze leicht von der Luftpflanze auf dem Foto abweichen.<\/p>","protected":false},"excerpt":{"rendered":"<p>Eine sch\u00f6ne wei\u00df-goldene Vase aus Zement mit einem Tillandsia-Medium in der Farbe Cotton Candy. Sch\u00f6n als Geschenk zum Geburtstag oder Muttertag!<\/p>","protected":false},"featured_media":37874,"comment_status":"open","ping_status":"closed","template":"","meta":{"_acf_changed":false,"rs_blank_template":"","rs_page_bg_color":"","slide_template_v7":""},"product_brand":[],"product_cat":[153],"product_tag":[],"class_list":{"0":"post-15815","1":"product","2":"type-product","3":"status-publish","4":"has-post-thumbnail","6":"product_cat-accessoires-2","8":"first","9":"outofstock","10":"taxable","11":"shipping-taxable","12":"purchasable","13":"product-type-simple","14":"add-to-wishlist-after_add_to_cart"},"acf":[],"_links":{"self":[{"href":"https:\/\/airplantshop.nl\/de\/wp-json\/wp\/v2\/product\/15815","targetHints":{"allow":["GET"]}}],"collection":[{"href":"https:\/\/airplantshop.nl\/de\/wp-json\/wp\/v2\/product"}],"about":[{"href":"https:\/\/airplantshop.nl\/de\/wp-json\/wp\/v2\/types\/product"}],"replies":[{"embeddable":true,"href":"https:\/\/airplantshop.nl\/de\/wp-json\/wp\/v2\/comments?post=15815"}],"wp:featuredmedia":[{"embeddable":true,"href":"https:\/\/airplantshop.nl\/de\/wp-json\/wp\/v2\/media\/37874"}],"wp:attachment":[{"href":"https:\/\/airplantshop.nl\/de\/wp-json\/wp\/v2\/media?parent=15815"}],"wp:term":[{"taxonomy":"product_brand","embeddable":true,"href":"https:\/\/airplantshop.nl\/de\/wp-json\/wp\/v2\/product_brand?post=15815"},{"taxonomy":"product_cat","embeddable":true,"href":"https:\/\/airplantshop.nl\/de\/wp-json\/wp\/v2\/product_cat?post=15815"},{"taxonomy":"product_tag","embeddable":true,"href":"https:\/\/airplantshop.nl\/de\/wp-json\/wp\/v2\/product_tag?post=15815"}],"curies":[{"name":"wp","href":"https:\/\/api.w.org\/{rel}","templated":true}]}}