{"id":15821,"date":"2024-08-06T11:29:16","date_gmt":"2024-08-06T09:29:16","guid":{"rendered":"https:\/\/airplantshop.nl\/?post_type=product&#038;p=15821"},"modified":"2026-03-29T10:54:01","modified_gmt":"2026-03-29T08:54:01","slug":"swinging-airplant-man-met-tillandsia","status":"publish","type":"product","link":"https:\/\/airplantshop.nl\/de\/product\/swinging-airplant-man-met-tillandsia\/","title":{"rendered":"Swinging Airplant Man mit Tillandsia"},"content":{"rendered":"<p>Der Swinging Airplantman ist das perfekte Zubeh\u00f6r f\u00fcr ein Regal oder einen Schrank, da er mit seinen Beinen \u00fcber der Kante sitzt. Wir bef\u00fcllen die T\u00f6pfe mit zwei passenden Luftpflanzen. Es ist eine robuste Keramikstatue in Beigefarbe.<\/p>\n<p class=\"p1\"><b>Ma\u00dfe: <\/b>Der Luftpflanzenmann ist 13 Zentimeter breit und 19 Zentimeter hoch<\/p>\n<p class=\"p1\"><b>Pflege: <\/b>Bespr\u00fchen Sie die Luftpflanze ein- bis zweimal pro Woche mit Regenwasser oder unserem N\u00e4hrstoffspray. Stellen Sie sicher, dass die Luftpflanze gen\u00fcgend indirektes Sonnenlicht und frische Luft bekommt.<\/p>\n<p class=\"p1\"><b>Achtung:<\/b> Jede Luftpflanze ist einzigartig, daher kann die bestellte Pflanze leicht von der Luftpflanze auf dem Foto abweichen.<\/p>","protected":false},"excerpt":{"rendered":"<p>Der Swinging Airplantman ist das perfekte Zubeh\u00f6r f\u00fcr ein Regal oder einen Schrank, da er mit seinen Beinen \u00fcber der Kante sitzt. Wir bef\u00fcllen die T\u00f6pfe mit zwei passenden Luftpflanzen.<\/p>","protected":false},"featured_media":15822,"comment_status":"open","ping_status":"closed","template":"","meta":{"_acf_changed":false,"rs_blank_template":"","rs_page_bg_color":"","slide_template_v7":""},"product_brand":[],"product_cat":[153,162],"product_tag":[],"class_list":{"0":"post-15821","1":"product","2":"type-product","3":"status-publish","4":"has-post-thumbnail","6":"product_cat-accessoires-2","7":"product_cat-cadeaus","9":"first","10":"instock","11":"taxable","12":"shipping-taxable","13":"purchasable","14":"product-type-simple","15":"add-to-wishlist-after_add_to_cart"},"acf":[],"_links":{"self":[{"href":"https:\/\/airplantshop.nl\/de\/wp-json\/wp\/v2\/product\/15821","targetHints":{"allow":["GET"]}}],"collection":[{"href":"https:\/\/airplantshop.nl\/de\/wp-json\/wp\/v2\/product"}],"about":[{"href":"https:\/\/airplantshop.nl\/de\/wp-json\/wp\/v2\/types\/product"}],"replies":[{"embeddable":true,"href":"https:\/\/airplantshop.nl\/de\/wp-json\/wp\/v2\/comments?post=15821"}],"wp:featuredmedia":[{"embeddable":true,"href":"https:\/\/airplantshop.nl\/de\/wp-json\/wp\/v2\/media\/15822"}],"wp:attachment":[{"href":"https:\/\/airplantshop.nl\/de\/wp-json\/wp\/v2\/media?parent=15821"}],"wp:term":[{"taxonomy":"product_brand","embeddable":true,"href":"https:\/\/airplantshop.nl\/de\/wp-json\/wp\/v2\/product_brand?post=15821"},{"taxonomy":"product_cat","embeddable":true,"href":"https:\/\/airplantshop.nl\/de\/wp-json\/wp\/v2\/product_cat?post=15821"},{"taxonomy":"product_tag","embeddable":true,"href":"https:\/\/airplantshop.nl\/de\/wp-json\/wp\/v2\/product_tag?post=15821"}],"curies":[{"name":"wp","href":"https:\/\/api.w.org\/{rel}","templated":true}]}}