{"id":15823,"date":"2024-08-06T11:33:51","date_gmt":"2024-08-06T09:33:51","guid":{"rendered":"https:\/\/airplantshop.nl\/?post_type=product&#038;p=15823"},"modified":"2026-04-03T23:53:49","modified_gmt":"2026-04-03T21:53:49","slug":"airplant-man-met-tillandsia","status":"publish","type":"product","link":"https:\/\/airplantshop.nl\/de\/product\/airplant-man-met-tillandsia\/","title":{"rendered":"Airplantman mit Tillandsia"},"content":{"rendered":"<p>Der Airplantman ist das perfekte Accessoire f\u00fcr Ihr Zuhause oder Ihren Schreibtisch. Wir bef\u00fcllen die T\u00f6pfe mit zwei passenden Luftpflanzen. Es ist eine robuste Keramikstatue in Beigefarbe. Auch sch\u00f6n als Geschenk zum Geburtstag oder einem anderen besonderen Anlass.<\/p>\n<p class=\"p1\"><b>Ma\u00dfe: <\/b>Der Luftpflanzenmann ist 10 Zentimeter breit und 16 Zentimeter hoch<\/p>\n<p class=\"p1\"><b>Pflege: <\/b>Bespr\u00fchen Sie die Luftpflanze ein- bis zweimal pro Woche mit Regenwasser oder unserem N\u00e4hrstoffspray. Stellen Sie sicher, dass die Luftpflanze gen\u00fcgend indirektes Sonnenlicht und frische Luft bekommt.<\/p>\n<p class=\"p1\"><b>Achtung:<\/b> Jede Luftpflanze ist einzigartig, daher kann die bestellte Pflanze leicht von der Luftpflanze auf dem Foto abweichen.<\/p>","protected":false},"excerpt":{"rendered":"<p><strong>Mogen we jullie voorstellen aan de Airplantman?<\/strong><\/p>\n<p>De Airplantman is de perfecte accessoire voor in huis of op je bureau.<br \/>\nWe vullen de potjes met twee bijpassende luchtplantjes, zodat hij meteen klaar is om te shinen \ud83c\udf3f<\/p>","protected":false},"featured_media":37875,"comment_status":"open","ping_status":"closed","template":"","meta":{"_acf_changed":false,"rs_blank_template":"","rs_page_bg_color":"","slide_template_v7":""},"product_brand":[],"product_cat":[153,187,162],"product_tag":[198,197,199],"class_list":{"0":"post-15823","1":"product","2":"type-product","3":"status-publish","4":"has-post-thumbnail","6":"product_cat-accessoires-2","7":"product_cat-airplant-cadeau","8":"product_cat-cadeaus","9":"product_tag-airplant-man","10":"product_tag-airplantman","11":"product_tag-man-airplant","13":"first","14":"instock","15":"sale","16":"taxable","17":"shipping-taxable","18":"purchasable","19":"product-type-simple","20":"add-to-wishlist-after_add_to_cart"},"acf":[],"_links":{"self":[{"href":"https:\/\/airplantshop.nl\/de\/wp-json\/wp\/v2\/product\/15823","targetHints":{"allow":["GET"]}}],"collection":[{"href":"https:\/\/airplantshop.nl\/de\/wp-json\/wp\/v2\/product"}],"about":[{"href":"https:\/\/airplantshop.nl\/de\/wp-json\/wp\/v2\/types\/product"}],"replies":[{"embeddable":true,"href":"https:\/\/airplantshop.nl\/de\/wp-json\/wp\/v2\/comments?post=15823"}],"wp:featuredmedia":[{"embeddable":true,"href":"https:\/\/airplantshop.nl\/de\/wp-json\/wp\/v2\/media\/37875"}],"wp:attachment":[{"href":"https:\/\/airplantshop.nl\/de\/wp-json\/wp\/v2\/media?parent=15823"}],"wp:term":[{"taxonomy":"product_brand","embeddable":true,"href":"https:\/\/airplantshop.nl\/de\/wp-json\/wp\/v2\/product_brand?post=15823"},{"taxonomy":"product_cat","embeddable":true,"href":"https:\/\/airplantshop.nl\/de\/wp-json\/wp\/v2\/product_cat?post=15823"},{"taxonomy":"product_tag","embeddable":true,"href":"https:\/\/airplantshop.nl\/de\/wp-json\/wp\/v2\/product_tag?post=15823"}],"curies":[{"name":"wp","href":"https:\/\/api.w.org\/{rel}","templated":true}]}}