{"id":15825,"date":"2024-08-06T11:57:13","date_gmt":"2024-08-06T09:57:13","guid":{"rendered":"https:\/\/airplantshop.nl\/?post_type=product&#038;p=15825"},"modified":"2026-03-09T08:32:39","modified_gmt":"2026-03-09T07:32:39","slug":"gold-cup-met-brach-var-multiflora","status":"publish","type":"product","link":"https:\/\/airplantshop.nl\/de\/product\/gold-cup-met-brach-var-multiflora\/","title":{"rendered":"Gold Cup mit Brach. Var. Multiflora"},"content":{"rendered":"<p>Diese schattige, goldfarbene Tasse mit Luftpflanze ist ein praktisches Accessoire f\u00fcr Ihr Zuhause. In der Tasse sehen wir eine Tillandsia Brach. Var. Multiflora mee. Diese Kombination ist genau das Richtige f\u00fcr Sie!<\/p>\n<p class=\"p1\"><b>Ma\u00dfe: <\/b>Umfang von ca. 6 Zentimetern<\/p>\n<p class=\"p1\"><b>Pflege: <\/b>Bespr\u00fchen Sie die Luftpflanze ein- bis zweimal pro Woche mit Regenwasser oder unserem N\u00e4hrstoffspray. Stellen Sie sicher, dass die Luftpflanze gen\u00fcgend indirektes Sonnenlicht und frische Luft bekommt.<\/p>\n<p class=\"p1\"><b>Achtung:<\/b> Jede Luftpflanze ist einzigartig, daher kann die bestellte Pflanze leicht von der Luftpflanze auf dem Foto abweichen.<\/p>","protected":false},"excerpt":{"rendered":"<p>Diese schattige, goldfarbene Tasse mit Luftpflanze ist ein praktisches Accessoire f\u00fcr Ihr Zuhause. In der Tasse sehen wir eine Tillandsia Brach. Var. Multiflora mee. Diese Kombination ist genau das Richtige f\u00fcr Sie!<\/p>","protected":false},"featured_media":15826,"comment_status":"open","ping_status":"closed","template":"","meta":{"_acf_changed":false,"rs_blank_template":"","rs_page_bg_color":"","slide_template_v7":""},"product_brand":[],"product_cat":[153],"product_tag":[],"class_list":{"0":"post-15825","1":"product","2":"type-product","3":"status-publish","4":"has-post-thumbnail","6":"product_cat-accessoires-2","8":"first","9":"instock","10":"taxable","11":"shipping-taxable","12":"purchasable","13":"product-type-simple","14":"add-to-wishlist-after_add_to_cart"},"acf":[],"_links":{"self":[{"href":"https:\/\/airplantshop.nl\/de\/wp-json\/wp\/v2\/product\/15825","targetHints":{"allow":["GET"]}}],"collection":[{"href":"https:\/\/airplantshop.nl\/de\/wp-json\/wp\/v2\/product"}],"about":[{"href":"https:\/\/airplantshop.nl\/de\/wp-json\/wp\/v2\/types\/product"}],"replies":[{"embeddable":true,"href":"https:\/\/airplantshop.nl\/de\/wp-json\/wp\/v2\/comments?post=15825"}],"wp:featuredmedia":[{"embeddable":true,"href":"https:\/\/airplantshop.nl\/de\/wp-json\/wp\/v2\/media\/15826"}],"wp:attachment":[{"href":"https:\/\/airplantshop.nl\/de\/wp-json\/wp\/v2\/media?parent=15825"}],"wp:term":[{"taxonomy":"product_brand","embeddable":true,"href":"https:\/\/airplantshop.nl\/de\/wp-json\/wp\/v2\/product_brand?post=15825"},{"taxonomy":"product_cat","embeddable":true,"href":"https:\/\/airplantshop.nl\/de\/wp-json\/wp\/v2\/product_cat?post=15825"},{"taxonomy":"product_tag","embeddable":true,"href":"https:\/\/airplantshop.nl\/de\/wp-json\/wp\/v2\/product_tag?post=15825"}],"curies":[{"name":"wp","href":"https:\/\/api.w.org\/{rel}","templated":true}]}}