{"id":15836,"date":"2024-08-06T13:11:27","date_gmt":"2024-08-06T11:11:27","guid":{"rendered":"https:\/\/airplantshop.nl\/?post_type=product&#038;p=15836"},"modified":"2026-03-09T08:32:00","modified_gmt":"2026-03-09T07:32:00","slug":"telefoonhouder-met-airplants","status":"publish","type":"product","link":"https:\/\/airplantshop.nl\/de\/product\/telefoonhouder-met-airplants\/","title":{"rendered":"Telefonhalter mit Luftpflanzen"},"content":{"rendered":"<p>Auf der Suche nach einem sch\u00f6nen Geschenk? Dieser nachhaltige Telefonhalter eignet sich perfekt als Geschenk zu einem besonderen Anlass oder als Dankesch\u00f6n. M\u00f6chten Sie gro\u00dfe Mengen bestellen? Bitte kontaktieren Sie info@airplantshop.nl<\/p>\n<p>Das f\u00fcr dieses Telefon-Gadget verwendete Holz ist Restholz, das hei\u00dft unser Schreiner muss nichts wegwerfen. Diese lustigen Telefonhalter fertigt er aus seinem Restholz, was sie zudem zu einem nachhaltigen Produkt macht.<\/p>\n<p>Wir versenden dieses Produkt per Briefkastenpost.<\/p>\n<p class=\"p1\"><b>Ma\u00dfe: <\/b>15,5 cm x 6 cm x 2,7 cm<\/p>\n<p class=\"p1\"><b>Pflege: <\/b>Bespr\u00fchen Sie die Luftpflanze ein- bis zweimal pro Woche mit Regenwasser oder unserem N\u00e4hrstoffspray. Stellen Sie sicher, dass die Luftpflanze gen\u00fcgend indirektes Sonnenlicht und frische Luft bekommt.<\/p>\n<p class=\"p1\"><b>Inklusive: <\/b>Zwei Luftpflanzen, eine kleine Wasserbrause, Telefonhalter aus Eschenholz, Pflegeflyer<\/p>\n<p class=\"p1\"><b>Achtung:<\/b> Jede Luftpflanze ist einzigartig, daher kann die bestellte Pflanze leicht von der Luftpflanze auf dem Foto abweichen.<\/p>","protected":false},"excerpt":{"rendered":"<p>Auf der Suche nach einem sch\u00f6nen Geschenk? Dieser nachhaltige Telefonhalter eignet sich perfekt als Geschenk zu einem besonderen Anlass oder als Dankesch\u00f6n.<\/p>","protected":false},"featured_media":15837,"comment_status":"open","ping_status":"closed","template":"","meta":{"_acf_changed":false,"rs_blank_template":"","rs_page_bg_color":"","slide_template_v7":""},"product_brand":[],"product_cat":[153,162,190,186],"product_tag":[],"class_list":{"0":"post-15836","1":"product","2":"type-product","3":"status-publish","4":"has-post-thumbnail","6":"product_cat-accessoires-2","7":"product_cat-cadeaus","8":"product_cat-extras","9":"product_cat-uitgelicht","11":"first","12":"instock","13":"taxable","14":"shipping-taxable","15":"purchasable","16":"product-type-simple","17":"add-to-wishlist-after_add_to_cart"},"acf":[],"_links":{"self":[{"href":"https:\/\/airplantshop.nl\/de\/wp-json\/wp\/v2\/product\/15836","targetHints":{"allow":["GET"]}}],"collection":[{"href":"https:\/\/airplantshop.nl\/de\/wp-json\/wp\/v2\/product"}],"about":[{"href":"https:\/\/airplantshop.nl\/de\/wp-json\/wp\/v2\/types\/product"}],"replies":[{"embeddable":true,"href":"https:\/\/airplantshop.nl\/de\/wp-json\/wp\/v2\/comments?post=15836"}],"wp:featuredmedia":[{"embeddable":true,"href":"https:\/\/airplantshop.nl\/de\/wp-json\/wp\/v2\/media\/15837"}],"wp:attachment":[{"href":"https:\/\/airplantshop.nl\/de\/wp-json\/wp\/v2\/media?parent=15836"}],"wp:term":[{"taxonomy":"product_brand","embeddable":true,"href":"https:\/\/airplantshop.nl\/de\/wp-json\/wp\/v2\/product_brand?post=15836"},{"taxonomy":"product_cat","embeddable":true,"href":"https:\/\/airplantshop.nl\/de\/wp-json\/wp\/v2\/product_cat?post=15836"},{"taxonomy":"product_tag","embeddable":true,"href":"https:\/\/airplantshop.nl\/de\/wp-json\/wp\/v2\/product_tag?post=15836"}],"curies":[{"name":"wp","href":"https:\/\/api.w.org\/{rel}","templated":true}]}}