{"id":15838,"date":"2024-08-08T10:05:20","date_gmt":"2024-08-08T08:05:20","guid":{"rendered":"https:\/\/airplantshop.nl\/?post_type=product&#038;p=15838"},"modified":"2026-03-09T08:32:39","modified_gmt":"2026-03-09T07:32:39","slug":"diy-fles-met-droogbloemen-en-tillandsia","status":"publish","type":"product","link":"https:\/\/airplantshop.nl\/de\/product\/diy-fles-met-droogbloemen-en-tillandsia\/","title":{"rendered":"DIY: Flasche mit Trockenblumen und Tillandsien"},"content":{"rendered":"<p>Diese Glasflasche k\u00f6nnen Sie mit dem mitgelieferten Sand, Muscheln und Trockenblumen selbst bef\u00fcllen. Sie k\u00f6nnen auch eine Tillandsia Ionantha Scaposa in den Flaschenhals stellen.<\/p>\n<p>Sch\u00f6nes Geschenk zum Muttertag, Geburtstag oder einem anderen besonderen Anlass.<\/p>\n<p class=\"p1\"><b>Ma\u00dfe: <\/b>20 Zentimeter hoch<\/p>\n<p class=\"p1\"><b>Pflege: <\/b>Bespr\u00fchen Sie die Luftpflanze ein- bis zweimal pro Woche mit Regenwasser oder unserem N\u00e4hrstoffspray. Stellen Sie sicher, dass die Luftpflanze gen\u00fcgend indirektes Sonnenlicht und frische Luft bekommt.<\/p>\n<p class=\"p1\"><b>Achtung:<\/b> Jede Luftpflanze ist einzigartig, daher kann die bestellte Pflanze leicht von der Luftpflanze auf dem Foto abweichen.<\/p>","protected":false},"excerpt":{"rendered":"<p>Diese Glasflasche k\u00f6nnen Sie mit dem mitgelieferten Sand, Muscheln und Trockenblumen selbst bef\u00fcllen. Sie k\u00f6nnen auch eine Tillandsia Ionantha Scaposa in den Flaschenhals stellen.<\/p>","protected":false},"featured_media":15839,"comment_status":"open","ping_status":"closed","template":"","meta":{"_acf_changed":false,"rs_blank_template":"","rs_page_bg_color":"","slide_template_v7":""},"product_brand":[],"product_cat":[153,162,164],"product_tag":[],"class_list":{"0":"post-15838","1":"product","2":"type-product","3":"status-publish","4":"has-post-thumbnail","6":"product_cat-accessoires-2","7":"product_cat-cadeaus","8":"product_cat-diy","10":"first","11":"instock","12":"taxable","13":"shipping-taxable","14":"purchasable","15":"product-type-simple","16":"add-to-wishlist-after_add_to_cart"},"acf":[],"_links":{"self":[{"href":"https:\/\/airplantshop.nl\/de\/wp-json\/wp\/v2\/product\/15838","targetHints":{"allow":["GET"]}}],"collection":[{"href":"https:\/\/airplantshop.nl\/de\/wp-json\/wp\/v2\/product"}],"about":[{"href":"https:\/\/airplantshop.nl\/de\/wp-json\/wp\/v2\/types\/product"}],"replies":[{"embeddable":true,"href":"https:\/\/airplantshop.nl\/de\/wp-json\/wp\/v2\/comments?post=15838"}],"wp:featuredmedia":[{"embeddable":true,"href":"https:\/\/airplantshop.nl\/de\/wp-json\/wp\/v2\/media\/15839"}],"wp:attachment":[{"href":"https:\/\/airplantshop.nl\/de\/wp-json\/wp\/v2\/media?parent=15838"}],"wp:term":[{"taxonomy":"product_brand","embeddable":true,"href":"https:\/\/airplantshop.nl\/de\/wp-json\/wp\/v2\/product_brand?post=15838"},{"taxonomy":"product_cat","embeddable":true,"href":"https:\/\/airplantshop.nl\/de\/wp-json\/wp\/v2\/product_cat?post=15838"},{"taxonomy":"product_tag","embeddable":true,"href":"https:\/\/airplantshop.nl\/de\/wp-json\/wp\/v2\/product_tag?post=15838"}],"curies":[{"name":"wp","href":"https:\/\/api.w.org\/{rel}","templated":true}]}}