{"id":15842,"date":"2024-08-08T10:31:50","date_gmt":"2024-08-08T08:31:50","guid":{"rendered":"https:\/\/airplantshop.nl\/?post_type=product&#038;p=15842"},"modified":"2026-03-09T07:47:51","modified_gmt":"2026-03-09T06:47:51","slug":"grote-globe-met-2-airplants","status":"publish","type":"product","link":"https:\/\/airplantshop.nl\/de\/product\/grote-globe-met-2-airplants\/","title":{"rendered":"Gro\u00dfer Globus mit 2 Luftpflanzen"},"content":{"rendered":"<p>Dieser Glasglobus im Halter hat die Form eines Globus. Wir liefern zwei Tillandsien mit der Kugel. Ideal als Geschenk zum Muttertag, Geburtstag oder einem anderen besonderen Anlass. Der Globus passt perfekt auf einen Schrank, ein Regal oder in den Fensterrahmen. Bitte beachten Sie, dass die Ionantha nicht in die direkte Sonne gestellt werden sollte, da sie dies nicht gut vertr\u00e4gt.<\/p>\n<p>Den Globus gibt es bei uns auch in einer kleineren Variante.<\/p>\n<p class=\"p1\"><b>Ma\u00dfe: <\/b>20\u00a0Zentimeter<\/p>\n<p class=\"p1\"><b>Pflege: <\/b>Bespr\u00fchen Sie die Luftpflanze ein- bis zweimal pro Woche mit Regenwasser oder unserem N\u00e4hrstoffspray. Stellen Sie sicher, dass die Luftpflanze gen\u00fcgend indirektes Sonnenlicht und frische Luft bekommt.<\/p>\n<p class=\"p1\"><b>Achtung:<\/b> Jede Luftpflanze ist einzigartig, daher kann die bestellte Pflanze leicht von der Luftpflanze auf dem Foto abweichen.<\/p>\n<p>&nbsp;<\/p>","protected":false},"excerpt":{"rendered":"<p>Dieser Glasglobus im Halter hat die Form eines Globus. Wir liefern zwei Tillandsien mit der Kugel. Auch die F\u00fcllung der Weltkugel k\u00f6nnen Sie individuell w\u00e4hlen.<\/p>","protected":false},"featured_media":15852,"comment_status":"open","ping_status":"closed","template":"","meta":{"_acf_changed":false,"rs_blank_template":"","rs_page_bg_color":"","slide_template_v7":""},"product_brand":[],"product_cat":[153,162],"product_tag":[],"class_list":{"0":"post-15842","1":"product","2":"type-product","3":"status-publish","4":"has-post-thumbnail","6":"product_cat-accessoires-2","7":"product_cat-cadeaus","9":"first","10":"instock","11":"taxable","12":"shipping-taxable","13":"purchasable","14":"product-type-variable","15":"add-to-wishlist-after_add_to_cart"},"acf":[],"_links":{"self":[{"href":"https:\/\/airplantshop.nl\/de\/wp-json\/wp\/v2\/product\/15842","targetHints":{"allow":["GET"]}}],"collection":[{"href":"https:\/\/airplantshop.nl\/de\/wp-json\/wp\/v2\/product"}],"about":[{"href":"https:\/\/airplantshop.nl\/de\/wp-json\/wp\/v2\/types\/product"}],"replies":[{"embeddable":true,"href":"https:\/\/airplantshop.nl\/de\/wp-json\/wp\/v2\/comments?post=15842"}],"wp:featuredmedia":[{"embeddable":true,"href":"https:\/\/airplantshop.nl\/de\/wp-json\/wp\/v2\/media\/15852"}],"wp:attachment":[{"href":"https:\/\/airplantshop.nl\/de\/wp-json\/wp\/v2\/media?parent=15842"}],"wp:term":[{"taxonomy":"product_brand","embeddable":true,"href":"https:\/\/airplantshop.nl\/de\/wp-json\/wp\/v2\/product_brand?post=15842"},{"taxonomy":"product_cat","embeddable":true,"href":"https:\/\/airplantshop.nl\/de\/wp-json\/wp\/v2\/product_cat?post=15842"},{"taxonomy":"product_tag","embeddable":true,"href":"https:\/\/airplantshop.nl\/de\/wp-json\/wp\/v2\/product_tag?post=15842"}],"curies":[{"name":"wp","href":"https:\/\/api.w.org\/{rel}","templated":true}]}}