{"id":15856,"date":"2024-08-08T11:14:13","date_gmt":"2024-08-08T09:14:13","guid":{"rendered":"https:\/\/airplantshop.nl\/?post_type=product&#038;p=15856"},"modified":"2026-04-12T08:53:07","modified_gmt":"2026-04-12T06:53:07","slug":"glasbol-6cm-met-tillandsia","status":"publish","type":"product","link":"https:\/\/airplantshop.nl\/de\/product\/glasbol-6cm-met-tillandsia\/","title":{"rendered":"Glaskugel 6cm mit Tillandsia"},"content":{"rendered":"<p>Die Tillandsia Ionantha passt perfekt in die Glas-H\u00e4ngekugel. H\u00e4ngt bei Ihnen beispielsweise ein Ast vor dem Fenster? Nehmen Sie dann eine Angelschnur und h\u00e4ngen Sie diese Glaskugel mit Luftpflanze an den Ast. Durch die flache Unterseite l\u00e4sst sich die Glaskugel auch auf einem Regal oder Tisch platzieren. Oder Sie nutzen die Glaskugel zu Weihnachten als Dekoration f\u00fcr den Weihnachtsbaum.<\/p>\n<p class=\"p1\"><b>Ma\u00dfe:<\/b> 6 centimeter<\/p>\n<p class=\"p1\"><b>Pflege: <\/b>Bespr\u00fchen Sie die Luftpflanze ein- bis zweimal pro Woche mit Regenwasser oder unserem N\u00e4hrstoffspray. Stellen Sie sicher, dass die Luftpflanze gen\u00fcgend indirektes Sonnenlicht und frische Luft bekommt.<\/p>\n<p class=\"p1\"><b>Achtung:<\/b> Jede Luftpflanze ist einzigartig, daher kann die bestellte Pflanze leicht von der Luftpflanze auf dem Foto abweichen.<\/p>","protected":false},"excerpt":{"rendered":"<p>Die Tillandsia Ionantha passt perfekt in die Glas-H\u00e4ngekugel. Sch\u00f6n zum Aufh\u00e4ngen an einem Ast oder am Weihnachtsbaum. Durch die flache Unterseite l\u00e4sst sich die Glaskugel auch auf einem Tisch oder Regal platzieren.<\/p>","protected":false},"featured_media":15857,"comment_status":"open","ping_status":"closed","template":"","meta":{"_acf_changed":false,"rs_blank_template":"","rs_page_bg_color":"","slide_template_v7":""},"product_brand":[],"product_cat":[153,162,160,165],"product_tag":[],"class_list":{"0":"post-15856","1":"product","2":"type-product","3":"status-publish","4":"has-post-thumbnail","6":"product_cat-accessoires-2","7":"product_cat-cadeaus","8":"product_cat-juffen-en-meester-bedankjes","9":"product_cat-kerst","11":"first","12":"instock","13":"taxable","14":"shipping-taxable","15":"purchasable","16":"product-type-simple","17":"add-to-wishlist-after_add_to_cart"},"acf":[],"_links":{"self":[{"href":"https:\/\/airplantshop.nl\/de\/wp-json\/wp\/v2\/product\/15856","targetHints":{"allow":["GET"]}}],"collection":[{"href":"https:\/\/airplantshop.nl\/de\/wp-json\/wp\/v2\/product"}],"about":[{"href":"https:\/\/airplantshop.nl\/de\/wp-json\/wp\/v2\/types\/product"}],"replies":[{"embeddable":true,"href":"https:\/\/airplantshop.nl\/de\/wp-json\/wp\/v2\/comments?post=15856"}],"wp:featuredmedia":[{"embeddable":true,"href":"https:\/\/airplantshop.nl\/de\/wp-json\/wp\/v2\/media\/15857"}],"wp:attachment":[{"href":"https:\/\/airplantshop.nl\/de\/wp-json\/wp\/v2\/media?parent=15856"}],"wp:term":[{"taxonomy":"product_brand","embeddable":true,"href":"https:\/\/airplantshop.nl\/de\/wp-json\/wp\/v2\/product_brand?post=15856"},{"taxonomy":"product_cat","embeddable":true,"href":"https:\/\/airplantshop.nl\/de\/wp-json\/wp\/v2\/product_cat?post=15856"},{"taxonomy":"product_tag","embeddable":true,"href":"https:\/\/airplantshop.nl\/de\/wp-json\/wp\/v2\/product_tag?post=15856"}],"curies":[{"name":"wp","href":"https:\/\/api.w.org\/{rel}","templated":true}]}}