{"id":15858,"date":"2024-08-08T11:32:23","date_gmt":"2024-08-08T09:32:23","guid":{"rendered":"https:\/\/airplantshop.nl\/?post_type=product&#038;p=15858"},"modified":"2026-03-29T13:41:21","modified_gmt":"2026-03-29T11:41:21","slug":"bolvaasje-met-tillandsia","status":"publish","type":"product","link":"https:\/\/airplantshop.nl\/de\/product\/bolvaasje-met-tillandsia\/","title":{"rendered":"Kugelvase mit Tillandsia"},"content":{"rendered":"<p>Sie wissen nicht genau, wo Sie Ihre Luftpflanze platzieren sollen? Oder m\u00f6chten Sie eine Luftpflanze verschenken? Dann ist die Kugelvase mit Luftpflanze die perfekte Wahl.<\/p>\n<p>Auf dem Foto sehen Sie die Tillandsia Ionantha ionantha, die perfekt in die Kugelvase passt. Sollte die Tillandsia Ionantha nicht vorr\u00e4tig sein, w\u00e4hlen wir eine andere Luftpflanze der gleichen Preisklasse und Gr\u00f6\u00dfe aus.<\/p>\n<p class=\"p1\"><b>Ma\u00dfe:<\/b>6,5 Zentimeter x 5,5 Zentimeter<\/p>\n<p class=\"p1\"><b>Pflege: <\/b>Bespr\u00fchen Sie die Luftpflanze ein- bis zweimal pro Woche mit Regenwasser oder unserem N\u00e4hrstoffspray. Stellen Sie sicher, dass die Luftpflanze gen\u00fcgend indirektes Sonnenlicht und frische Luft bekommt.<\/p>\n<p class=\"p1\"><b>Achtung:<\/b> Jede Luftpflanze ist einzigartig, daher kann die bestellte Pflanze leicht von der Luftpflanze auf dem Foto abweichen.<\/p>","protected":false},"excerpt":{"rendered":"<p>Diese Tillandsia in einer Kugelvase ist die perfekte Kombination. Ein kleines Accessoire f\u00fcr Zuhause, das B\u00fcro oder zum Verschenken.<\/p>","protected":false},"featured_media":15859,"comment_status":"open","ping_status":"closed","template":"","meta":{"_acf_changed":false,"rs_blank_template":"","rs_page_bg_color":"","slide_template_v7":""},"product_brand":[],"product_cat":[153,162,160],"product_tag":[],"class_list":{"0":"post-15858","1":"product","2":"type-product","3":"status-publish","4":"has-post-thumbnail","6":"product_cat-accessoires-2","7":"product_cat-cadeaus","8":"product_cat-juffen-en-meester-bedankjes","10":"first","11":"instock","12":"taxable","13":"shipping-taxable","14":"purchasable","15":"product-type-simple","16":"add-to-wishlist-after_add_to_cart"},"acf":[],"_links":{"self":[{"href":"https:\/\/airplantshop.nl\/de\/wp-json\/wp\/v2\/product\/15858","targetHints":{"allow":["GET"]}}],"collection":[{"href":"https:\/\/airplantshop.nl\/de\/wp-json\/wp\/v2\/product"}],"about":[{"href":"https:\/\/airplantshop.nl\/de\/wp-json\/wp\/v2\/types\/product"}],"replies":[{"embeddable":true,"href":"https:\/\/airplantshop.nl\/de\/wp-json\/wp\/v2\/comments?post=15858"}],"wp:featuredmedia":[{"embeddable":true,"href":"https:\/\/airplantshop.nl\/de\/wp-json\/wp\/v2\/media\/15859"}],"wp:attachment":[{"href":"https:\/\/airplantshop.nl\/de\/wp-json\/wp\/v2\/media?parent=15858"}],"wp:term":[{"taxonomy":"product_brand","embeddable":true,"href":"https:\/\/airplantshop.nl\/de\/wp-json\/wp\/v2\/product_brand?post=15858"},{"taxonomy":"product_cat","embeddable":true,"href":"https:\/\/airplantshop.nl\/de\/wp-json\/wp\/v2\/product_cat?post=15858"},{"taxonomy":"product_tag","embeddable":true,"href":"https:\/\/airplantshop.nl\/de\/wp-json\/wp\/v2\/product_tag?post=15858"}],"curies":[{"name":"wp","href":"https:\/\/api.w.org\/{rel}","templated":true}]}}