{"id":15861,"date":"2024-08-08T11:47:12","date_gmt":"2024-08-08T09:47:12","guid":{"rendered":"https:\/\/airplantshop.nl\/?post_type=product&#038;p=15861"},"modified":"2026-03-09T08:32:39","modified_gmt":"2026-03-09T07:32:39","slug":"bellcup-met-tillandsia","status":"publish","type":"product","link":"https:\/\/airplantshop.nl\/de\/product\/bellcup-met-tillandsia\/","title":{"rendered":"Bellcup mit Tillandsia"},"content":{"rendered":"<p>M\u00f6chten Sie Ihre Luftpflanze mit einem lustigen Accessoire pr\u00e4sentieren? Oder m\u00f6chten Sie eine Luftpflanze verschenken? Dann ist dieser Glockenbecher mit Luftpflanze die perfekte Wahl! Auf dem Foto sehen Sie eine Tillandsia Brach. Var. Multiflora-Medium im Glockenbecher. Sollte diese Luftpflanze ausverkauft sein, liefern wir eine vergleichbare Pflanze gleicher Gr\u00f6\u00dfe und Preisklasse im Glockenbecher nach!<\/p>\n<p class=\"p1\"><b>Ma\u00dfe: <\/b>Etwa 5 Zentimeter breit und 5 Zentimeter hoch<\/p>\n<p class=\"p1\"><b>Pflege: <\/b>Bespr\u00fchen Sie die Luftpflanze ein- bis zweimal pro Woche mit Regenwasser oder unserem N\u00e4hrstoffspray. Stellen Sie sicher, dass die Luftpflanze gen\u00fcgend indirektes Sonnenlicht und frische Luft bekommt.<\/p>\n<p class=\"p1\"><b>Achtung:<\/b> Jede Luftpflanze ist einzigartig, daher kann die bestellte Pflanze leicht von der Luftpflanze auf dem Foto abweichen.<\/p>","protected":false},"excerpt":{"rendered":"<p>M\u00f6chten Sie Ihre Luftpflanze mit einem lustigen Accessoire pr\u00e4sentieren? Oder m\u00f6chten Sie eine Luftpflanze verschenken? Dann ist dieser Glockenbecher mit Luftpflanze die perfekte Wahl!<\/p>","protected":false},"featured_media":15862,"comment_status":"open","ping_status":"closed","template":"","meta":{"_acf_changed":false,"rs_blank_template":"","rs_page_bg_color":"","slide_template_v7":""},"product_brand":[],"product_cat":[153,162],"product_tag":[],"class_list":{"0":"post-15861","1":"product","2":"type-product","3":"status-publish","4":"has-post-thumbnail","6":"product_cat-accessoires-2","7":"product_cat-cadeaus","9":"first","10":"instock","11":"taxable","12":"shipping-taxable","13":"purchasable","14":"product-type-simple","15":"add-to-wishlist-after_add_to_cart"},"acf":[],"_links":{"self":[{"href":"https:\/\/airplantshop.nl\/de\/wp-json\/wp\/v2\/product\/15861","targetHints":{"allow":["GET"]}}],"collection":[{"href":"https:\/\/airplantshop.nl\/de\/wp-json\/wp\/v2\/product"}],"about":[{"href":"https:\/\/airplantshop.nl\/de\/wp-json\/wp\/v2\/types\/product"}],"replies":[{"embeddable":true,"href":"https:\/\/airplantshop.nl\/de\/wp-json\/wp\/v2\/comments?post=15861"}],"wp:featuredmedia":[{"embeddable":true,"href":"https:\/\/airplantshop.nl\/de\/wp-json\/wp\/v2\/media\/15862"}],"wp:attachment":[{"href":"https:\/\/airplantshop.nl\/de\/wp-json\/wp\/v2\/media?parent=15861"}],"wp:term":[{"taxonomy":"product_brand","embeddable":true,"href":"https:\/\/airplantshop.nl\/de\/wp-json\/wp\/v2\/product_brand?post=15861"},{"taxonomy":"product_cat","embeddable":true,"href":"https:\/\/airplantshop.nl\/de\/wp-json\/wp\/v2\/product_cat?post=15861"},{"taxonomy":"product_tag","embeddable":true,"href":"https:\/\/airplantshop.nl\/de\/wp-json\/wp\/v2\/product_tag?post=15861"}],"curies":[{"name":"wp","href":"https:\/\/api.w.org\/{rel}","templated":true}]}}