{"id":15863,"date":"2024-08-08T11:55:27","date_gmt":"2024-08-08T09:55:27","guid":{"rendered":"https:\/\/airplantshop.nl\/?post_type=product&#038;p=15863"},"modified":"2026-04-04T00:00:53","modified_gmt":"2026-04-03T22:00:53","slug":"schelp-parelmoer-met-tillandsia-ionantha-xl","status":"publish","type":"product","link":"https:\/\/airplantshop.nl\/de\/product\/schelp-parelmoer-met-tillandsia-ionantha-xl\/","title":{"rendered":"Muschel (Perlmutt) mit Tillandsia Ionantha XL"},"content":{"rendered":"<p>Die Tillandsia Ionantha XL passt perfekt in diese wundersch\u00f6ne Perlmutt Schale. Dieses Produkt l\u00e4sst sich sch\u00f6n mit anderen Muscheln und Luftpflanzen kombinieren oder zum Beispiel auf einer sch\u00f6nen Schale mit Kerzen oder anderen Accessoires platzieren.<\/p>\n<p class=\"p1\"><b>Ma\u00dfe: <\/b>Die Schale hat einen Durchmesser von ca. 8 Zentimetern<\/p>\n<p class=\"p1\"><b>Pflege: <\/b>Bespr\u00fchen Sie die Luftpflanze ein- bis zweimal pro Woche mit Regenwasser oder unserem N\u00e4hrstoffspray. Stellen Sie sicher, dass die Luftpflanze gen\u00fcgend indirektes Sonnenlicht und frische Luft bekommt.<\/p>\n<p class=\"p1\"><b>Achtung:<\/b> Jede Luftpflanze ist einzigartig, daher kann die bestellte Pflanze leicht von der Luftpflanze auf dem Foto abweichen. Auch die Schale ist ein Naturprodukt, jede Schale ist daher ein Unikat.<\/p>","protected":false},"excerpt":{"rendered":"<p>Die Tillandsia Ionantha XL passt perfekt in diese wundersch\u00f6ne Perlmutt Schale. Dieses Produkt l\u00e4sst sich sch\u00f6n mit anderen Muscheln und Luftpflanzen kombinieren oder zum Beispiel auf einer sch\u00f6nen Schale mit Kerzen oder anderen Accessoires platzieren.<\/p>","protected":false},"featured_media":15864,"comment_status":"open","ping_status":"closed","template":"","meta":{"_acf_changed":false,"rs_blank_template":"","rs_page_bg_color":"","slide_template_v7":""},"product_brand":[],"product_cat":[153,162,168],"product_tag":[],"class_list":{"0":"post-15863","1":"product","2":"type-product","3":"status-publish","4":"has-post-thumbnail","6":"product_cat-accessoires-2","7":"product_cat-cadeaus","8":"product_cat-sale","10":"first","11":"instock","12":"sale","13":"taxable","14":"shipping-taxable","15":"purchasable","16":"product-type-simple","17":"add-to-wishlist-after_add_to_cart"},"acf":[],"_links":{"self":[{"href":"https:\/\/airplantshop.nl\/de\/wp-json\/wp\/v2\/product\/15863","targetHints":{"allow":["GET"]}}],"collection":[{"href":"https:\/\/airplantshop.nl\/de\/wp-json\/wp\/v2\/product"}],"about":[{"href":"https:\/\/airplantshop.nl\/de\/wp-json\/wp\/v2\/types\/product"}],"replies":[{"embeddable":true,"href":"https:\/\/airplantshop.nl\/de\/wp-json\/wp\/v2\/comments?post=15863"}],"wp:featuredmedia":[{"embeddable":true,"href":"https:\/\/airplantshop.nl\/de\/wp-json\/wp\/v2\/media\/15864"}],"wp:attachment":[{"href":"https:\/\/airplantshop.nl\/de\/wp-json\/wp\/v2\/media?parent=15863"}],"wp:term":[{"taxonomy":"product_brand","embeddable":true,"href":"https:\/\/airplantshop.nl\/de\/wp-json\/wp\/v2\/product_brand?post=15863"},{"taxonomy":"product_cat","embeddable":true,"href":"https:\/\/airplantshop.nl\/de\/wp-json\/wp\/v2\/product_cat?post=15863"},{"taxonomy":"product_tag","embeddable":true,"href":"https:\/\/airplantshop.nl\/de\/wp-json\/wp\/v2\/product_tag?post=15863"}],"curies":[{"name":"wp","href":"https:\/\/api.w.org\/{rel}","templated":true}]}}