{"id":15868,"date":"2024-08-08T13:16:15","date_gmt":"2024-08-08T11:16:15","guid":{"rendered":"https:\/\/airplantshop.nl\/?post_type=product&#038;p=15868"},"modified":"2026-04-11T18:37:14","modified_gmt":"2026-04-11T16:37:14","slug":"murex-schelp-xl-met-capitata-large","status":"publish","type":"product","link":"https:\/\/airplantshop.nl\/de\/product\/murex-schelp-xl-met-capitata-large\/","title":{"rendered":"Murex Shell XL mit Capitata Large"},"content":{"rendered":"<p>Diese Kombination aus Murex-Muschel und Luftpflanze macht riesigen Spa\u00df, wenn Sie sie zu Hause oder im B\u00fcro aufstellen oder verschenken! Auch sch\u00f6n zu kombinieren mit anderen Muscheln, Luftpflanzen oder zum Beispiel auf einer Schale mit Kerzen. Wir liefern die Schale mit Tillandsia Capitata Large.<\/p>\n<p class=\"p1\"><b>Ma\u00dfe: <\/b>Etwa 15 Zentimeter<\/p>\n<p class=\"p1\"><b>Pflege: <\/b>Bespr\u00fchen Sie die Luftpflanze ein- bis zweimal pro Woche mit Regenwasser oder unserem N\u00e4hrstoffspray. Stellen Sie sicher, dass die Luftpflanze gen\u00fcgend indirektes Sonnenlicht und frische Luft bekommt.<\/p>\n<p class=\"p1\"><b>Achtung:<\/b> Jede Luftpflanze ist einzigartig, daher kann die bestellte Pflanze leicht von der Luftpflanze auf dem Foto abweichen. Bei der Schale handelt es sich um ein Naturprodukt, jede Schale ist ein Unikat und kann daher von der Schale auf dem Foto abweichen.<\/p>","protected":false},"excerpt":{"rendered":"<p>Diese Kombination aus einer gro\u00dfen Murex-Muschel und einer Luftpflanze macht zu Hause, im B\u00fcro oder als Geschenk gro\u00dfen Spa\u00df! Wir liefern die Schale mit einer Tillandsia Capitata Large.<\/p>","protected":false},"featured_media":15869,"comment_status":"open","ping_status":"closed","template":"","meta":{"_acf_changed":false,"rs_blank_template":"","rs_page_bg_color":"","slide_template_v7":""},"product_brand":[],"product_cat":[153,162,168],"product_tag":[],"class_list":{"0":"post-15868","1":"product","2":"type-product","3":"status-publish","4":"has-post-thumbnail","6":"product_cat-accessoires-2","7":"product_cat-cadeaus","8":"product_cat-sale","10":"first","11":"instock","12":"sale","13":"taxable","14":"shipping-taxable","15":"purchasable","16":"product-type-simple","17":"add-to-wishlist-after_add_to_cart"},"acf":[],"_links":{"self":[{"href":"https:\/\/airplantshop.nl\/de\/wp-json\/wp\/v2\/product\/15868","targetHints":{"allow":["GET"]}}],"collection":[{"href":"https:\/\/airplantshop.nl\/de\/wp-json\/wp\/v2\/product"}],"about":[{"href":"https:\/\/airplantshop.nl\/de\/wp-json\/wp\/v2\/types\/product"}],"replies":[{"embeddable":true,"href":"https:\/\/airplantshop.nl\/de\/wp-json\/wp\/v2\/comments?post=15868"}],"wp:featuredmedia":[{"embeddable":true,"href":"https:\/\/airplantshop.nl\/de\/wp-json\/wp\/v2\/media\/15869"}],"wp:attachment":[{"href":"https:\/\/airplantshop.nl\/de\/wp-json\/wp\/v2\/media?parent=15868"}],"wp:term":[{"taxonomy":"product_brand","embeddable":true,"href":"https:\/\/airplantshop.nl\/de\/wp-json\/wp\/v2\/product_brand?post=15868"},{"taxonomy":"product_cat","embeddable":true,"href":"https:\/\/airplantshop.nl\/de\/wp-json\/wp\/v2\/product_cat?post=15868"},{"taxonomy":"product_tag","embeddable":true,"href":"https:\/\/airplantshop.nl\/de\/wp-json\/wp\/v2\/product_tag?post=15868"}],"curies":[{"name":"wp","href":"https:\/\/api.w.org\/{rel}","templated":true}]}}