{"id":15870,"date":"2024-08-08T13:19:52","date_gmt":"2024-08-08T11:19:52","guid":{"rendered":"https:\/\/airplantshop.nl\/?post_type=product&#038;p=15870"},"modified":"2026-04-13T15:31:01","modified_gmt":"2026-04-13T13:31:01","slug":"murex-schelp-met-luchtplantje","status":"publish","type":"product","link":"https:\/\/airplantshop.nl\/de\/product\/murex-schelp-met-luchtplantje\/","title":{"rendered":"Trio Murex Muschel mit Luftpflanzen"},"content":{"rendered":"<p>Diese Kombination aus drei Murex-Muscheln mit kleinen Luftpflanzen macht riesigen Spa\u00df, wenn Sie sie zu Hause oder im B\u00fcro aufstellen oder verschenken! Auch sch\u00f6n zu kombinieren mit anderen Muscheln, Luftpflanzen oder zum Beispiel auf einer Schale mit Kerzen. Die Schale liefern wir mit Tillandsia ionantha. Sie erhalten eine gr\u00f6\u00dfere Murex-Muschel und zwei kleinere Muscheln<\/p>\n<p class=\"p1\"><b>Ma\u00dfe: <\/b>3 Muscheln zwischen 5 und 7 Zentimetern<\/p>\n<p class=\"p1\"><b>Pflege: <\/b>Bespr\u00fchen Sie die Luftpflanze ein- bis zweimal pro Woche mit Regenwasser oder unserem N\u00e4hrstoffspray. Stellen Sie sicher, dass die Luftpflanze gen\u00fcgend indirektes Sonnenlicht und frische Luft bekommt.<\/p>\n<p class=\"p1\"><b>Achtung:<\/b> Jede Luftpflanze ist einzigartig, daher kann die bestellte Pflanze leicht von der Luftpflanze auf dem Foto abweichen. Bei der Schale handelt es sich um ein Naturprodukt, jede Schale ist ein Unikat und kann daher von der Schale auf dem Foto abweichen.<\/p>","protected":false},"excerpt":{"rendered":"<p>Diese Kombination aus drei Murex-Muscheln mit Luftpflanzen macht gro\u00dfen Spa\u00df, wenn Sie sie zu Hause oder im B\u00fcro ausstellen oder verschenken! Wir liefern die Schalen mit einer Tillandsia ionanthas.<\/p>","protected":false},"featured_media":15873,"comment_status":"open","ping_status":"closed","template":"","meta":{"_acf_changed":false,"rs_blank_template":"","rs_page_bg_color":"","slide_template_v7":""},"product_brand":[],"product_cat":[153,162,168],"product_tag":[],"class_list":{"0":"post-15870","1":"product","2":"type-product","3":"status-publish","4":"has-post-thumbnail","6":"product_cat-accessoires-2","7":"product_cat-cadeaus","8":"product_cat-sale","10":"first","11":"instock","12":"sale","13":"featured","14":"taxable","15":"shipping-taxable","16":"purchasable","17":"product-type-simple","18":"add-to-wishlist-after_add_to_cart"},"acf":[],"_links":{"self":[{"href":"https:\/\/airplantshop.nl\/de\/wp-json\/wp\/v2\/product\/15870","targetHints":{"allow":["GET"]}}],"collection":[{"href":"https:\/\/airplantshop.nl\/de\/wp-json\/wp\/v2\/product"}],"about":[{"href":"https:\/\/airplantshop.nl\/de\/wp-json\/wp\/v2\/types\/product"}],"replies":[{"embeddable":true,"href":"https:\/\/airplantshop.nl\/de\/wp-json\/wp\/v2\/comments?post=15870"}],"wp:featuredmedia":[{"embeddable":true,"href":"https:\/\/airplantshop.nl\/de\/wp-json\/wp\/v2\/media\/15873"}],"wp:attachment":[{"href":"https:\/\/airplantshop.nl\/de\/wp-json\/wp\/v2\/media?parent=15870"}],"wp:term":[{"taxonomy":"product_brand","embeddable":true,"href":"https:\/\/airplantshop.nl\/de\/wp-json\/wp\/v2\/product_brand?post=15870"},{"taxonomy":"product_cat","embeddable":true,"href":"https:\/\/airplantshop.nl\/de\/wp-json\/wp\/v2\/product_cat?post=15870"},{"taxonomy":"product_tag","embeddable":true,"href":"https:\/\/airplantshop.nl\/de\/wp-json\/wp\/v2\/product_tag?post=15870"}],"curies":[{"name":"wp","href":"https:\/\/api.w.org\/{rel}","templated":true}]}}