{"id":15874,"date":"2024-08-08T13:34:00","date_gmt":"2024-08-08T11:34:00","guid":{"rendered":"https:\/\/airplantshop.nl\/?post_type=product&#038;p=15874"},"modified":"2026-03-22T08:07:39","modified_gmt":"2026-03-22T07:07:39","slug":"klein-kurkdop-potje-met-2-airplants","status":"publish","type":"product","link":"https:\/\/airplantshop.nl\/de\/product\/klein-kurkdop-potje-met-2-airplants\/","title":{"rendered":"Kleiner Topf mit Korkdeckel und Luftpflanze"},"content":{"rendered":"<p>Wir f\u00fcllen diesen kleinen Topf mit Korkdeckel mit Moos und einer Tillandsia Ionantha. Sch\u00f6n f\u00fcr Ihr Zuhause und zum Kombinieren mit unseren anderen Produkten. Wir haben den Topf mit Korkdeckel auch in einer gr\u00f6\u00dferen Gr\u00f6\u00dfe mit 2 Luftpflanzen.<\/p>\n<p class=\"p1\"><b>Ma\u00dfe: <\/b>10 centimeter hoog<\/p>\n<p class=\"p1\"><b>Pflege: <\/b>Bespr\u00fchen Sie die Luftpflanze ein- bis zweimal pro Woche mit Regenwasser oder unserem N\u00e4hrstoffspray. Stellen Sie sicher, dass die Luftpflanze gen\u00fcgend indirektes Sonnenlicht und frische Luft bekommt.<\/p>\n<p class=\"p1\"><b>Achtung:<\/b> Jede Luftpflanze ist einzigartig, daher kann die bestellte Pflanze leicht von der Luftpflanze auf dem Foto abweichen.<\/p>","protected":false},"excerpt":{"rendered":"<p>Wir f\u00fcllen diesen kleinen Topf mit Korkdeckel mit Moos und einer Tillandsia Ionantha. Sch\u00f6n f\u00fcr Ihr Zuhause und zum Kombinieren mit unseren anderen Produkten.<\/p>","protected":false},"featured_media":15875,"comment_status":"open","ping_status":"closed","template":"","meta":{"_acf_changed":false,"rs_blank_template":"","rs_page_bg_color":"","slide_template_v7":""},"product_brand":[],"product_cat":[153,162],"product_tag":[],"class_list":{"0":"post-15874","1":"product","2":"type-product","3":"status-publish","4":"has-post-thumbnail","6":"product_cat-accessoires-2","7":"product_cat-cadeaus","9":"first","10":"instock","11":"taxable","12":"shipping-taxable","13":"purchasable","14":"product-type-simple","15":"add-to-wishlist-after_add_to_cart"},"acf":[],"_links":{"self":[{"href":"https:\/\/airplantshop.nl\/de\/wp-json\/wp\/v2\/product\/15874","targetHints":{"allow":["GET"]}}],"collection":[{"href":"https:\/\/airplantshop.nl\/de\/wp-json\/wp\/v2\/product"}],"about":[{"href":"https:\/\/airplantshop.nl\/de\/wp-json\/wp\/v2\/types\/product"}],"replies":[{"embeddable":true,"href":"https:\/\/airplantshop.nl\/de\/wp-json\/wp\/v2\/comments?post=15874"}],"wp:featuredmedia":[{"embeddable":true,"href":"https:\/\/airplantshop.nl\/de\/wp-json\/wp\/v2\/media\/15875"}],"wp:attachment":[{"href":"https:\/\/airplantshop.nl\/de\/wp-json\/wp\/v2\/media?parent=15874"}],"wp:term":[{"taxonomy":"product_brand","embeddable":true,"href":"https:\/\/airplantshop.nl\/de\/wp-json\/wp\/v2\/product_brand?post=15874"},{"taxonomy":"product_cat","embeddable":true,"href":"https:\/\/airplantshop.nl\/de\/wp-json\/wp\/v2\/product_cat?post=15874"},{"taxonomy":"product_tag","embeddable":true,"href":"https:\/\/airplantshop.nl\/de\/wp-json\/wp\/v2\/product_tag?post=15874"}],"curies":[{"name":"wp","href":"https:\/\/api.w.org\/{rel}","templated":true}]}}