{"id":15876,"date":"2024-08-08T13:37:07","date_gmt":"2024-08-08T11:37:07","guid":{"rendered":"https:\/\/airplantshop.nl\/?post_type=product&#038;p=15876"},"modified":"2026-03-26T21:29:44","modified_gmt":"2026-03-26T20:29:44","slug":"groot-kurkdop-potje-met-2-airplants","status":"publish","type":"product","link":"https:\/\/airplantshop.nl\/de\/product\/groot-kurkdop-potje-met-2-airplants\/","title":{"rendered":"Gro\u00dfer Topf mit Korkdeckel und 2 Luftpflanzen"},"content":{"rendered":"<p>Wir f\u00fcllen diesen gro\u00dfen Topf mit Korkdeckel mit Moos und zwei Tillandsia Ionantha. Sch\u00f6n f\u00fcr Ihr Zuhause und zum Kombinieren mit unseren anderen Produkten. Das Glas mit Korkverschluss ist auch in einer kleineren Gr\u00f6\u00dfe erh\u00e4ltlich<\/p>\n<p class=\"p1\"><b>Ma\u00dfe: <\/b>15 centimeter<\/p>\n<p class=\"p1\"><b>Pflege: <\/b>Bespr\u00fchen Sie die Luftpflanze ein- bis zweimal pro Woche mit Regenwasser oder unserem N\u00e4hrstoffspray. Stellen Sie sicher, dass die Luftpflanze gen\u00fcgend indirektes Sonnenlicht und frische Luft bekommt.<\/p>\n<p class=\"p1\"><b>Achtung:<\/b> Jede Luftpflanze ist einzigartig, daher kann die bestellte Pflanze leicht von der Luftpflanze auf dem Foto abweichen.<\/p>","protected":false},"excerpt":{"rendered":"<p>Wir f\u00fcllen diesen gro\u00dfen Topf mit Korkdeckel mit Moos und zwei Tillandsia Ionantha. Sch\u00f6n f\u00fcr Ihr Zuhause und zum Kombinieren mit unseren anderen Produkten.<\/p>","protected":false},"featured_media":15877,"comment_status":"open","ping_status":"closed","template":"","meta":{"_acf_changed":false,"rs_blank_template":"","rs_page_bg_color":"","slide_template_v7":""},"product_brand":[],"product_cat":[153,162],"product_tag":[],"class_list":{"0":"post-15876","1":"product","2":"type-product","3":"status-publish","4":"has-post-thumbnail","6":"product_cat-accessoires-2","7":"product_cat-cadeaus","9":"first","10":"instock","11":"taxable","12":"shipping-taxable","13":"purchasable","14":"product-type-simple","15":"add-to-wishlist-after_add_to_cart"},"acf":[],"_links":{"self":[{"href":"https:\/\/airplantshop.nl\/de\/wp-json\/wp\/v2\/product\/15876","targetHints":{"allow":["GET"]}}],"collection":[{"href":"https:\/\/airplantshop.nl\/de\/wp-json\/wp\/v2\/product"}],"about":[{"href":"https:\/\/airplantshop.nl\/de\/wp-json\/wp\/v2\/types\/product"}],"replies":[{"embeddable":true,"href":"https:\/\/airplantshop.nl\/de\/wp-json\/wp\/v2\/comments?post=15876"}],"wp:featuredmedia":[{"embeddable":true,"href":"https:\/\/airplantshop.nl\/de\/wp-json\/wp\/v2\/media\/15877"}],"wp:attachment":[{"href":"https:\/\/airplantshop.nl\/de\/wp-json\/wp\/v2\/media?parent=15876"}],"wp:term":[{"taxonomy":"product_brand","embeddable":true,"href":"https:\/\/airplantshop.nl\/de\/wp-json\/wp\/v2\/product_brand?post=15876"},{"taxonomy":"product_cat","embeddable":true,"href":"https:\/\/airplantshop.nl\/de\/wp-json\/wp\/v2\/product_cat?post=15876"},{"taxonomy":"product_tag","embeddable":true,"href":"https:\/\/airplantshop.nl\/de\/wp-json\/wp\/v2\/product_tag?post=15876"}],"curies":[{"name":"wp","href":"https:\/\/api.w.org\/{rel}","templated":true}]}}