{"id":15878,"date":"2024-08-13T10:16:50","date_gmt":"2024-08-13T08:16:50","guid":{"rendered":"https:\/\/airplantshop.nl\/?post_type=product&#038;p=15878"},"modified":"2026-03-09T07:48:02","modified_gmt":"2026-03-09T06:48:02","slug":"valentijn-love-ball","status":"publish","type":"product","link":"https:\/\/airplantshop.nl\/de\/product\/valentijn-love-ball\/","title":{"rendered":"Liebesball zum Valentinstag"},"content":{"rendered":"<p>Dieses s\u00fc\u00dfe Accessoire inklusive Luftpflanze ist das perfekte Geschenk zum Valentinstag oder zu jedem anderen besonderen Anlass. Sie k\u00f6nnen es an der roten Schleife aufh\u00e4ngen, es ist aber auch m\u00f6glich, es mit der flachen Unterseite hinzustellen.<\/p>\n<p>Mit diesem Produkt liefern wir roten Sand und Herzen. Diese liefern wir in separaten Beuteln.<\/p>\n<p class=\"p1\"><b>Ma\u00dfe: <\/b>8 Zentimeter<\/p>\n<p class=\"p1\"><b>Pflege: <\/b>Bespr\u00fchen Sie die Luftpflanze ein- bis zweimal pro Woche mit Regenwasser oder unserem N\u00e4hrstoffspray. Stellen Sie sicher, dass die Luftpflanze gen\u00fcgend indirektes Sonnenlicht und frische Luft bekommt.<\/p>\n<p class=\"p1\"><b>Achtung:<\/b> Jede Luftpflanze ist einzigartig, daher kann die bestellte Pflanze leicht von der Luftpflanze auf dem Foto abweichen.<\/p>","protected":false},"excerpt":{"rendered":"<p>Dies ist das perfekte Geschenk zum Valentinstag oder zu jedem anderen besonderen Anlass! Dieses Accessoire enth\u00e4lt eine Luftpflanze, roten Sand, Herzen und ein Band zum Aufh\u00e4ngen.<\/p>","protected":false},"featured_media":15879,"comment_status":"open","ping_status":"closed","template":"","meta":{"_acf_changed":false,"rs_blank_template":"","rs_page_bg_color":"","slide_template_v7":""},"product_brand":[],"product_cat":[153,162,158],"product_tag":[],"class_list":{"0":"post-15878","1":"product","2":"type-product","3":"status-publish","4":"has-post-thumbnail","6":"product_cat-accessoires-2","7":"product_cat-cadeaus","8":"product_cat-valentijnsdag","10":"first","11":"instock","12":"taxable","13":"shipping-taxable","14":"purchasable","15":"product-type-simple","16":"add-to-wishlist-after_add_to_cart"},"acf":[],"_links":{"self":[{"href":"https:\/\/airplantshop.nl\/de\/wp-json\/wp\/v2\/product\/15878","targetHints":{"allow":["GET"]}}],"collection":[{"href":"https:\/\/airplantshop.nl\/de\/wp-json\/wp\/v2\/product"}],"about":[{"href":"https:\/\/airplantshop.nl\/de\/wp-json\/wp\/v2\/types\/product"}],"replies":[{"embeddable":true,"href":"https:\/\/airplantshop.nl\/de\/wp-json\/wp\/v2\/comments?post=15878"}],"wp:featuredmedia":[{"embeddable":true,"href":"https:\/\/airplantshop.nl\/de\/wp-json\/wp\/v2\/media\/15879"}],"wp:attachment":[{"href":"https:\/\/airplantshop.nl\/de\/wp-json\/wp\/v2\/media?parent=15878"}],"wp:term":[{"taxonomy":"product_brand","embeddable":true,"href":"https:\/\/airplantshop.nl\/de\/wp-json\/wp\/v2\/product_brand?post=15878"},{"taxonomy":"product_cat","embeddable":true,"href":"https:\/\/airplantshop.nl\/de\/wp-json\/wp\/v2\/product_cat?post=15878"},{"taxonomy":"product_tag","embeddable":true,"href":"https:\/\/airplantshop.nl\/de\/wp-json\/wp\/v2\/product_tag?post=15878"}],"curies":[{"name":"wp","href":"https:\/\/api.w.org\/{rel}","templated":true}]}}