{"id":15880,"date":"2024-08-13T10:26:28","date_gmt":"2024-08-13T08:26:28","guid":{"rendered":"https:\/\/airplantshop.nl\/?post_type=product&#038;p=15880"},"modified":"2026-03-09T07:31:24","modified_gmt":"2026-03-09T06:31:24","slug":"roze-cementpotje-op-poten-met-airplant","status":"publish","type":"product","link":"https:\/\/airplantshop.nl\/de\/product\/roze-cementpotje-op-poten-met-airplant\/","title":{"rendered":"Rosa Zementtopf auf Beinen mit Airplant"},"content":{"rendered":"<p>Dieser Zementtopf steht auf drei Holzbeinen und ist an der Au\u00dfenseite mit Kreisen versehen. Mit diesem Topf liefern wir eine Tillandsia Multiflora, die perfekt passt! Bitte beachten Sie, dass es sich um kleine T\u00f6pfe handelt!<\/p>\n<p class=\"p1\"><b>Ma\u00dfe: <\/b>12 Zentimeter hoch, 8 Zentimeter Durchmesser<\/p>\n<p class=\"p1\"><b>Pflege: <\/b>Bespr\u00fchen Sie die Luftpflanze ein- bis zweimal pro Woche mit Regenwasser oder unserem N\u00e4hrstoffspray. Stellen Sie sicher, dass die Luftpflanze gen\u00fcgend indirektes Sonnenlicht und frische Luft bekommt.<\/p>\n<p class=\"p1\"><b>Achtung:<\/b> Jede Luftpflanze ist einzigartig, daher kann die bestellte Pflanze leicht von der Luftpflanze auf dem Foto abweichen.<\/p>","protected":false},"excerpt":{"rendered":"<p>Dieser Zementtopf steht auf drei Holzbeinen und ist an der Au\u00dfenseite mit Kreisen versehen. Mit diesem Topf liefern wir eine Tillandsia Multiflora, die perfekt passt!<\/p>","protected":false},"featured_media":15881,"comment_status":"open","ping_status":"closed","template":"","meta":{"_acf_changed":false,"rs_blank_template":"","rs_page_bg_color":"","slide_template_v7":""},"product_brand":[],"product_cat":[153],"product_tag":[],"class_list":{"0":"post-15880","1":"product","2":"type-product","3":"status-publish","4":"has-post-thumbnail","6":"product_cat-accessoires-2","8":"first","9":"instock","10":"taxable","11":"shipping-taxable","12":"purchasable","13":"product-type-simple","14":"add-to-wishlist-after_add_to_cart"},"acf":[],"_links":{"self":[{"href":"https:\/\/airplantshop.nl\/de\/wp-json\/wp\/v2\/product\/15880","targetHints":{"allow":["GET"]}}],"collection":[{"href":"https:\/\/airplantshop.nl\/de\/wp-json\/wp\/v2\/product"}],"about":[{"href":"https:\/\/airplantshop.nl\/de\/wp-json\/wp\/v2\/types\/product"}],"replies":[{"embeddable":true,"href":"https:\/\/airplantshop.nl\/de\/wp-json\/wp\/v2\/comments?post=15880"}],"wp:featuredmedia":[{"embeddable":true,"href":"https:\/\/airplantshop.nl\/de\/wp-json\/wp\/v2\/media\/15881"}],"wp:attachment":[{"href":"https:\/\/airplantshop.nl\/de\/wp-json\/wp\/v2\/media?parent=15880"}],"wp:term":[{"taxonomy":"product_brand","embeddable":true,"href":"https:\/\/airplantshop.nl\/de\/wp-json\/wp\/v2\/product_brand?post=15880"},{"taxonomy":"product_cat","embeddable":true,"href":"https:\/\/airplantshop.nl\/de\/wp-json\/wp\/v2\/product_cat?post=15880"},{"taxonomy":"product_tag","embeddable":true,"href":"https:\/\/airplantshop.nl\/de\/wp-json\/wp\/v2\/product_tag?post=15880"}],"curies":[{"name":"wp","href":"https:\/\/api.w.org\/{rel}","templated":true}]}}