{"id":15882,"date":"2024-08-13T10:35:20","date_gmt":"2024-08-13T08:35:20","guid":{"rendered":"https:\/\/airplantshop.nl\/?post_type=product&#038;p=15882"},"modified":"2026-03-23T13:55:02","modified_gmt":"2026-03-23T12:55:02","slug":"diy-beach-ball-met-tillandsia","status":"publish","type":"product","link":"https:\/\/airplantshop.nl\/de\/product\/diy-beach-ball-met-tillandsia\/","title":{"rendered":"DIY: Strandvase mit Tillandsien"},"content":{"rendered":"<p>Diese lustige Glaskugel k\u00f6nnen Sie selbst mit Sand, Muscheln und nat\u00fcrlich einer Luftpflanze dekorieren. Mit diesem Produkt liefern wir die Tillandsia Ionantha. Mithilfe der Schnur l\u00e4sst sich der Ball einfach aufh\u00e4ngen, es ist aber auch m\u00f6glich, den Beach Ball auf einen Tisch, ein Regal oder einen Schrank zu stellen, da die Unterseite des Glases flach ist.<\/p>\n<p class=\"p1\"><b>Ma\u00dfe: <\/b>10 Zentimeter<\/p>\n<p class=\"p1\"><b>Pflege: <\/b>Bespr\u00fchen Sie die Luftpflanze ein- bis zweimal pro Woche mit Regenwasser oder unserem N\u00e4hrstoffspray. Nehmen Sie die Tillandsien zun\u00e4chst aus der Glaskugel, damit der Sand nicht nass wird. Stellen Sie sicher, dass die Luftpflanze gen\u00fcgend indirektes Sonnenlicht und frische Luft bekommt.<\/p>\n<p class=\"p1\"><b>Achtung:<\/b> Jede Luftpflanze ist einzigartig, daher kann die bestellte Pflanze leicht von der Luftpflanze auf dem Foto abweichen.<\/p>","protected":false},"excerpt":{"rendered":"<p>Diese lustige Glaskugel k\u00f6nnen Sie selbst mit Sand, Muscheln und nat\u00fcrlich einer Luftpflanze dekorieren. Mit diesem Produkt liefern wir die Tillandsia Ionantha.<\/p>","protected":false},"featured_media":15883,"comment_status":"open","ping_status":"closed","template":"","meta":{"_acf_changed":false,"rs_blank_template":"","rs_page_bg_color":"","slide_template_v7":""},"product_brand":[],"product_cat":[153,162,164],"product_tag":[],"class_list":{"0":"post-15882","1":"product","2":"type-product","3":"status-publish","4":"has-post-thumbnail","6":"product_cat-accessoires-2","7":"product_cat-cadeaus","8":"product_cat-diy","10":"first","11":"instock","12":"taxable","13":"shipping-taxable","14":"purchasable","15":"product-type-simple","16":"add-to-wishlist-after_add_to_cart"},"acf":[],"_links":{"self":[{"href":"https:\/\/airplantshop.nl\/de\/wp-json\/wp\/v2\/product\/15882","targetHints":{"allow":["GET"]}}],"collection":[{"href":"https:\/\/airplantshop.nl\/de\/wp-json\/wp\/v2\/product"}],"about":[{"href":"https:\/\/airplantshop.nl\/de\/wp-json\/wp\/v2\/types\/product"}],"replies":[{"embeddable":true,"href":"https:\/\/airplantshop.nl\/de\/wp-json\/wp\/v2\/comments?post=15882"}],"wp:featuredmedia":[{"embeddable":true,"href":"https:\/\/airplantshop.nl\/de\/wp-json\/wp\/v2\/media\/15883"}],"wp:attachment":[{"href":"https:\/\/airplantshop.nl\/de\/wp-json\/wp\/v2\/media?parent=15882"}],"wp:term":[{"taxonomy":"product_brand","embeddable":true,"href":"https:\/\/airplantshop.nl\/de\/wp-json\/wp\/v2\/product_brand?post=15882"},{"taxonomy":"product_cat","embeddable":true,"href":"https:\/\/airplantshop.nl\/de\/wp-json\/wp\/v2\/product_cat?post=15882"},{"taxonomy":"product_tag","embeddable":true,"href":"https:\/\/airplantshop.nl\/de\/wp-json\/wp\/v2\/product_tag?post=15882"}],"curies":[{"name":"wp","href":"https:\/\/api.w.org\/{rel}","templated":true}]}}