{"id":15899,"date":"2024-08-13T11:04:42","date_gmt":"2024-08-13T09:04:42","guid":{"rendered":"https:\/\/airplantshop.nl\/?post_type=product&#038;p=15899"},"modified":"2026-03-09T08:32:40","modified_gmt":"2026-03-09T07:32:40","slug":"grote-lightbulb-met-airplant","status":"publish","type":"product","link":"https:\/\/airplantshop.nl\/de\/product\/grote-lightbulb-met-airplant\/","title":{"rendered":"Gro\u00dfe Lightbulb mit Airplant"},"content":{"rendered":"<p>Diese Gl\u00fchbirne inklusive Tillandsia ist ein echter Bestseller! Ein einzigartiges Geschenk, das sich nat\u00fcrlich auch gut in den eigenen vier W\u00e4nden ausstellen l\u00e4sst. Sie k\u00f6nnen die Gl\u00fchbirne mit einer F\u00fcllung Ihrer Wahl bef\u00fcllen. Wir haben Moos, verschiedenfarbigen Sand und Kieselsteine. Wir liefern mit diesem Produkt eine Tillandsia Ionantha.<\/p>\n<p>Wir haben die Gl\u00fchbirne in zwei Gr\u00f6\u00dfen erh\u00e4ltlich; klein und gro\u00df.<\/p>\n<p class=\"p1\"><b>Ma\u00dfe: <\/b>18 Zentimeter hoch<\/p>\n<p class=\"p1\"><b>Pflege: <\/b>Wenn Sie die Luftpflanze pflegen, entfernen Sie sie zuerst von der Gl\u00fchbirne. Bespr\u00fchen Sie die Luftpflanze ein- bis zweimal pro Woche mit Regenwasser oder unserem N\u00e4hrstoffspray. Stellen Sie sicher, dass die Luftpflanze gen\u00fcgend indirektes Sonnenlicht und frische Luft bekommt.<\/p>\n<p class=\"p1\"><b>Achtung:<\/b> Jede Luftpflanze ist einzigartig, daher kann die bestellte Pflanze leicht von der Luftpflanze auf dem Foto abweichen.<\/p>","protected":false},"excerpt":{"rendered":"<p>Diese Gl\u00fchbirne inklusive Tillandsia ist ein echter Bestseller! Ein einzigartiges Geschenk, das sich nat\u00fcrlich auch gut in den eigenen vier W\u00e4nden ausstellen l\u00e4sst.<\/p>","protected":false},"featured_media":15900,"comment_status":"open","ping_status":"closed","template":"","meta":{"_acf_changed":false,"rs_blank_template":"","rs_page_bg_color":"","slide_template_v7":""},"product_brand":[],"product_cat":[153],"product_tag":[],"class_list":{"0":"post-15899","1":"product","2":"type-product","3":"status-publish","4":"has-post-thumbnail","6":"product_cat-accessoires-2","8":"first","9":"outofstock","10":"taxable","11":"shipping-taxable","12":"purchasable","13":"product-type-variable","14":"add-to-wishlist-after_add_to_cart"},"acf":[],"_links":{"self":[{"href":"https:\/\/airplantshop.nl\/de\/wp-json\/wp\/v2\/product\/15899","targetHints":{"allow":["GET"]}}],"collection":[{"href":"https:\/\/airplantshop.nl\/de\/wp-json\/wp\/v2\/product"}],"about":[{"href":"https:\/\/airplantshop.nl\/de\/wp-json\/wp\/v2\/types\/product"}],"replies":[{"embeddable":true,"href":"https:\/\/airplantshop.nl\/de\/wp-json\/wp\/v2\/comments?post=15899"}],"wp:featuredmedia":[{"embeddable":true,"href":"https:\/\/airplantshop.nl\/de\/wp-json\/wp\/v2\/media\/15900"}],"wp:attachment":[{"href":"https:\/\/airplantshop.nl\/de\/wp-json\/wp\/v2\/media?parent=15899"}],"wp:term":[{"taxonomy":"product_brand","embeddable":true,"href":"https:\/\/airplantshop.nl\/de\/wp-json\/wp\/v2\/product_brand?post=15899"},{"taxonomy":"product_cat","embeddable":true,"href":"https:\/\/airplantshop.nl\/de\/wp-json\/wp\/v2\/product_cat?post=15899"},{"taxonomy":"product_tag","embeddable":true,"href":"https:\/\/airplantshop.nl\/de\/wp-json\/wp\/v2\/product_tag?post=15899"}],"curies":[{"name":"wp","href":"https:\/\/api.w.org\/{rel}","templated":true}]}}