{"id":15901,"date":"2024-08-13T11:24:58","date_gmt":"2024-08-13T09:24:58","guid":{"rendered":"https:\/\/airplantshop.nl\/?post_type=product&#038;p=15901"},"modified":"2026-03-09T08:27:08","modified_gmt":"2026-03-09T07:27:08","slug":"cocos-houder-met-airplant","status":"publish","type":"product","link":"https:\/\/airplantshop.nl\/de\/product\/cocos-houder-met-airplant\/","title":{"rendered":"Kokosnusshalter mit Luftpflanze"},"content":{"rendered":"<p>Suchen Sie nach einem einzigartigen Halter f\u00fcr Ihre Luftpflanze? Dann ist dieses Produkt genau das Richtige f\u00fcr Sie! Den Cocoshalter liefern wir inklusive einer Tillandsia. Zur Auswahl stehen die Tillandsia Cotton Candy Large und die Tillandsia Streptophylla Large.<\/p>\n<p class=\"p1\"><b>Ma\u00dfe: <\/b>9 bis 11 Zentimeter Durchmesser<\/p>\n<p class=\"p1\"><b>Pflege: <\/b>Bespr\u00fchen Sie die Luftpflanze ein- bis zweimal pro Woche mit Regenwasser oder unserem N\u00e4hrstoffspray. Stellen Sie sicher, dass die Luftpflanze gen\u00fcgend indirektes Sonnenlicht und frische Luft bekommt.<\/p>\n<p class=\"p1\"><b>Achtung:<\/b> Jede Luftpflanze ist einzigartig, daher kann die bestellte Pflanze leicht von der Luftpflanze auf dem Foto abweichen.<\/p>","protected":false},"excerpt":{"rendered":"<p>Suchen Sie nach einem einzigartigen Halter f\u00fcr Ihre Luftpflanze? Dann ist dieses Produkt genau das Richtige f\u00fcr Sie! Den Cocoshalter liefern wir inklusive einer Tillandsia.<\/p>","protected":false},"featured_media":37372,"comment_status":"open","ping_status":"closed","template":"","meta":{"_acf_changed":false,"rs_blank_template":"","rs_page_bg_color":"","slide_template_v7":""},"product_brand":[],"product_cat":[153,162],"product_tag":[201,200],"class_list":{"0":"post-15901","1":"product","2":"type-product","3":"status-publish","4":"has-post-thumbnail","6":"product_cat-accessoires-2","7":"product_cat-cadeaus","8":"product_tag-kokos-noot","9":"product_tag-kokosnoot","11":"first","12":"instock","13":"taxable","14":"shipping-taxable","15":"purchasable","16":"product-type-variable","17":"add-to-wishlist-after_add_to_cart"},"acf":[],"_links":{"self":[{"href":"https:\/\/airplantshop.nl\/de\/wp-json\/wp\/v2\/product\/15901","targetHints":{"allow":["GET"]}}],"collection":[{"href":"https:\/\/airplantshop.nl\/de\/wp-json\/wp\/v2\/product"}],"about":[{"href":"https:\/\/airplantshop.nl\/de\/wp-json\/wp\/v2\/types\/product"}],"replies":[{"embeddable":true,"href":"https:\/\/airplantshop.nl\/de\/wp-json\/wp\/v2\/comments?post=15901"}],"wp:featuredmedia":[{"embeddable":true,"href":"https:\/\/airplantshop.nl\/de\/wp-json\/wp\/v2\/media\/37372"}],"wp:attachment":[{"href":"https:\/\/airplantshop.nl\/de\/wp-json\/wp\/v2\/media?parent=15901"}],"wp:term":[{"taxonomy":"product_brand","embeddable":true,"href":"https:\/\/airplantshop.nl\/de\/wp-json\/wp\/v2\/product_brand?post=15901"},{"taxonomy":"product_cat","embeddable":true,"href":"https:\/\/airplantshop.nl\/de\/wp-json\/wp\/v2\/product_cat?post=15901"},{"taxonomy":"product_tag","embeddable":true,"href":"https:\/\/airplantshop.nl\/de\/wp-json\/wp\/v2\/product_tag?post=15901"}],"curies":[{"name":"wp","href":"https:\/\/api.w.org\/{rel}","templated":true}]}}