{"id":15909,"date":"2024-08-13T11:37:12","date_gmt":"2024-08-13T09:37:12","guid":{"rendered":"https:\/\/airplantshop.nl\/?post_type=product&#038;p=15909"},"modified":"2026-04-04T00:03:35","modified_gmt":"2026-04-03T22:03:35","slug":"3x-spoetnik-zee-egel-met-tillandsia","status":"publish","type":"product","link":"https:\/\/airplantshop.nl\/de\/product\/3x-spoetnik-zee-egel-met-tillandsia\/","title":{"rendered":"3x Sputnik-Seeigel mit Tillandsia"},"content":{"rendered":"<p>Dieses Seeigeltrio hat einen coolen Look. Da die H\u00fclle des Sputniks \u00fcber dicke Nadeln verf\u00fcgte, sind an der Au\u00dfenseite deutlich sichtbare Beulen zu erkennen. Dies macht die Schale zu etwas ganz Besonderem! Die Schalen enthalten Tillandsia Ionanthas.<\/p>\n<p>Sch\u00f6n f\u00fcr zu Hause auf dem Tisch oder der Fensterbank. Aber auch als kleines Geschenk zum Verschenken, zum Beispiel zum Lehrertag, als Werbegeschenk oder als Dankesch\u00f6n eignet es sich perfekt.<\/p>\n<p class=\"p1\"><b>Ma\u00dfe: <\/b>die Schalen sind zwischen 6 und 9 Zentimeter gro\u00df<\/p>\n<p class=\"p1\"><b>Pflege: <\/b>Bespr\u00fchen Sie die Luftpflanze ein- bis zweimal pro Woche mit Regenwasser oder unserem N\u00e4hrstoffspray. Stellen Sie sicher, dass die Luftpflanze gen\u00fcgend indirektes Sonnenlicht und frische Luft bekommt.<\/p>\n<p class=\"p1\"><b>Achtung:<\/b> Jede Luftpflanze ist einzigartig, daher kann die bestellte Pflanze leicht von der Luftpflanze auf dem Foto abweichen.<\/p>\n<p>&nbsp;<\/p>","protected":false},"excerpt":{"rendered":"<p>Dieses Seeigeltrio hat einen coolen Look. Da die H\u00fclle des Sputniks \u00fcber dicke Nadeln verf\u00fcgte, sind an der Au\u00dfenseite deutlich sichtbare Beulen zu erkennen. Dies macht die Schale zu etwas ganz Besonderem! Die Schalen enthalten Tillandsia Ionanthas.<\/p>","protected":false},"featured_media":15910,"comment_status":"open","ping_status":"closed","template":"","meta":{"_acf_changed":false,"rs_blank_template":"","rs_page_bg_color":"","slide_template_v7":""},"product_brand":[],"product_cat":[153,162,168],"product_tag":[],"class_list":{"0":"post-15909","1":"product","2":"type-product","3":"status-publish","4":"has-post-thumbnail","6":"product_cat-accessoires-2","7":"product_cat-cadeaus","8":"product_cat-sale","10":"first","11":"instock","12":"sale","13":"taxable","14":"shipping-taxable","15":"purchasable","16":"product-type-simple","17":"add-to-wishlist-after_add_to_cart"},"acf":[],"_links":{"self":[{"href":"https:\/\/airplantshop.nl\/de\/wp-json\/wp\/v2\/product\/15909","targetHints":{"allow":["GET"]}}],"collection":[{"href":"https:\/\/airplantshop.nl\/de\/wp-json\/wp\/v2\/product"}],"about":[{"href":"https:\/\/airplantshop.nl\/de\/wp-json\/wp\/v2\/types\/product"}],"replies":[{"embeddable":true,"href":"https:\/\/airplantshop.nl\/de\/wp-json\/wp\/v2\/comments?post=15909"}],"wp:featuredmedia":[{"embeddable":true,"href":"https:\/\/airplantshop.nl\/de\/wp-json\/wp\/v2\/media\/15910"}],"wp:attachment":[{"href":"https:\/\/airplantshop.nl\/de\/wp-json\/wp\/v2\/media?parent=15909"}],"wp:term":[{"taxonomy":"product_brand","embeddable":true,"href":"https:\/\/airplantshop.nl\/de\/wp-json\/wp\/v2\/product_brand?post=15909"},{"taxonomy":"product_cat","embeddable":true,"href":"https:\/\/airplantshop.nl\/de\/wp-json\/wp\/v2\/product_cat?post=15909"},{"taxonomy":"product_tag","embeddable":true,"href":"https:\/\/airplantshop.nl\/de\/wp-json\/wp\/v2\/product_tag?post=15909"}],"curies":[{"name":"wp","href":"https:\/\/api.w.org\/{rel}","templated":true}]}}