{"id":15911,"date":"2024-08-13T12:32:59","date_gmt":"2024-08-13T10:32:59","guid":{"rendered":"https:\/\/airplantshop.nl\/?post_type=product&#038;p=15911"},"modified":"2026-03-30T11:56:20","modified_gmt":"2026-03-30T09:56:20","slug":"diy-krans-in-hartvorm-met-airplants","status":"publish","type":"product","link":"https:\/\/airplantshop.nl\/de\/product\/diy-krans-in-hartvorm-met-airplants\/","title":{"rendered":"DIY: Herzf\u00f6rmiger Kranz mit Luftpflanzen"},"content":{"rendered":"<p>In diesem lustigen Do It Yourself-Paket finden Sie:<\/p>\n<ul>\n<li>Herzf\u00f6rmiger Kranz<\/li>\n<li>Drei verschiedene Luftpflanzen (k\u00f6nnen vom Foto abweichen)<\/li>\n<li>B\u00fcschel Spanisches Moos<\/li>\n<li>Farbiges Moos (Achtung, dieses Moos braucht kein Wasser und ist pflegeleicht)<\/li>\n<li>Eisendr\u00e4hte<\/li>\n<li>Rotes Band<\/li>\n<\/ul>\n<p class=\"p1\"><b>Ma\u00dfe: <\/b>20 centimeter<\/p>\n<p class=\"p1\"><b>Pflege: <\/b>Bespr\u00fchen Sie die Luftpflanze ein- bis zweimal pro Woche mit Regenwasser oder unserem N\u00e4hrstoffspray. Stellen Sie sicher, dass die Luftpflanze gen\u00fcgend indirektes Sonnenlicht und frische Luft bekommt.<\/p>\n<p class=\"p1\"><b>Achtung:<\/b> Jede Luftpflanze ist einzigartig, daher kann die bestellte Pflanze leicht von der Luftpflanze auf dem Foto abweichen.<\/p>","protected":false},"excerpt":{"rendered":"<p>Dieses lustige DIY-Set ist das perfekte Geschenk zum Valentinstag oder Geburtstag. S\u00e4mtliches Material zur Kranzmontage wird von uns gestellt.<\/p>","protected":false},"featured_media":15912,"comment_status":"open","ping_status":"closed","template":"","meta":{"_acf_changed":false,"rs_blank_template":"","rs_page_bg_color":"","slide_template_v7":""},"product_brand":[],"product_cat":[164,162,158],"product_tag":[],"class_list":{"0":"post-15911","1":"product","2":"type-product","3":"status-publish","4":"has-post-thumbnail","6":"product_cat-diy","7":"product_cat-cadeaus","8":"product_cat-valentijnsdag","10":"first","11":"instock","12":"taxable","13":"shipping-taxable","14":"purchasable","15":"product-type-simple","16":"add-to-wishlist-after_add_to_cart"},"acf":[],"_links":{"self":[{"href":"https:\/\/airplantshop.nl\/de\/wp-json\/wp\/v2\/product\/15911","targetHints":{"allow":["GET"]}}],"collection":[{"href":"https:\/\/airplantshop.nl\/de\/wp-json\/wp\/v2\/product"}],"about":[{"href":"https:\/\/airplantshop.nl\/de\/wp-json\/wp\/v2\/types\/product"}],"replies":[{"embeddable":true,"href":"https:\/\/airplantshop.nl\/de\/wp-json\/wp\/v2\/comments?post=15911"}],"wp:featuredmedia":[{"embeddable":true,"href":"https:\/\/airplantshop.nl\/de\/wp-json\/wp\/v2\/media\/15912"}],"wp:attachment":[{"href":"https:\/\/airplantshop.nl\/de\/wp-json\/wp\/v2\/media?parent=15911"}],"wp:term":[{"taxonomy":"product_brand","embeddable":true,"href":"https:\/\/airplantshop.nl\/de\/wp-json\/wp\/v2\/product_brand?post=15911"},{"taxonomy":"product_cat","embeddable":true,"href":"https:\/\/airplantshop.nl\/de\/wp-json\/wp\/v2\/product_cat?post=15911"},{"taxonomy":"product_tag","embeddable":true,"href":"https:\/\/airplantshop.nl\/de\/wp-json\/wp\/v2\/product_tag?post=15911"}],"curies":[{"name":"wp","href":"https:\/\/api.w.org\/{rel}","templated":true}]}}